{"id":888,"date":"2018-08-08T16:00:28","date_gmt":"2018-08-08T14:00:28","guid":{"rendered":"https:\/\/www.domainemaisonblanche.ch\/produit\/aoc-mont-rolle-grand-cru-vin-one-vin-voile\/"},"modified":"2026-03-25T17:10:14","modified_gmt":"2026-03-25T16:10:14","slug":"aoc-mont-sur-rolle-grand-cru-savagnin-jaune-wein-unter-dem-schleier","status":"publish","type":"product","link":"http:\/\/www.domainemaisonblanche.ch\/de\/produit\/aoc-mont-sur-rolle-grand-cru-savagnin-jaune-wein-unter-dem-schleier\/","title":{"rendered":"AOC Mont-sur-Rolle Grand Cru, Savagnin jaune, \u00ab Wein unter dem Schleier \u00bb"},"content":{"rendered":"<h2>AOC Mont-sur-Rolle Grand Cru, Savagnin jaune, \u00ab Wein unter dem Schleier \u00bb<\/h2>\n<p>Wein aus Savagnin blanc Trauben (Heida) gewonnen, musste sechs Jahre und drei Monate im Fass reifen. W\u00e4hrend dieser Zeit durfte der Wein weder verkostet noch bewegt werden. Diese Spezialit\u00e4t aus dem franz\u00f6sischen Jura wird entweder verehrt oder gehasst. Die Herstellung kann als moderne Anti-\u00d6nologie bezeichnet werden, weil das Fass nicht ganz gef\u00fcllt wird und durch die Oxidation sich wilde Weinhefe entwickelt die sich als Schleier auf der Weinoberfl\u00e4che ausbreitet und damit den Wein vor Sauerstoff sch\u00fctzt.<\/p>\n<p>Lagerf\u00e4hig : unlimited.<br \/>\nTrinktemperatur : 13\u00b0C<\/p>\n<p>&nbsp;<\/p>\n<hr \/>\n<p>&nbsp;<\/p>\n<p><img decoding=\"async\" class=\" wp-image-5789\" src=\"http:\/\/www.domainemaisonblanche.ch\/wp-content\/uploads\/2018\/08\/the-wine-advocate-parker-domaine-maison-blanche-fotor-20250904205828.png\" alt=\"the-wine-advocate-parker-domaine-maison-blanche.jpg\" width=\"196\" height=\"196\" \/><\/p>\n<h3>The Wine Advocate<\/h3>\n<p>Note: RP 94<br \/>\nKritik von: Stephan Reinhardt<br \/>\nVerkaufspreis: Nicht bekannt gegeben<br \/>\nTrinkreife: 2025 \u2013 2075<\/p>\n<p>Die gold-bernsteinfarbene Robe des Savagnin Jaune \u00c9lev\u00e9 Sous Voile 2018 Mont-sur-Rolle Grand Cru stammt aus dem Clos d&#8217;Aspere Aubonne Grand Cru, wo er auf Kalkb\u00f6den biologisch angebaut wird. Der von Hand geerntete Wein wurde sechs Jahre und drei Monate lang in F\u00e4ssern \u201esous voile\u201d (unter einer Hefeschicht) gereift, um zu einem Savagnin Jaune zu werden.<\/p>\n<p>Die oxidative Nase ist sehr intensiv, aber klar definiert und elegant und offenbart einen dezenten Hauch von Eiche, begleitet von Aromen von Aprikose, Mango, Mokka und Haselnuss. Am Gaumen ist der Wein rund, sehr elegant und raffiniert: ein voller, intensiver, manchmal sogar feuriger Wein, sehr lang und komplex. Dieser Savagnin Jaune mit ausgepr\u00e4gter Salzigkeit erinnert an einen Lik\u00f6rwein mit einem bitteren Zitronen-Abgang.<\/p>\n<p>Feine Tannine und eine gewisse S\u00fc\u00dfe oder zumindest F\u00fclle machen ihn zu einem idealen Begleiter f\u00fcr K\u00e4se, Forelle oder Gefl\u00fcgel in einer Vin-Jaune-Sauce.<\/p>\n<p>Angegebener Alkoholgehalt: 13 %.<br \/>\nNaturkorken. Flasche mit 350 ml Inhalt.<br \/>\nBei einer Temperatur von etwa 13 \u00b0C (55 \u00b0F) servieren.<br \/>\nVerkostet im August 2025.<\/p>\n","protected":false},"excerpt":{"rendered":"<p>Der Wein begleitet K\u00e4se und wird ben\u00f6tigt um die weltbesten Saucen passend zu Gefl\u00fcgel, Morcheln oder Fisch zuzubereiten<\/p>\n<p>Lagerf\u00e4hig : unlimited.<br \/>\nTrinktemperatur : 13\u00b0C<\/p>\n<ul>\n<li>1 Flasche 35 cl = <strong>CHF 33.-<\/strong><\/li>\n<\/ul>\n","protected":false},"featured_media":5781,"comment_status":"open","ping_status":"closed","template":"","meta":{"_et_pb_use_builder":"","_et_pb_old_content":"","_et_gb_content_width":"","iawp_total_views":16},"product_brand":[],"product_cat":[1405],"product_tag":[],"class_list":{"0":"post-888","1":"product","2":"type-product","3":"status-publish","4":"has-post-thumbnail","6":"product_cat-suessweine-oxidativ-gereifte-weine","8":"first","9":"instock","10":"shipping-taxable","11":"purchasable","12":"product-type-simple"},"group_of_quantity":0,"min_quantity":0,"max_quantity":"","exclude_order_quantity_value_rules":"no","exclude_category_quantity_rules":"no","combine_variations":"no","yoast_head":"<!-- This site is optimized with the Yoast SEO plugin v26.8 - https:\/\/yoast.com\/product\/yoast-seo-wordpress\/ -->\n<title>AOC Mont-sur-Rolle Grand Cru, Savagnin jaune<\/title>\n<meta name=\"description\" content=\"Le vin \u00e9labor\u00e9 \u00e0 partir de raisins de Savagnin blanc (Heida) a d\u00fb vieillir pendant six ans et trois mois en barrique.\" \/>\n<meta name=\"robots\" content=\"index, follow, max-snippet:-1, max-image-preview:large, max-video-preview:-1\" \/>\n<link rel=\"canonical\" href=\"https:\/\/www.domainemaisonblanche.ch\/de\/produit\/aoc-mont-sur-rolle-grand-cru-savagnin-jaune-wein-unter-dem-schleier\/\" \/>\n<meta property=\"og:locale\" content=\"de_DE\" \/>\n<meta property=\"og:type\" content=\"article\" \/>\n<meta property=\"og:title\" content=\"AOC Mont-sur-Rolle Grand Cru, Savagnin jaune Domaine Maison Blanche\" \/>\n<meta property=\"og:description\" content=\"Le vin \u00e9labor\u00e9 \u00e0 partir de raisins de Savagnin blanc (Heida) a d\u00fb vieillir pendant six ans et trois mois en barrique.\" \/>\n<meta property=\"og:url\" content=\"https:\/\/www.domainemaisonblanche.ch\/de\/produit\/aoc-mont-sur-rolle-grand-cru-savagnin-jaune-wein-unter-dem-schleier\/\" \/>\n<meta property=\"og:site_name\" content=\"Domaine de Maison Blanche\" \/>\n<meta property=\"article:modified_time\" content=\"2026-03-25T16:10:14+00:00\" \/>\n<meta property=\"og:image\" content=\"https:\/\/www.domainemaisonblanche.ch\/wp-content\/uploads\/2018\/08\/savagnin-vin-jaune-maison-blanche-35cl-1.jpg\" \/>\n\t<meta property=\"og:image:width\" content=\"195\" \/>\n\t<meta property=\"og:image:height\" content=\"650\" \/>\n\t<meta property=\"og:image:type\" content=\"image\/jpeg\" \/>\n<meta name=\"twitter:card\" content=\"summary_large_image\" \/>\n<meta name=\"twitter:title\" content=\"AOC Mont-sur-Rolle Grand Cru, Savagnin jaune Domaine Maison Blanche\" \/>\n<meta name=\"twitter:description\" content=\"Le vin \u00e9labor\u00e9 \u00e0 partir de raisins de Savagnin blanc (Heida) a d\u00fb vieillir pendant six ans et trois mois en barrique.\" \/>\n<meta name=\"twitter:image\" content=\"http:\/\/www.domainemaisonblanche.ch\/wp-content\/uploads\/2018\/08\/savagnin-vin-jaune-maison-blanche-35cl-1.jpg\" \/>\n<meta name=\"twitter:label1\" content=\"Gesch\u00e4tzte Lesezeit\" \/>\n\t<meta name=\"twitter:data1\" content=\"2\u00a0Minuten\" \/>\n<script type=\"application\/ld+json\" class=\"yoast-schema-graph\">{\"@context\":\"https:\/\/schema.org\",\"@graph\":[{\"@type\":\"WebPage\",\"@id\":\"https:\/\/www.domainemaisonblanche.ch\/de\/produit\/aoc-mont-sur-rolle-grand-cru-savagnin-jaune-wein-unter-dem-schleier\/\",\"url\":\"https:\/\/www.domainemaisonblanche.ch\/de\/produit\/aoc-mont-sur-rolle-grand-cru-savagnin-jaune-wein-unter-dem-schleier\/\",\"name\":\"AOC Mont-sur-Rolle Grand Cru, Savagnin jaune\",\"isPartOf\":{\"@id\":\"https:\/\/www.domainemaisonblanche.ch\/#website\"},\"primaryImageOfPage\":{\"@id\":\"https:\/\/www.domainemaisonblanche.ch\/de\/produit\/aoc-mont-sur-rolle-grand-cru-savagnin-jaune-wein-unter-dem-schleier\/#primaryimage\"},\"image\":{\"@id\":\"https:\/\/www.domainemaisonblanche.ch\/de\/produit\/aoc-mont-sur-rolle-grand-cru-savagnin-jaune-wein-unter-dem-schleier\/#primaryimage\"},\"thumbnailUrl\":\"http:\/\/www.domainemaisonblanche.ch\/wp-content\/uploads\/2025\/09\/savagnin-vin-jaune-maison-blanche-35cl.jpg\",\"datePublished\":\"2018-08-08T14:00:28+00:00\",\"dateModified\":\"2026-03-25T16:10:14+00:00\",\"description\":\"Le vin \u00e9labor\u00e9 \u00e0 partir de raisins de Savagnin blanc (Heida) a d\u00fb vieillir pendant six ans et trois mois en barrique.\",\"breadcrumb\":{\"@id\":\"https:\/\/www.domainemaisonblanche.ch\/de\/produit\/aoc-mont-sur-rolle-grand-cru-savagnin-jaune-wein-unter-dem-schleier\/#breadcrumb\"},\"inLanguage\":\"de\",\"potentialAction\":[{\"@type\":\"ReadAction\",\"target\":[\"https:\/\/www.domainemaisonblanche.ch\/de\/produit\/aoc-mont-sur-rolle-grand-cru-savagnin-jaune-wein-unter-dem-schleier\/\"]}]},{\"@type\":\"ImageObject\",\"inLanguage\":\"de\",\"@id\":\"https:\/\/www.domainemaisonblanche.ch\/de\/produit\/aoc-mont-sur-rolle-grand-cru-savagnin-jaune-wein-unter-dem-schleier\/#primaryimage\",\"url\":\"http:\/\/www.domainemaisonblanche.ch\/wp-content\/uploads\/2025\/09\/savagnin-vin-jaune-maison-blanche-35cl.jpg\",\"contentUrl\":\"http:\/\/www.domainemaisonblanche.ch\/wp-content\/uploads\/2025\/09\/savagnin-vin-jaune-maison-blanche-35cl.jpg\",\"width\":195,\"height\":650,\"caption\":\"savagnin-vin-jaune-maison-blanche-35cl\"},{\"@type\":\"BreadcrumbList\",\"@id\":\"https:\/\/www.domainemaisonblanche.ch\/de\/produit\/aoc-mont-sur-rolle-grand-cru-savagnin-jaune-wein-unter-dem-schleier\/#breadcrumb\",\"itemListElement\":[{\"@type\":\"ListItem\",\"position\":1,\"name\":\"Accueil\",\"item\":\"https:\/\/www.domainemaisonblanche.ch\/de\/\"},{\"@type\":\"ListItem\",\"position\":2,\"name\":\"Gesch\u00e4ft\",\"item\":\"https:\/\/www.domainemaisonblanche.ch\/de\/boutique\/\"},{\"@type\":\"ListItem\",\"position\":3,\"name\":\"AOC Mont-sur-Rolle Grand Cru, Savagnin jaune, \u00ab Wein unter dem Schleier \u00bb\"}]},{\"@type\":\"WebSite\",\"@id\":\"https:\/\/www.domainemaisonblanche.ch\/#website\",\"url\":\"https:\/\/www.domainemaisonblanche.ch\/\",\"name\":\"Domaine de Maison Blanche\",\"description\":\"Le Chasselas dans tous ses \u00e9tats !\",\"publisher\":{\"@id\":\"https:\/\/www.domainemaisonblanche.ch\/#organization\"},\"potentialAction\":[{\"@type\":\"SearchAction\",\"target\":{\"@type\":\"EntryPoint\",\"urlTemplate\":\"https:\/\/www.domainemaisonblanche.ch\/?s={search_term_string}\"},\"query-input\":{\"@type\":\"PropertyValueSpecification\",\"valueRequired\":true,\"valueName\":\"search_term_string\"}}],\"inLanguage\":\"de\"},{\"@type\":\"Organization\",\"@id\":\"https:\/\/www.domainemaisonblanche.ch\/#organization\",\"name\":\"Domaine de Maison Blanche\",\"url\":\"https:\/\/www.domainemaisonblanche.ch\/\",\"logo\":{\"@type\":\"ImageObject\",\"inLanguage\":\"de\",\"@id\":\"https:\/\/www.domainemaisonblanche.ch\/#\/schema\/logo\/image\/\",\"url\":\"https:\/\/www.domainemaisonblanche.ch\/wp-content\/uploads\/2019\/03\/logo-maison-blanche.png\",\"contentUrl\":\"https:\/\/www.domainemaisonblanche.ch\/wp-content\/uploads\/2019\/03\/logo-maison-blanche.png\",\"width\":144,\"height\":144,\"caption\":\"Domaine de Maison Blanche\"},\"image\":{\"@id\":\"https:\/\/www.domainemaisonblanche.ch\/#\/schema\/logo\/image\/\"}}]}<\/script>\n<!-- \/ Yoast SEO plugin. -->","yoast_head_json":{"title":"AOC Mont-sur-Rolle Grand Cru, Savagnin jaune","description":"Le vin \u00e9labor\u00e9 \u00e0 partir de raisins de Savagnin blanc (Heida) a d\u00fb vieillir pendant six ans et trois mois en barrique.","robots":{"index":"index","follow":"follow","max-snippet":"max-snippet:-1","max-image-preview":"max-image-preview:large","max-video-preview":"max-video-preview:-1"},"canonical":"https:\/\/www.domainemaisonblanche.ch\/de\/produit\/aoc-mont-sur-rolle-grand-cru-savagnin-jaune-wein-unter-dem-schleier\/","og_locale":"de_DE","og_type":"article","og_title":"AOC Mont-sur-Rolle Grand Cru, Savagnin jaune Domaine Maison Blanche","og_description":"Le vin \u00e9labor\u00e9 \u00e0 partir de raisins de Savagnin blanc (Heida) a d\u00fb vieillir pendant six ans et trois mois en barrique.","og_url":"https:\/\/www.domainemaisonblanche.ch\/de\/produit\/aoc-mont-sur-rolle-grand-cru-savagnin-jaune-wein-unter-dem-schleier\/","og_site_name":"Domaine de Maison Blanche","article_modified_time":"2026-03-25T16:10:14+00:00","og_image":[{"width":195,"height":650,"url":"https:\/\/www.domainemaisonblanche.ch\/wp-content\/uploads\/2018\/08\/savagnin-vin-jaune-maison-blanche-35cl-1.jpg","type":"image\/jpeg"}],"twitter_card":"summary_large_image","twitter_title":"AOC Mont-sur-Rolle Grand Cru, Savagnin jaune Domaine Maison Blanche","twitter_description":"Le vin \u00e9labor\u00e9 \u00e0 partir de raisins de Savagnin blanc (Heida) a d\u00fb vieillir pendant six ans et trois mois en barrique.","twitter_image":"http:\/\/www.domainemaisonblanche.ch\/wp-content\/uploads\/2018\/08\/savagnin-vin-jaune-maison-blanche-35cl-1.jpg","twitter_misc":{"Gesch\u00e4tzte Lesezeit":"2\u00a0Minuten"},"schema":{"@context":"https:\/\/schema.org","@graph":[{"@type":"WebPage","@id":"https:\/\/www.domainemaisonblanche.ch\/de\/produit\/aoc-mont-sur-rolle-grand-cru-savagnin-jaune-wein-unter-dem-schleier\/","url":"https:\/\/www.domainemaisonblanche.ch\/de\/produit\/aoc-mont-sur-rolle-grand-cru-savagnin-jaune-wein-unter-dem-schleier\/","name":"AOC Mont-sur-Rolle Grand Cru, Savagnin jaune","isPartOf":{"@id":"https:\/\/www.domainemaisonblanche.ch\/#website"},"primaryImageOfPage":{"@id":"https:\/\/www.domainemaisonblanche.ch\/de\/produit\/aoc-mont-sur-rolle-grand-cru-savagnin-jaune-wein-unter-dem-schleier\/#primaryimage"},"image":{"@id":"https:\/\/www.domainemaisonblanche.ch\/de\/produit\/aoc-mont-sur-rolle-grand-cru-savagnin-jaune-wein-unter-dem-schleier\/#primaryimage"},"thumbnailUrl":"http:\/\/www.domainemaisonblanche.ch\/wp-content\/uploads\/2025\/09\/savagnin-vin-jaune-maison-blanche-35cl.jpg","datePublished":"2018-08-08T14:00:28+00:00","dateModified":"2026-03-25T16:10:14+00:00","description":"Le vin \u00e9labor\u00e9 \u00e0 partir de raisins de Savagnin blanc (Heida) a d\u00fb vieillir pendant six ans et trois mois en barrique.","breadcrumb":{"@id":"https:\/\/www.domainemaisonblanche.ch\/de\/produit\/aoc-mont-sur-rolle-grand-cru-savagnin-jaune-wein-unter-dem-schleier\/#breadcrumb"},"inLanguage":"de","potentialAction":[{"@type":"ReadAction","target":["https:\/\/www.domainemaisonblanche.ch\/de\/produit\/aoc-mont-sur-rolle-grand-cru-savagnin-jaune-wein-unter-dem-schleier\/"]}]},{"@type":"ImageObject","inLanguage":"de","@id":"https:\/\/www.domainemaisonblanche.ch\/de\/produit\/aoc-mont-sur-rolle-grand-cru-savagnin-jaune-wein-unter-dem-schleier\/#primaryimage","url":"http:\/\/www.domainemaisonblanche.ch\/wp-content\/uploads\/2025\/09\/savagnin-vin-jaune-maison-blanche-35cl.jpg","contentUrl":"http:\/\/www.domainemaisonblanche.ch\/wp-content\/uploads\/2025\/09\/savagnin-vin-jaune-maison-blanche-35cl.jpg","width":195,"height":650,"caption":"savagnin-vin-jaune-maison-blanche-35cl"},{"@type":"BreadcrumbList","@id":"https:\/\/www.domainemaisonblanche.ch\/de\/produit\/aoc-mont-sur-rolle-grand-cru-savagnin-jaune-wein-unter-dem-schleier\/#breadcrumb","itemListElement":[{"@type":"ListItem","position":1,"name":"Accueil","item":"https:\/\/www.domainemaisonblanche.ch\/de\/"},{"@type":"ListItem","position":2,"name":"Gesch\u00e4ft","item":"https:\/\/www.domainemaisonblanche.ch\/de\/boutique\/"},{"@type":"ListItem","position":3,"name":"AOC Mont-sur-Rolle Grand Cru, Savagnin jaune, \u00ab Wein unter dem Schleier \u00bb"}]},{"@type":"WebSite","@id":"https:\/\/www.domainemaisonblanche.ch\/#website","url":"https:\/\/www.domainemaisonblanche.ch\/","name":"Domaine de Maison Blanche","description":"Le Chasselas dans tous ses \u00e9tats !","publisher":{"@id":"https:\/\/www.domainemaisonblanche.ch\/#organization"},"potentialAction":[{"@type":"SearchAction","target":{"@type":"EntryPoint","urlTemplate":"https:\/\/www.domainemaisonblanche.ch\/?s={search_term_string}"},"query-input":{"@type":"PropertyValueSpecification","valueRequired":true,"valueName":"search_term_string"}}],"inLanguage":"de"},{"@type":"Organization","@id":"https:\/\/www.domainemaisonblanche.ch\/#organization","name":"Domaine de Maison Blanche","url":"https:\/\/www.domainemaisonblanche.ch\/","logo":{"@type":"ImageObject","inLanguage":"de","@id":"https:\/\/www.domainemaisonblanche.ch\/#\/schema\/logo\/image\/","url":"https:\/\/www.domainemaisonblanche.ch\/wp-content\/uploads\/2019\/03\/logo-maison-blanche.png","contentUrl":"https:\/\/www.domainemaisonblanche.ch\/wp-content\/uploads\/2019\/03\/logo-maison-blanche.png","width":144,"height":144,"caption":"Domaine de Maison Blanche"},"image":{"@id":"https:\/\/www.domainemaisonblanche.ch\/#\/schema\/logo\/image\/"}}]}},"_links":{"self":[{"href":"http:\/\/www.domainemaisonblanche.ch\/de\/wp-json\/wp\/v2\/product\/888","targetHints":{"allow":["GET"]}}],"collection":[{"href":"http:\/\/www.domainemaisonblanche.ch\/de\/wp-json\/wp\/v2\/product"}],"about":[{"href":"http:\/\/www.domainemaisonblanche.ch\/de\/wp-json\/wp\/v2\/types\/product"}],"replies":[{"embeddable":true,"href":"http:\/\/www.domainemaisonblanche.ch\/de\/wp-json\/wp\/v2\/comments?post=888"}],"wp:featuredmedia":[{"embeddable":true,"href":"http:\/\/www.domainemaisonblanche.ch\/de\/wp-json\/wp\/v2\/media\/5781"}],"wp:attachment":[{"href":"http:\/\/www.domainemaisonblanche.ch\/de\/wp-json\/wp\/v2\/media?parent=888"}],"wp:term":[{"taxonomy":"product_brand","embeddable":true,"href":"http:\/\/www.domainemaisonblanche.ch\/de\/wp-json\/wp\/v2\/product_brand?post=888"},{"taxonomy":"product_cat","embeddable":true,"href":"http:\/\/www.domainemaisonblanche.ch\/de\/wp-json\/wp\/v2\/product_cat?post=888"},{"taxonomy":"product_tag","embeddable":true,"href":"http:\/\/www.domainemaisonblanche.ch\/de\/wp-json\/wp\/v2\/product_tag?post=888"}],"curies":[{"name":"wp","href":"https:\/\/api.w.org\/{rel}","templated":true}]}}