{"id":2274,"date":"2018-01-22T23:03:15","date_gmt":"2018-01-22T23:03:15","guid":{"rendered":"https:\/\/www.domainemaisonblanche.ch\/le-domaine-de-maison-blanche\/"},"modified":"2026-03-25T18:34:18","modified_gmt":"2026-03-25T17:34:18","slug":"le-domaine-de-maison-blanche","status":"publish","type":"page","link":"https:\/\/www.domainemaisonblanche.ch\/de\/le-domaine-de-maison-blanche\/","title":{"rendered":"Domaine de Maison Blanche"},"content":{"rendered":"<p>[et_pb_section fb_built=&#8221;1&#8243; fullwidth=&#8221;on&#8221; _builder_version=&#8221;3.22&#8243; global_colors_info=&#8221;{}&#8221;][et_pb_fullwidth_header title=&#8221;Domaine de Maison Blanche&#8221; admin_label=&#8221;Fullwidth Header &#8211; background image 1920 x 800px&#8221; module_class=&#8221;dd-fixed-bg&#8221; _builder_version=&#8221;3.19.18&#8243; title_font=&#8221;Alex Brush||||||||&#8221; title_text_align=&#8221;center&#8221; title_font_size=&#8221;60px&#8221; subhead_text_align=&#8221;center&#8221; background_color=&#8221;rgba(255, 255, 255, 0)&#8221; background_image=&#8221;http:\/\/www.domainemaisonblanche.ch\/wp-content\/uploads\/2018\/10\/le-domaine-de-maison-blanche-mont-sur-rolle.jpg&#8221; global_colors_info=&#8221;{}&#8221; button_one_text_size__hover_enabled=&#8221;off&#8221; button_one_text_size__hover=&#8221;null&#8221; button_two_text_size__hover_enabled=&#8221;off&#8221; button_two_text_size__hover=&#8221;null&#8221; button_one_text_color__hover_enabled=&#8221;off&#8221; button_one_text_color__hover=&#8221;null&#8221; button_two_text_color__hover_enabled=&#8221;off&#8221; button_two_text_color__hover=&#8221;null&#8221; button_one_border_width__hover_enabled=&#8221;off&#8221; button_one_border_width__hover=&#8221;null&#8221; button_two_border_width__hover_enabled=&#8221;off&#8221; button_two_border_width__hover=&#8221;null&#8221; button_one_border_color__hover_enabled=&#8221;off&#8221; button_one_border_color__hover=&#8221;null&#8221; button_two_border_color__hover_enabled=&#8221;off&#8221; button_two_border_color__hover=&#8221;null&#8221; button_one_border_radius__hover_enabled=&#8221;off&#8221; button_one_border_radius__hover=&#8221;null&#8221; button_two_border_radius__hover_enabled=&#8221;off&#8221; button_two_border_radius__hover=&#8221;null&#8221; button_one_letter_spacing__hover_enabled=&#8221;off&#8221; button_one_letter_spacing__hover=&#8221;null&#8221; button_two_letter_spacing__hover_enabled=&#8221;off&#8221; button_two_letter_spacing__hover=&#8221;null&#8221; button_one_bg_color__hover_enabled=&#8221;off&#8221; button_one_bg_color__hover=&#8221;null&#8221; button_two_bg_color__hover_enabled=&#8221;off&#8221; button_two_bg_color__hover=&#8221;null&#8221;][\/et_pb_fullwidth_header][\/et_pb_section][et_pb_section fb_built=&#8221;1&#8243; _builder_version=&#8221;3.22&#8243; global_colors_info=&#8221;{}&#8221;][et_pb_row module_class=&#8221;dd-intro-para&#8221; _builder_version=&#8221;3.25&#8243; global_colors_info=&#8221;{}&#8221;][et_pb_column type=&#8221;4_4&#8243; _builder_version=&#8221;3.25&#8243; custom_padding=&#8221;|||&#8221; global_colors_info=&#8221;{}&#8221; custom_padding__hover=&#8221;|||&#8221;][et_pb_text admin_label=&#8221;Titre &#8211; paragraphe introduction&#8221; module_class=&#8221;dd-intro-text&#8221; _builder_version=&#8221;4.4.1&#8243; text_font_size=&#8221;20px&#8221; text_line_height=&#8221;1.8em&#8221; header_2_font=&#8221;|||on|||||&#8221; header_2_text_align=&#8221;center&#8221; header_2_line_height=&#8221;2em&#8221; text_orientation=&#8221;center&#8221; module_alignment=&#8221;center&#8221; custom_padding=&#8221;|100px||100px&#8221; custom_padding_tablet=&#8221;&#8221; custom_padding_phone=&#8221;|0px||0px&#8221; custom_padding_last_edited=&#8221;on|phone&#8221; global_colors_info=&#8221;{}&#8221;]<\/p>\n<h2>\u00ab Der Chasselas in all seinen Varianten \u00bb<\/h2>\n<p>K\u00f6nig auf dem Weingut ist der Chasselas. Diese im Genfersee-Becken historische Rebsorte wird in jeder erdenklichen Art und Weise verarbeitet: \u00abDer Chasselas in allen Auspr\u00e4gungen\u00bb!<\/p>\n<hr>\n<p>[\/et_pb_text][\/et_pb_column][\/et_pb_row][et_pb_row column_structure=&#8221;1_2,1_2&#8243; use_custom_gutter=&#8221;on&#8221; gutter_width=&#8221;1&#8243; make_equal=&#8221;on&#8221; custom_padding_last_edited=&#8221;off|phone&#8221; module_class=&#8221;dd-centered dd-row-reverse&#8221; _builder_version=&#8221;3.25&#8243; global_colors_info=&#8221;{}&#8221;][et_pb_column type=&#8221;1_2&#8243; _builder_version=&#8221;3.25&#8243; background_color=&#8221;#ffffff&#8221; custom_padding=&#8221;|100px||&#8221; custom_padding_tablet=&#8221;|50px||&#8221; custom_padding_phone=&#8221;|0px||&#8221; custom_padding_last_edited=&#8221;on|phone&#8221; global_colors_info=&#8221;{}&#8221; custom_padding__hover=&#8221;|||&#8221;][et_pb_text _builder_version=&#8221;4.10.7&#8243; header_font=&#8221;|||on|||||&#8221; header_line_height=&#8221;1.7em&#8221; header_2_font=&#8221;|||on|||||&#8221; header_2_font_size=&#8221;22px&#8221; header_2_line_height=&#8221;1.9em&#8221; header_3_font_size=&#8221;20px&#8221; header_3_line_height=&#8221;1.6em&#8221; hover_enabled=&#8221;0&#8243; z_index_tablet=&#8221;500&#8243; global_colors_info=&#8221;{}&#8221; sticky_enabled=&#8221;0&#8243;]<\/p>\n<h2>Das \u00abMaison Blanche\u00bb GESTERN<\/h2>\n<p>Die Familie de Mestral stammt urspr\u00fcnglich aus Savoyen von der gegen\u00fcberliegenden Seeseite. Sie hat sich im 13. Jahrhundert in Mont niedergelassen. Erstmals schriftlich erw\u00e4hnt wurde das Familien-geschlecht im Jahre 1248.<\/p>\n<p>Zu dieser Zeit geh\u00f6rte Mont zum Herzogtum Savoyen und Pierre de Mestral war Hauptmann der Burg, die Ludwig von Savoyen besass. Das Wei\u00dfe Haus, erbaut im 13. Jahrhundert, war zun\u00e4chst ein befestigtes Haus, das als Salzlager und Garnison genutzt wurde. Jean, Kommandeur eines Bataillons im Dienst von Franz I., erwarb es 1528. Von da an blieb das Haus im Familienbesitz. Im Herbst 1985 \u00fcbernahm Yves de Mestral das Weingut, welches damals 4 Hektar umfasste und wurde erster Winzer der Familie.<\/p>\n<h3>Die Domaine de maison Blanche heute<\/h3>\n<p>Im Laufe der Jahre durch K\u00e4ufe und Pacht vergr\u00f6\u00dfert, ist die Fl\u00e4che des Anwesens auf 10 Hektar angewachsen. Haupts\u00e4chlich bestehend aus der typischen Waadtl\u00e4nder Rebsorte, dem Chasselas. Yves und Antoine de Mestral haben Spa\u00df daran, mit ihm zu spielen, indem sie ihn auf jede erdenkliche Weise vinifizieren: Chasselas in all seinen Auspr\u00e4gungen!<\/p>\n<p>Weitere beliebte Rebsorten wie Viognier und Savagnin Blanc, oder Gamay, Pinot Noir, Malbec, Mondeuse, Merlot, Cabernet Sauvignon und Franc erg\u00e4nzen das Angebot.<\/p>\n<p>Die meisten dieser Weine werden in gebrauchten F\u00e4ssern ausgebaut, um eine harmonische Reifung zu gew\u00e4hrleisten. Die Philosophie des Hauses ist es, trinkfertige Weine zu verkaufen, welche je nach Sorte, mehrere Jahre Lagerung ben\u00f6tigen. Diese zus\u00e4tzliche Pflege beeinflusst abschliessend den Verkaufspreis.<\/p>\n<p>Die Pflege des Weinbergs ist ein st\u00e4ndiger Entwicklungsprozess: Es gilt nicht nur die Auflagen von Vinatura und Vitiswiss zu ber\u00fccksichtigen, das heisst auf den Einsatz von Herbiziden zu verzichten, sondern weitere Massnahmen im Einklang von Natur und Umwelt zu verwirklichen.[\/et_pb_text][\/et_pb_column][et_pb_column type=&#8221;1_2&#8243; _builder_version=&#8221;3.25&#8243; background_color=&#8221;#ffffff&#8221; custom_padding=&#8221;|||&#8221; global_colors_info=&#8221;{}&#8221; custom_padding__hover=&#8221;|||&#8221;][et_pb_slider show_image_video_mobile=&#8221;on&#8221; _builder_version=&#8221;3.19.18&#8243; custom_margin=&#8221;||20px|&#8221; global_colors_info=&#8221;{}&#8221; button_text_size__hover_enabled=&#8221;off&#8221; button_text_size__hover=&#8221;null&#8221; button_one_text_size__hover_enabled=&#8221;off&#8221; button_one_text_size__hover=&#8221;null&#8221; button_two_text_size__hover_enabled=&#8221;off&#8221; button_two_text_size__hover=&#8221;null&#8221; button_text_color__hover_enabled=&#8221;off&#8221; button_text_color__hover=&#8221;null&#8221; button_one_text_color__hover_enabled=&#8221;off&#8221; button_one_text_color__hover=&#8221;null&#8221; button_two_text_color__hover_enabled=&#8221;off&#8221; button_two_text_color__hover=&#8221;null&#8221; button_border_width__hover_enabled=&#8221;off&#8221; button_border_width__hover=&#8221;null&#8221; button_one_border_width__hover_enabled=&#8221;off&#8221; button_one_border_width__hover=&#8221;null&#8221; button_two_border_width__hover_enabled=&#8221;off&#8221; button_two_border_width__hover=&#8221;null&#8221; button_border_color__hover_enabled=&#8221;off&#8221; button_border_color__hover=&#8221;null&#8221; button_one_border_color__hover_enabled=&#8221;off&#8221; button_one_border_color__hover=&#8221;null&#8221; button_two_border_color__hover_enabled=&#8221;off&#8221; button_two_border_color__hover=&#8221;null&#8221; button_border_radius__hover_enabled=&#8221;off&#8221; button_border_radius__hover=&#8221;null&#8221; button_one_border_radius__hover_enabled=&#8221;off&#8221; button_one_border_radius__hover=&#8221;null&#8221; button_two_border_radius__hover_enabled=&#8221;off&#8221; button_two_border_radius__hover=&#8221;null&#8221; button_letter_spacing__hover_enabled=&#8221;off&#8221; button_letter_spacing__hover=&#8221;null&#8221; button_one_letter_spacing__hover_enabled=&#8221;off&#8221; button_one_letter_spacing__hover=&#8221;null&#8221; button_two_letter_spacing__hover_enabled=&#8221;off&#8221; button_two_letter_spacing__hover=&#8221;null&#8221; button_bg_color__hover_enabled=&#8221;off&#8221; button_bg_color__hover=&#8221;null&#8221; button_one_bg_color__hover_enabled=&#8221;off&#8221; button_one_bg_color__hover=&#8221;null&#8221; button_two_bg_color__hover_enabled=&#8221;off&#8221; button_two_bg_color__hover=&#8221;null&#8221;][et_pb_slide heading=&#8221;Yves de Mestral Domaine de Maison Blanche&#8221; image=&#8221;http:\/\/www.domainemaisonblanche.ch\/wp-content\/uploads\/2018\/08\/yves-de-mestral-domaine-maison-banche.jpg&#8221; use_bg_overlay=&#8221;off&#8221; use_text_overlay=&#8221;off&#8221; _builder_version=&#8221;3.19.18&#8243; button_on_hover=&#8221;on&#8221; global_colors_info=&#8221;{}&#8221; sticky_transition=&#8221;on&#8221;]Seit dreissig Jahren hat Yves de Mestral verschiedene Rebsorten angepflanzt und daraus mit viel Leidenschaft Weine produziert. Die meisten Weine werden so ausgebaut, dass sie bereits nach dem Kauf genussbereit sind.<br \/>\n[\/et_pb_slide][\/et_pb_slider][\/et_pb_column][\/et_pb_row][et_pb_row column_structure=&#8221;1_2,1_2&#8243; use_custom_gutter=&#8221;on&#8221; gutter_width=&#8221;1&#8243; make_equal=&#8221;on&#8221; custom_padding_last_edited=&#8221;off|phone&#8221; module_class=&#8221;dd-centered dd-row-reverse&#8221; _builder_version=&#8221;3.25&#8243; global_colors_info=&#8221;{}&#8221;][et_pb_column type=&#8221;1_2&#8243; _builder_version=&#8221;3.25&#8243; background_color=&#8221;#ffffff&#8221; custom_padding=&#8221;|100px||&#8221; custom_padding_tablet=&#8221;|50px||&#8221; custom_padding_phone=&#8221;|0px||&#8221; custom_padding_last_edited=&#8221;on|phone&#8221; global_colors_info=&#8221;{}&#8221; custom_padding__hover=&#8221;|||&#8221;][et_pb_image src=&#8221;http:\/\/www.domainemaisonblanche.ch\/wp-content\/uploads\/2019\/04\/association-suisse-des-vignerons-encaveurs-domaine-maison-blanche.jpg&#8221; url=&#8221;http:\/\/www.asve.net\/Deutsch\/index_D.htm&#8221; url_new_window=&#8221;on&#8221; align_tablet=&#8221;center&#8221; align_phone=&#8221;&#8221; align_last_edited=&#8221;on|desktop&#8221; _builder_version=&#8221;3.23&#8243; custom_margin=&#8221;25px|||&#8221; z_index_tablet=&#8221;500&#8243; global_colors_info=&#8221;{}&#8221;][\/et_pb_image][\/et_pb_column][et_pb_column type=&#8221;1_2&#8243; _builder_version=&#8221;3.25&#8243; background_color=&#8221;#ffffff&#8221; custom_padding=&#8221;|||&#8221; global_colors_info=&#8221;{}&#8221; custom_padding__hover=&#8221;|||&#8221;][et_pb_text _builder_version=&#8221;4.10.7&#8243; header_font=&#8221;|||on|||||&#8221; header_line_height=&#8221;1.7em&#8221; header_2_font=&#8221;|||on|||||&#8221; header_2_font_size=&#8221;22px&#8221; header_2_line_height=&#8221;1.9em&#8221; header_3_font_size=&#8221;20px&#8221; header_3_line_height=&#8221;1.6em&#8221; hover_enabled=&#8221;0&#8243; z_index_tablet=&#8221;500&#8243; global_colors_info=&#8221;{}&#8221; sticky_enabled=&#8221;0&#8243;]<\/p>\n<h3>Mitglied der Vereinigung \u00ab<a href=\"http:\/\/www.asve.net\/Deutsch\/index_D.htm\" rel=\"noopener noreferrer\" target=\"_blank\">Selbsteinkellernde Schweizer Weinbauern<\/a>\u00bb.<\/h3>\n<p>Was ist selbsteinkellernder Schweizer Weinbauer? Der selbsteinkellernde Weinbauer kellert, wie der Name sagt, die Ernte in seinem eigenen Keller ein. Er k\u00fcmmert sich mit Sorgfalt um das Wachstum seiner Reben und pflegt den Wein mit Hingabe. Er ist der Handwerker, welcher sich bei Eintritt in diese Vereinigung verpflichtet hat, nur seinen eigenen Wein aus seinen eigenen Reben zu produzieren. Mit viel Liebe hegt und pflegt er seine Reben. Sein oberstes Ziel ist es, den Kunden mit seinem Wein Genuss und Freude zu bereiten.<br \/>\n[\/et_pb_text][\/et_pb_column][\/et_pb_row][et_pb_row use_custom_gutter=&#8221;on&#8221; gutter_width=&#8221;1&#8243; _builder_version=&#8221;3.25&#8243; global_colors_info=&#8221;{}&#8221;][et_pb_column type=&#8221;4_4&#8243; _builder_version=&#8221;3.25&#8243; custom_padding=&#8221;|||&#8221; global_colors_info=&#8221;{}&#8221; custom_padding__hover=&#8221;|||&#8221;][et_pb_divider show_divider=&#8221;off&#8221; _builder_version=&#8221;3.22.4&#8243; z_index_tablet=&#8221;500&#8243; global_colors_info=&#8221;{}&#8221;][\/et_pb_divider][\/et_pb_column][\/et_pb_row][et_pb_row use_custom_gutter=&#8221;on&#8221; gutter_width=&#8221;1&#8243; _builder_version=&#8221;3.25&#8243; global_colors_info=&#8221;{}&#8221;][et_pb_column type=&#8221;4_4&#8243; _builder_version=&#8221;3.25&#8243; custom_padding=&#8221;|||&#8221; global_colors_info=&#8221;{}&#8221; custom_padding__hover=&#8221;|||&#8221;][et_pb_gallery gallery_ids=&#8221;961,965,1505,1508,1514,1517,1520,1575&#8243; gallery_orderby=&#8221;rand&#8221; posts_number=&#8221;8&#8243; show_title_and_caption=&#8221;off&#8221; show_pagination=&#8221;off&#8221; zoom_icon_color=&#8221;#2ea3f2&#8243; _builder_version=&#8221;3.14&#8243; pagination_font_size_tablet=&#8221;51&#8243; pagination_line_height_tablet=&#8221;2&#8243; global_colors_info=&#8221;{}&#8221; db_image_max_width_tablet=&#8221;51&#8243; db_image_max_height_tablet=&#8221;501&#8243; db_image_row_spacing_tablet=&#8221;51&#8243;][\/et_pb_gallery][\/et_pb_column][\/et_pb_row][\/et_pb_section]<\/p>\n","protected":false},"excerpt":{"rendered":"<p>\u00ab Der Chasselas in all seinen Varianten \u00bb K\u00f6nig auf dem Weingut ist der Chasselas. Diese im Genfersee-Becken historische Rebsorte wird in jeder erdenklichen Art und Weise verarbeitet: \u00abDer Chasselas in allen Auspr\u00e4gungen\u00bb! Das \u00abMaison Blanche\u00bb GESTERN Die Familie de Mestral stammt urspr\u00fcnglich aus Savoyen von der gegen\u00fcberliegenden Seeseite. Sie hat sich im 13. Jahrhundert [&hellip;]<\/p>\n","protected":false},"author":3,"featured_media":0,"parent":0,"menu_order":0,"comment_status":"closed","ping_status":"closed","template":"","meta":{"_et_pb_use_builder":"on","_et_pb_old_content":"","_et_gb_content_width":"","iawp_total_views":84,"footnotes":""},"class_list":["post-2274","page","type-page","status-publish","hentry"],"yoast_head":"<!-- This site is optimized with the Yoast SEO plugin v26.8 - https:\/\/yoast.com\/product\/yoast-seo-wordpress\/ -->\n<title>Kontaktieren Sie uns... Domaine de Maison Blanche<\/title>\n<meta name=\"description\" content=\"Schreiben Sie uns ... Fordern Sie einen Termin in der Domaine an. Samstagnachmittag und Sonntag geschlossen - Tel. 079 204 18 72\" \/>\n<meta name=\"robots\" content=\"index, follow, max-snippet:-1, max-image-preview:large, max-video-preview:-1\" \/>\n<link rel=\"canonical\" href=\"http:\/\/www.domainemaisonblanche.ch\/de\/le-domaine-de-maison-blanche\/\" \/>\n<meta property=\"og:locale\" content=\"de_DE\" \/>\n<meta property=\"og:type\" content=\"article\" \/>\n<meta property=\"og:title\" content=\"Kontaktieren Sie uns... Domaine de Maison Blanche\" \/>\n<meta property=\"og:description\" content=\"Schreiben Sie uns ... Fordern Sie einen Termin in der Domaine an. Samstagnachmittag und Sonntag geschlossen - Tel. 079 204 18 72\" \/>\n<meta property=\"og:url\" content=\"http:\/\/www.domainemaisonblanche.ch\/de\/le-domaine-de-maison-blanche\/\" \/>\n<meta property=\"og:site_name\" content=\"Domaine de Maison Blanche\" \/>\n<meta property=\"article:modified_time\" content=\"2026-03-25T17:34:18+00:00\" \/>\n<meta name=\"twitter:card\" content=\"summary_large_image\" \/>\n<meta name=\"twitter:label1\" content=\"Gesch\u00e4tzte Lesezeit\" \/>\n\t<meta name=\"twitter:data1\" content=\"8\u00a0Minuten\" \/>\n<script type=\"application\/ld+json\" class=\"yoast-schema-graph\">{\"@context\":\"https:\/\/schema.org\",\"@graph\":[{\"@type\":\"WebPage\",\"@id\":\"http:\/\/www.domainemaisonblanche.ch\/de\/le-domaine-de-maison-blanche\/\",\"url\":\"http:\/\/www.domainemaisonblanche.ch\/de\/le-domaine-de-maison-blanche\/\",\"name\":\"Kontaktieren Sie uns... Domaine de Maison Blanche\",\"isPartOf\":{\"@id\":\"https:\/\/www.domainemaisonblanche.ch\/en\/#website\"},\"datePublished\":\"2018-01-22T23:03:15+00:00\",\"dateModified\":\"2026-03-25T17:34:18+00:00\",\"description\":\"Schreiben Sie uns ... Fordern Sie einen Termin in der Domaine an. Samstagnachmittag und Sonntag geschlossen - Tel. 079 204 18 72\",\"breadcrumb\":{\"@id\":\"http:\/\/www.domainemaisonblanche.ch\/de\/le-domaine-de-maison-blanche\/#breadcrumb\"},\"inLanguage\":\"de\",\"potentialAction\":[{\"@type\":\"ReadAction\",\"target\":[\"http:\/\/www.domainemaisonblanche.ch\/de\/le-domaine-de-maison-blanche\/\"]}]},{\"@type\":\"BreadcrumbList\",\"@id\":\"http:\/\/www.domainemaisonblanche.ch\/de\/le-domaine-de-maison-blanche\/#breadcrumb\",\"itemListElement\":[{\"@type\":\"ListItem\",\"position\":1,\"name\":\"Accueil\",\"item\":\"http:\/\/www.domainemaisonblanche.ch\/de\/\"},{\"@type\":\"ListItem\",\"position\":2,\"name\":\"Domaine de Maison Blanche\"}]},{\"@type\":\"WebSite\",\"@id\":\"https:\/\/www.domainemaisonblanche.ch\/en\/#website\",\"url\":\"https:\/\/www.domainemaisonblanche.ch\/en\/\",\"name\":\"Domaine de Maison Blanche\",\"description\":\"Le Chasselas dans tous ses \u00e9tats !\",\"publisher\":{\"@id\":\"https:\/\/www.domainemaisonblanche.ch\/en\/#organization\"},\"potentialAction\":[{\"@type\":\"SearchAction\",\"target\":{\"@type\":\"EntryPoint\",\"urlTemplate\":\"https:\/\/www.domainemaisonblanche.ch\/en\/?s={search_term_string}\"},\"query-input\":{\"@type\":\"PropertyValueSpecification\",\"valueRequired\":true,\"valueName\":\"search_term_string\"}}],\"inLanguage\":\"de\"},{\"@type\":\"Organization\",\"@id\":\"https:\/\/www.domainemaisonblanche.ch\/en\/#organization\",\"name\":\"Domaine de Maison Blanche\",\"url\":\"https:\/\/www.domainemaisonblanche.ch\/en\/\",\"logo\":{\"@type\":\"ImageObject\",\"inLanguage\":\"de\",\"@id\":\"https:\/\/www.domainemaisonblanche.ch\/en\/#\/schema\/logo\/image\/\",\"url\":\"https:\/\/www.domainemaisonblanche.ch\/wp-content\/uploads\/2019\/03\/logo-maison-blanche.png\",\"contentUrl\":\"https:\/\/www.domainemaisonblanche.ch\/wp-content\/uploads\/2019\/03\/logo-maison-blanche.png\",\"width\":144,\"height\":144,\"caption\":\"Domaine de Maison Blanche\"},\"image\":{\"@id\":\"https:\/\/www.domainemaisonblanche.ch\/en\/#\/schema\/logo\/image\/\"}}]}<\/script>\n<!-- \/ Yoast SEO plugin. -->","yoast_head_json":{"title":"Kontaktieren Sie uns... Domaine de Maison Blanche","description":"Schreiben Sie uns ... Fordern Sie einen Termin in der Domaine an. Samstagnachmittag und Sonntag geschlossen - Tel. 079 204 18 72","robots":{"index":"index","follow":"follow","max-snippet":"max-snippet:-1","max-image-preview":"max-image-preview:large","max-video-preview":"max-video-preview:-1"},"canonical":"http:\/\/www.domainemaisonblanche.ch\/de\/le-domaine-de-maison-blanche\/","og_locale":"de_DE","og_type":"article","og_title":"Kontaktieren Sie uns... Domaine de Maison Blanche","og_description":"Schreiben Sie uns ... Fordern Sie einen Termin in der Domaine an. Samstagnachmittag und Sonntag geschlossen - Tel. 079 204 18 72","og_url":"http:\/\/www.domainemaisonblanche.ch\/de\/le-domaine-de-maison-blanche\/","og_site_name":"Domaine de Maison Blanche","article_modified_time":"2026-03-25T17:34:18+00:00","twitter_card":"summary_large_image","twitter_misc":{"Gesch\u00e4tzte Lesezeit":"8\u00a0Minuten"},"schema":{"@context":"https:\/\/schema.org","@graph":[{"@type":"WebPage","@id":"http:\/\/www.domainemaisonblanche.ch\/de\/le-domaine-de-maison-blanche\/","url":"http:\/\/www.domainemaisonblanche.ch\/de\/le-domaine-de-maison-blanche\/","name":"Kontaktieren Sie uns... Domaine de Maison Blanche","isPartOf":{"@id":"https:\/\/www.domainemaisonblanche.ch\/en\/#website"},"datePublished":"2018-01-22T23:03:15+00:00","dateModified":"2026-03-25T17:34:18+00:00","description":"Schreiben Sie uns ... Fordern Sie einen Termin in der Domaine an. Samstagnachmittag und Sonntag geschlossen - Tel. 079 204 18 72","breadcrumb":{"@id":"http:\/\/www.domainemaisonblanche.ch\/de\/le-domaine-de-maison-blanche\/#breadcrumb"},"inLanguage":"de","potentialAction":[{"@type":"ReadAction","target":["http:\/\/www.domainemaisonblanche.ch\/de\/le-domaine-de-maison-blanche\/"]}]},{"@type":"BreadcrumbList","@id":"http:\/\/www.domainemaisonblanche.ch\/de\/le-domaine-de-maison-blanche\/#breadcrumb","itemListElement":[{"@type":"ListItem","position":1,"name":"Accueil","item":"http:\/\/www.domainemaisonblanche.ch\/de\/"},{"@type":"ListItem","position":2,"name":"Domaine de Maison Blanche"}]},{"@type":"WebSite","@id":"https:\/\/www.domainemaisonblanche.ch\/en\/#website","url":"https:\/\/www.domainemaisonblanche.ch\/en\/","name":"Domaine de Maison Blanche","description":"Le Chasselas dans tous ses \u00e9tats !","publisher":{"@id":"https:\/\/www.domainemaisonblanche.ch\/en\/#organization"},"potentialAction":[{"@type":"SearchAction","target":{"@type":"EntryPoint","urlTemplate":"https:\/\/www.domainemaisonblanche.ch\/en\/?s={search_term_string}"},"query-input":{"@type":"PropertyValueSpecification","valueRequired":true,"valueName":"search_term_string"}}],"inLanguage":"de"},{"@type":"Organization","@id":"https:\/\/www.domainemaisonblanche.ch\/en\/#organization","name":"Domaine de Maison Blanche","url":"https:\/\/www.domainemaisonblanche.ch\/en\/","logo":{"@type":"ImageObject","inLanguage":"de","@id":"https:\/\/www.domainemaisonblanche.ch\/en\/#\/schema\/logo\/image\/","url":"https:\/\/www.domainemaisonblanche.ch\/wp-content\/uploads\/2019\/03\/logo-maison-blanche.png","contentUrl":"https:\/\/www.domainemaisonblanche.ch\/wp-content\/uploads\/2019\/03\/logo-maison-blanche.png","width":144,"height":144,"caption":"Domaine de Maison Blanche"},"image":{"@id":"https:\/\/www.domainemaisonblanche.ch\/en\/#\/schema\/logo\/image\/"}}]}},"_links":{"self":[{"href":"https:\/\/www.domainemaisonblanche.ch\/de\/wp-json\/wp\/v2\/pages\/2274","targetHints":{"allow":["GET"]}}],"collection":[{"href":"https:\/\/www.domainemaisonblanche.ch\/de\/wp-json\/wp\/v2\/pages"}],"about":[{"href":"https:\/\/www.domainemaisonblanche.ch\/de\/wp-json\/wp\/v2\/types\/page"}],"author":[{"embeddable":true,"href":"https:\/\/www.domainemaisonblanche.ch\/de\/wp-json\/wp\/v2\/users\/3"}],"replies":[{"embeddable":true,"href":"https:\/\/www.domainemaisonblanche.ch\/de\/wp-json\/wp\/v2\/comments?post=2274"}],"version-history":[{"count":6,"href":"https:\/\/www.domainemaisonblanche.ch\/de\/wp-json\/wp\/v2\/pages\/2274\/revisions"}],"predecessor-version":[{"id":6015,"href":"https:\/\/www.domainemaisonblanche.ch\/de\/wp-json\/wp\/v2\/pages\/2274\/revisions\/6015"}],"wp:attachment":[{"href":"https:\/\/www.domainemaisonblanche.ch\/de\/wp-json\/wp\/v2\/media?parent=2274"}],"curies":[{"name":"wp","href":"https:\/\/api.w.org\/{rel}","templated":true}]}}