{"id":2377,"date":"2018-06-17T13:49:11","date_gmt":"2018-06-17T11:49:11","guid":{"rendered":"https:\/\/www.domainemaisonblanche.ch\/politique-de-confidentialite\/"},"modified":"2026-03-25T18:34:08","modified_gmt":"2026-03-25T17:34:08","slug":"datenschutzrichtlinie","status":"publish","type":"page","link":"https:\/\/www.domainemaisonblanche.ch\/de\/datenschutzrichtlinie\/","title":{"rendered":"Datenschutzrichtlinie"},"content":{"rendered":"<p>[et_pb_section bb_built=&#8221;1&#8243;][et_pb_row][et_pb_column type=&#8221;4_4&#8243;][et_pb_text admin_label=&#8221;Titre&#8221; _builder_version=&#8221;3.19.18&#8243;]<\/p>\n<h1 style=\"text-align: center;\">Schutz pers\u00f6nlicher Daten<\/h1>\n<p>&nbsp;<\/p>\n<p>&nbsp;<\/p>\n<p>[\/et_pb_text][et_pb_text _builder_version=&#8221;3.19.18&#8243;]<\/p>\n<blockquote>\n<p style=\"text-align: left;\">Der Domaine de Maison Blanche legt gro\u00dfen Wert auf den Schutz der Privatsph\u00e4re und insbesondere auf den Datenschutz. Wir verarbeiten die eingegebenen Daten mit gr\u00f6\u00dfter Sorgfalt und halten die Bestimmungen der schweizerischen Gesetzgebung zum Schutz personenbezogener Daten ein. Diese Erkl\u00e4rung zum Datenschutz kann von Domaine de Maison Blanche jederzeit ge\u00e4ndert werden. Wir bitten Sie, diese regelm\u00e4\u00dfig zu konsultieren.<\/p>\n<\/blockquote>\n<p>\u00a0<\/p>\n<h3>Erhebung Ihrer pers\u00f6nlichen Daten<\/h3>\n<p>\u00a0<\/p>\n<p>Die Domaine de Maison Blanche sammelt pers\u00f6nliche Informationen, die Sie angeben, wenn Sie ein Konto erstellen, ein Produkt auf der Website kaufen, die Website durchsuchen und Produkte anzeigen ein Sternchen Zus\u00e4tzlich zu den absichtlich eingegebenen Informationen werden einige Daten automatisch w\u00e4hrend Ihres Browsens erfasst.<\/p>\n<p>\u00a0<\/p>\n<h3>Verwendung personenbezogener Daten<\/h3>\n<p>\u00a0<\/p>\n<p>Personenbezogene Daten werden f\u00fcr die ordnungsgem\u00e4\u00dfe Durchf\u00fchrung des Gesch\u00e4ftsvorgangs sowie f\u00fcr Marketingzwecke erfasst und vertraulich behandelt. Nur die f\u00fcr die Abwicklung Ihrer Bestellungen erforderlichen Informationen werden bei uns registriert. Ihre personenbezogenen Daten werden nicht an Dritte weitergegeben, es sei denn, eine rechtliche Verpflichtung dazu besteht oder die Ausf\u00fchrung Ihrer Bestellung erfordert die Verwendung einer solchen unserer Partnerdienstleister (Zahlungsanbieter, Spediteure, Kreditpr\u00fcfungsanbieter).<\/p>\n<p>\u00a0<\/p>\n<h3>Korrektur Ihrer pers\u00f6nlichen Daten<\/h3>\n<p>\u00a0<\/p>\n<p>Von Ihrem Konto aus k\u00f6nnen Sie Ihre pers\u00f6nlichen Daten jederzeit aktualisieren. Wenn Sie ein Konto erstellt haben und das Konto schlie\u00dfen m\u00f6chten, senden Sie uns bitte eine E-Mail an <a href=\"mailto:info@domainemaisonblanche.ch\">info@domainemaisonblanche.ch<\/a> oder per E-Mail an folgende Adresse: Domaine de Maison Blanche, Chemin de Maison Blanche 29, 1185 Mont-sur-Rolle. Dadurch werden Ihre personenbezogenen Daten in dem Umfang gel\u00f6scht, in dem sie nicht gesetzlich gesch\u00fctzt sind.<\/p>\n<p>\u00a0<\/p>\n<h3>Zahlungssicherheit<\/h3>\n<p>\u00a0<\/p>\n<p>Die Erfassung und \u00dcbermittlung Ihrer Kreditkartendaten erfolgt immer verschl\u00fcsselt. Durch die Verwendung der SSL-Verschl\u00fcsselungstechnologie (Secure Socket Layer) wird sichergestellt, dass Ihre Daten vor dem Zugriff von au\u00dfen gesch\u00fctzt sind. In der Maison Blanche-Dom\u00e4ne werden keine Daten zu Ihrer Karte verarbeitet oder registriert. Ihre Daten werden direkt \u00fcber unseren sicheren E-Finance-Partner PostFinance (PostFinance MasterCard Visa E-Finance Twint) und Paypal verarbeitet.<\/p>\n<p>\u00a0<\/p>\n<h3>Verwendung von Cookies<\/h3>\n<p>\u00a0<\/p>\n<p>Diese Website benutzt Google Analytics, einen von Google Inc. bereitgestellten Website-Analysedienst. Google Analytics verwendet Cookies, Textdateien, die auf Ihrem Computer gespeichert werden, um der Website eine Analyse der Nutzung der Website durch ihre Nutzer zu erm\u00f6glichen . Die durch den Cookie erzeugten Informationen \u00fcber Ihre Benutzung dieser Website (einschlie\u00dflich Ihrer IP-Adresse) werden an einen Server von Google in den USA \u00fcbertragen und dort gespeichert. Google wird diese Informationen benutzen, um Ihre Nutzung der Website auszuwerten, um Reports \u00fcber die Websiteaktivit\u00e4ten f\u00fcr ihren Herausgeber zusammenzustellen und um weitere mit der Websiteaktivit\u00e4ten und der Nutzung der Website verbundene Dienstleistungen zu erbringen. Internet. Google wird diese Daten gegebenenfalls an Dritte weitergeben, wenn eine rechtliche Verpflichtung besteht oder wenn diese Dritten diese Daten im Auftrag von Google verarbeiten, einschlie\u00dflich, aber nicht beschr\u00e4nkt auf den Herausgeber dieser Website. Google wird Ihre IP-Adresse nicht mit anderen Daten von Google in Verbindung bringen. Sie k\u00f6nnen die Verwendung von Cookies deaktivieren, indem Sie in Ihrem Browser die entsprechenden Einstellungen ausw\u00e4hlen. Eine solche Deaktivierung kann jedoch die Verwendung bestimmter Funktionen dieser Website verhindern. Durch die Nutzung dieser Website stimmen Sie der Verarbeitung Ihrer personenbezogenen Daten durch Google unter den oben genannten Bedingungen und zu den zuvor genannten Zwecken ausdr\u00fccklich zu.<\/p>\n<p>[\/et_pb_text][\/et_pb_column][\/et_pb_row][\/et_pb_section]<\/p>\n","protected":false},"excerpt":{"rendered":"<p><div class=\"et_pb_row et_pb_row_0 et_pb_row_empty\">\n\t\t\t\t\n\t\t\t\t\n\t\t\t\t\n\t\t\t\t\n\t\t\t\t\n\t\t\t<\/div> Schutz pers\u00f6nlicher Daten &nbsp; &nbsp; Der Domaine de Maison Blanche legt gro\u00dfen Wert auf den Schutz der Privatsph\u00e4re und insbesondere auf den Datenschutz. Wir verarbeiten die eingegebenen Daten mit gr\u00f6\u00dfter Sorgfalt und halten die Bestimmungen der schweizerischen Gesetzgebung zum Schutz personenbezogener Daten ein. Diese Erkl\u00e4rung zum Datenschutz kann von Domaine de Maison Blanche jederzeit [&hellip;]<\/p>\n","protected":false},"author":3,"featured_media":0,"parent":0,"menu_order":0,"comment_status":"closed","ping_status":"closed","template":"","meta":{"_et_pb_use_builder":"on","_et_pb_old_content":"<h2>Qui sommes-nous\u00a0?<\/h2><p>L\u2019adresse de notre site Web est\u00a0: https:\/\/www.domainemaisonblanche.ch.<\/p><h2>Utilisation des donn\u00e9es personnelles collect\u00e9es<\/h2><h3>Commentaires<\/h3><p>Quand vous laissez un commentaire sur notre site web, les donn\u00e9es inscrites dans le formulaire de commentaire, mais aussi votre adresse IP et l\u2019agent utilisateur de votre navigateur sont collect\u00e9s pour nous aider \u00e0 la d\u00e9tection des commentaires ind\u00e9sirables.<\/p><p>Une cha\u00eene anonymis\u00e9e cr\u00e9\u00e9e \u00e0 partir de votre adresse de messagerie (\u00e9galement appel\u00e9e hash) peut \u00eatre envoy\u00e9e au service Gravatar pour v\u00e9rifier si vous utilisez ce dernier. Les clauses de confidentialit\u00e9 du service Gravatar sont disponibles ici\u00a0: https:\/\/automattic.com\/privacy\/. Apr\u00e8s validation de votre commentaire, votre photo de profil sera visible publiquement \u00e0 cot\u00e9 de votre commentaire.<\/p><h3>M\u00e9dias<\/h3><p>Si vous \u00eates un utilisateur ou une utilisatrice enregistr\u00e9\u00b7e et que vous t\u00e9l\u00e9versez des images sur le site web, nous vous conseillons d\u2019\u00e9viter de t\u00e9l\u00e9verser des images contenant des donn\u00e9es EXIF de coordonn\u00e9es GPS. Les visiteurs de votre site web peuvent t\u00e9l\u00e9charger et extraire des donn\u00e9es de localisation depuis ces images.<\/p><h3>Formulaires de contact<\/h3><h3>Cookies<\/h3><p>Si vous d\u00e9posez un commentaire sur notre site, il vous sera propos\u00e9 d\u2019enregistrer votre nom, adresse de messagerie et site web dans des cookies. C\u2019est uniquement pour votre confort afin de ne pas avoir \u00e0 saisir ces informations si vous d\u00e9posez un autre commentaire plus tard. Ces cookies expirent au bout d\u2019un an.<\/p><p>Si vous avez un compte et que vous vous connectez sur ce site, un cookie temporaire sera cr\u00e9\u00e9 afin de d\u00e9terminer si votre navigateur accepte les cookies. Il ne contient pas de donn\u00e9es personnelles et sera supprim\u00e9 automatiquement \u00e0 la fermeture de votre navigateur.<\/p><p>Lorsque vous vous connecterez, nous mettrons en place un certain nombre de cookies pour enregistrer vos informations de connexion et vos pr\u00e9f\u00e9rences d\u2019\u00e9cran. La dur\u00e9e de vie d\u2019un cookie de connexion est de deux jours, celle d\u2019un cookie d\u2019option d\u2019\u00e9cran est d\u2019un an. Si vous cochez \u00ab\u00a0Se souvenir de moi\u00a0\u00bb, votre cookie de connexion sera conserv\u00e9 pendant deux semaines. Si vous vous d\u00e9connectez de votre compte, le cookie de connexion sera effac\u00e9.<\/p><p>En modifiant ou en publiant un article, un cookie suppl\u00e9mentaire sera enregistr\u00e9 dans votre navigateur. Ce cookie ne comprend aucune donn\u00e9e personnelle. Il indique simplement l\u2019identifiant de l\u2019article que vous venez de modifier. Il expire au bout d\u2019un jour.<\/p><h3>Contenu embarqu\u00e9 depuis d\u2019autres sites<\/h3><p>Les articles de ce site peuvent inclure des contenus int\u00e9gr\u00e9s (par exemple des vid\u00e9os, images, articles\u2026). Le contenu int\u00e9gr\u00e9 depuis d\u2019autres sites se comporte de la m\u00eame mani\u00e8re que si le visiteur se rendait sur cet autre site.<\/p><p>Ces sites web pourraient collecter des donn\u00e9es sur vous, utiliser des cookies, embarquer des outils de suivis tiers, suivre vos interactions avec ces contenus embarqu\u00e9s si vous disposez d\u2019un compte connect\u00e9 sur leur site web.<\/p><h3>Statistiques et mesures d\u2019audience<\/h3><h2>Utilisation et transmission de vos donn\u00e9es personnelles<\/h2><h2>Dur\u00e9es de stockage de vos donn\u00e9es<\/h2><p>Si vous laissez un commentaire, le commentaire et ses m\u00e9tadonn\u00e9es sont conserv\u00e9s ind\u00e9finiment. Cela permet de reconna\u00eetre et approuver automatiquement les commentaires suivants au lieu de les laisser dans la file de mod\u00e9ration.<\/p><p>Pour les utilisateurs et utilisatrices qui s\u2019enregistrent sur notre site (si cela est possible), nous stockons \u00e9galement les donn\u00e9es personnelles indiqu\u00e9es dans leur profil. Tous les utilisateurs et utilisatrices peuvent voir, modifier ou supprimer leurs informations personnelles \u00e0 tout moment (\u00e0 l\u2019exception de leur nom d\u2019utilisateur\u00b7ice). Les gestionnaires du site peuvent aussi voir et modifier ces informations.<\/p><h2>Les droits que vous avez sur vos donn\u00e9es<\/h2><p>Si vous avez un compte ou si vous avez laiss\u00e9 des commentaires sur le site, vous pouvez demander \u00e0 recevoir un fichier contenant toutes les donn\u00e9es personnelles que nous poss\u00e9dons \u00e0 votre sujet, incluant celles que vous nous avez fournies. Vous pouvez \u00e9galement demander la suppression des donn\u00e9es personnelles vous concernant. Cela ne prend pas en compte les donn\u00e9es stock\u00e9es \u00e0 des fins administratives, l\u00e9gales ou pour des raisons de s\u00e9curit\u00e9.<\/p><h2>Transmission de vos donn\u00e9es personnelles<\/h2><p>Les commentaires des visiteurs peuvent \u00eatre v\u00e9rifi\u00e9s \u00e0 l\u2019aide d\u2019un service automatis\u00e9 de d\u00e9tection des commentaires ind\u00e9sirables.<\/p><h2>Informations de contact<\/h2><h2>Informations suppl\u00e9mentaires<\/h2><h3>Comment nous prot\u00e9geons vos donn\u00e9es<\/h3><h3>Proc\u00e9dures mises en \u0153uvre en cas de fuite de donn\u00e9es<\/h3><h3>Les services tiers qui nous transmettent des donn\u00e9es<\/h3><h3>Op\u00e9rations de marketing automatis\u00e9 et\/ou de profilage r\u00e9alis\u00e9es \u00e0 l\u2019aide des donn\u00e9es personnelles<\/h3><h3>Affichage des informations li\u00e9es aux secteurs soumis \u00e0 des r\u00e9gulations sp\u00e9cifiques<\/h3>","_et_gb_content_width":"","iawp_total_views":3,"footnotes":""},"class_list":["post-2377","page","type-page","status-publish","hentry"],"yoast_head":"<!-- This site is optimized with the Yoast SEO plugin v26.8 - https:\/\/yoast.com\/product\/yoast-seo-wordpress\/ -->\n<title>Datenschutzrichtlinie - Domaine de Maison Blanche<\/title>\n<meta name=\"robots\" content=\"noindex, nofollow\" \/>\n<meta property=\"og:locale\" content=\"de_DE\" \/>\n<meta property=\"og:type\" content=\"article\" \/>\n<meta property=\"og:title\" content=\"Datenschutzrichtlinie - Domaine de Maison Blanche\" \/>\n<meta property=\"og:url\" content=\"https:\/\/www.domainemaisonblanche.ch\/de\/datenschutzrichtlinie\/\" \/>\n<meta property=\"og:site_name\" content=\"Domaine de Maison Blanche\" \/>\n<meta property=\"article:modified_time\" content=\"2026-03-25T17:34:08+00:00\" \/>\n<meta name=\"twitter:card\" content=\"summary_large_image\" \/>\n<meta name=\"twitter:label1\" content=\"Gesch\u00e4tzte Lesezeit\" \/>\n\t<meta name=\"twitter:data1\" content=\"3\u00a0Minuten\" \/>\n<script type=\"application\/ld+json\" class=\"yoast-schema-graph\">{\"@context\":\"https:\/\/schema.org\",\"@graph\":[{\"@type\":\"WebPage\",\"@id\":\"https:\/\/www.domainemaisonblanche.ch\/de\/datenschutzrichtlinie\/\",\"url\":\"https:\/\/www.domainemaisonblanche.ch\/de\/datenschutzrichtlinie\/\",\"name\":\"Datenschutzrichtlinie - Domaine de Maison Blanche\",\"isPartOf\":{\"@id\":\"https:\/\/www.domainemaisonblanche.ch\/#website\"},\"datePublished\":\"2018-06-17T11:49:11+00:00\",\"dateModified\":\"2026-03-25T17:34:08+00:00\",\"breadcrumb\":{\"@id\":\"https:\/\/www.domainemaisonblanche.ch\/de\/datenschutzrichtlinie\/#breadcrumb\"},\"inLanguage\":\"de\",\"potentialAction\":[{\"@type\":\"ReadAction\",\"target\":[\"https:\/\/www.domainemaisonblanche.ch\/de\/datenschutzrichtlinie\/\"]}]},{\"@type\":\"BreadcrumbList\",\"@id\":\"https:\/\/www.domainemaisonblanche.ch\/de\/datenschutzrichtlinie\/#breadcrumb\",\"itemListElement\":[{\"@type\":\"ListItem\",\"position\":1,\"name\":\"Accueil\",\"item\":\"https:\/\/www.domainemaisonblanche.ch\/de\/\"},{\"@type\":\"ListItem\",\"position\":2,\"name\":\"Datenschutzrichtlinie\"}]},{\"@type\":\"WebSite\",\"@id\":\"https:\/\/www.domainemaisonblanche.ch\/#website\",\"url\":\"https:\/\/www.domainemaisonblanche.ch\/\",\"name\":\"Domaine de Maison Blanche\",\"description\":\"Le Chasselas dans tous ses \u00e9tats !\",\"publisher\":{\"@id\":\"https:\/\/www.domainemaisonblanche.ch\/#organization\"},\"potentialAction\":[{\"@type\":\"SearchAction\",\"target\":{\"@type\":\"EntryPoint\",\"urlTemplate\":\"https:\/\/www.domainemaisonblanche.ch\/?s={search_term_string}\"},\"query-input\":{\"@type\":\"PropertyValueSpecification\",\"valueRequired\":true,\"valueName\":\"search_term_string\"}}],\"inLanguage\":\"de\"},{\"@type\":\"Organization\",\"@id\":\"https:\/\/www.domainemaisonblanche.ch\/#organization\",\"name\":\"Domaine de Maison Blanche\",\"url\":\"https:\/\/www.domainemaisonblanche.ch\/\",\"logo\":{\"@type\":\"ImageObject\",\"inLanguage\":\"de\",\"@id\":\"https:\/\/www.domainemaisonblanche.ch\/#\/schema\/logo\/image\/\",\"url\":\"https:\/\/www.domainemaisonblanche.ch\/wp-content\/uploads\/2019\/03\/logo-maison-blanche.png\",\"contentUrl\":\"https:\/\/www.domainemaisonblanche.ch\/wp-content\/uploads\/2019\/03\/logo-maison-blanche.png\",\"width\":144,\"height\":144,\"caption\":\"Domaine de Maison Blanche\"},\"image\":{\"@id\":\"https:\/\/www.domainemaisonblanche.ch\/#\/schema\/logo\/image\/\"}}]}<\/script>\n<!-- \/ Yoast SEO plugin. -->","yoast_head_json":{"title":"Datenschutzrichtlinie - Domaine de Maison Blanche","robots":{"index":"noindex","follow":"nofollow"},"og_locale":"de_DE","og_type":"article","og_title":"Datenschutzrichtlinie - Domaine de Maison Blanche","og_url":"https:\/\/www.domainemaisonblanche.ch\/de\/datenschutzrichtlinie\/","og_site_name":"Domaine de Maison Blanche","article_modified_time":"2026-03-25T17:34:08+00:00","twitter_card":"summary_large_image","twitter_misc":{"Gesch\u00e4tzte Lesezeit":"3\u00a0Minuten"},"schema":{"@context":"https:\/\/schema.org","@graph":[{"@type":"WebPage","@id":"https:\/\/www.domainemaisonblanche.ch\/de\/datenschutzrichtlinie\/","url":"https:\/\/www.domainemaisonblanche.ch\/de\/datenschutzrichtlinie\/","name":"Datenschutzrichtlinie - Domaine de Maison Blanche","isPartOf":{"@id":"https:\/\/www.domainemaisonblanche.ch\/#website"},"datePublished":"2018-06-17T11:49:11+00:00","dateModified":"2026-03-25T17:34:08+00:00","breadcrumb":{"@id":"https:\/\/www.domainemaisonblanche.ch\/de\/datenschutzrichtlinie\/#breadcrumb"},"inLanguage":"de","potentialAction":[{"@type":"ReadAction","target":["https:\/\/www.domainemaisonblanche.ch\/de\/datenschutzrichtlinie\/"]}]},{"@type":"BreadcrumbList","@id":"https:\/\/www.domainemaisonblanche.ch\/de\/datenschutzrichtlinie\/#breadcrumb","itemListElement":[{"@type":"ListItem","position":1,"name":"Accueil","item":"https:\/\/www.domainemaisonblanche.ch\/de\/"},{"@type":"ListItem","position":2,"name":"Datenschutzrichtlinie"}]},{"@type":"WebSite","@id":"https:\/\/www.domainemaisonblanche.ch\/#website","url":"https:\/\/www.domainemaisonblanche.ch\/","name":"Domaine de Maison Blanche","description":"Le Chasselas dans tous ses \u00e9tats !","publisher":{"@id":"https:\/\/www.domainemaisonblanche.ch\/#organization"},"potentialAction":[{"@type":"SearchAction","target":{"@type":"EntryPoint","urlTemplate":"https:\/\/www.domainemaisonblanche.ch\/?s={search_term_string}"},"query-input":{"@type":"PropertyValueSpecification","valueRequired":true,"valueName":"search_term_string"}}],"inLanguage":"de"},{"@type":"Organization","@id":"https:\/\/www.domainemaisonblanche.ch\/#organization","name":"Domaine de Maison Blanche","url":"https:\/\/www.domainemaisonblanche.ch\/","logo":{"@type":"ImageObject","inLanguage":"de","@id":"https:\/\/www.domainemaisonblanche.ch\/#\/schema\/logo\/image\/","url":"https:\/\/www.domainemaisonblanche.ch\/wp-content\/uploads\/2019\/03\/logo-maison-blanche.png","contentUrl":"https:\/\/www.domainemaisonblanche.ch\/wp-content\/uploads\/2019\/03\/logo-maison-blanche.png","width":144,"height":144,"caption":"Domaine de Maison Blanche"},"image":{"@id":"https:\/\/www.domainemaisonblanche.ch\/#\/schema\/logo\/image\/"}}]}},"_links":{"self":[{"href":"https:\/\/www.domainemaisonblanche.ch\/de\/wp-json\/wp\/v2\/pages\/2377","targetHints":{"allow":["GET"]}}],"collection":[{"href":"https:\/\/www.domainemaisonblanche.ch\/de\/wp-json\/wp\/v2\/pages"}],"about":[{"href":"https:\/\/www.domainemaisonblanche.ch\/de\/wp-json\/wp\/v2\/types\/page"}],"author":[{"embeddable":true,"href":"https:\/\/www.domainemaisonblanche.ch\/de\/wp-json\/wp\/v2\/users\/3"}],"replies":[{"embeddable":true,"href":"https:\/\/www.domainemaisonblanche.ch\/de\/wp-json\/wp\/v2\/comments?post=2377"}],"version-history":[{"count":1,"href":"https:\/\/www.domainemaisonblanche.ch\/de\/wp-json\/wp\/v2\/pages\/2377\/revisions"}],"predecessor-version":[{"id":6000,"href":"https:\/\/www.domainemaisonblanche.ch\/de\/wp-json\/wp\/v2\/pages\/2377\/revisions\/6000"}],"wp:attachment":[{"href":"https:\/\/www.domainemaisonblanche.ch\/de\/wp-json\/wp\/v2\/media?parent=2377"}],"curies":[{"name":"wp","href":"https:\/\/api.w.org\/{rel}","templated":true}]}}