{"id":2379,"date":"2018-08-11T22:00:59","date_gmt":"2018-08-11T20:00:59","guid":{"rendered":"https:\/\/www.domainemaisonblanche.ch\/conditions-generales-de-vente\/"},"modified":"2026-03-25T18:33:59","modified_gmt":"2026-03-25T17:33:59","slug":"allgemeine-verkaufsbedingungen","status":"publish","type":"page","link":"https:\/\/www.domainemaisonblanche.ch\/de\/allgemeine-verkaufsbedingungen\/","title":{"rendered":"Allgemeine Verkaufsbedingungen"},"content":{"rendered":"<p>[et_pb_section bb_built=&#8221;1&#8243; inner_width=&#8221;auto&#8221; inner_max_width=&#8221;none&#8221;][et_pb_row][et_pb_column type=&#8221;4_4&#8243;][et_pb_text _builder_version=&#8221;3.22.4&#8243; text_text_shadow_horizontal_length=&#8221;text_text_shadow_style,%91object Object%93&#8243; text_text_shadow_vertical_length=&#8221;text_text_shadow_style,%91object Object%93&#8243; text_text_shadow_blur_strength=&#8221;text_text_shadow_style,%91object Object%93&#8243; link_text_shadow_horizontal_length=&#8221;link_text_shadow_style,%91object Object%93&#8243; link_text_shadow_vertical_length=&#8221;link_text_shadow_style,%91object Object%93&#8243; link_text_shadow_blur_strength=&#8221;link_text_shadow_style,%91object Object%93&#8243; ul_text_shadow_horizontal_length=&#8221;ul_text_shadow_style,%91object Object%93&#8243; ul_text_shadow_vertical_length=&#8221;ul_text_shadow_style,%91object Object%93&#8243; ul_text_shadow_blur_strength=&#8221;ul_text_shadow_style,%91object Object%93&#8243; ol_text_shadow_horizontal_length=&#8221;ol_text_shadow_style,%91object Object%93&#8243; ol_text_shadow_vertical_length=&#8221;ol_text_shadow_style,%91object Object%93&#8243; ol_text_shadow_blur_strength=&#8221;ol_text_shadow_style,%91object Object%93&#8243; quote_text_shadow_horizontal_length=&#8221;quote_text_shadow_style,%91object Object%93&#8243; quote_text_shadow_vertical_length=&#8221;quote_text_shadow_style,%91object Object%93&#8243; quote_text_shadow_blur_strength=&#8221;quote_text_shadow_style,%91object Object%93&#8243; header_text_shadow_horizontal_length=&#8221;header_text_shadow_style,%91object Object%93&#8243; header_text_shadow_vertical_length=&#8221;header_text_shadow_style,%91object Object%93&#8243; header_text_shadow_blur_strength=&#8221;header_text_shadow_style,%91object Object%93&#8243; header_2_text_shadow_horizontal_length=&#8221;header_2_text_shadow_style,%91object Object%93&#8243; header_2_text_shadow_vertical_length=&#8221;header_2_text_shadow_style,%91object Object%93&#8243; header_2_text_shadow_blur_strength=&#8221;header_2_text_shadow_style,%91object Object%93&#8243; header_3_text_shadow_horizontal_length=&#8221;header_3_text_shadow_style,%91object Object%93&#8243; header_3_text_shadow_vertical_length=&#8221;header_3_text_shadow_style,%91object Object%93&#8243; header_3_text_shadow_blur_strength=&#8221;header_3_text_shadow_style,%91object Object%93&#8243; header_4_text_shadow_horizontal_length=&#8221;header_4_text_shadow_style,%91object Object%93&#8243; header_4_text_shadow_vertical_length=&#8221;header_4_text_shadow_style,%91object Object%93&#8243; header_4_text_shadow_blur_strength=&#8221;header_4_text_shadow_style,%91object Object%93&#8243; header_5_text_shadow_horizontal_length=&#8221;header_5_text_shadow_style,%91object Object%93&#8243; header_5_text_shadow_vertical_length=&#8221;header_5_text_shadow_style,%91object Object%93&#8243; header_5_text_shadow_blur_strength=&#8221;header_5_text_shadow_style,%91object Object%93&#8243; header_6_text_shadow_horizontal_length=&#8221;header_6_text_shadow_style,%91object Object%93&#8243; header_6_text_shadow_vertical_length=&#8221;header_6_text_shadow_style,%91object Object%93&#8243; header_6_text_shadow_blur_strength=&#8221;header_6_text_shadow_style,%91object Object%93&#8243; z_index_tablet=&#8221;500&#8243;]<\/p>\n<h1>Allgemeine Verkaufsbedingungen<\/h1>\n<p>&nbsp;<\/p>\n<h2>VERTRAGSABSCHLUSS<\/h2>\n<p>Der Vertrag tritt mit dem Eintreffen der Bestellung beim Weingut Maison Blanche in Kraft. Bis zur vollst\u00e4ndigen Bezahlung der Lieferung inklusive der eventuellen Transportkosten, bleibt die Ware Eigentum des Verk\u00e4ufers.<\/p>\n<p>&nbsp;<\/p>\n<h3>VERKAUF<\/h3>\n<p>Preis- und Jahrgangs\u00e4nderungen bleiben vorbehalten.<\/p>\n<p>&nbsp;<\/p>\n<h3>PREISE<\/h3>\n<p>In Schweizer Franken inklusive 7,7% Mwst.<\/p>\n<p>&nbsp;<\/p>\n<h3>LIEFERUNG IN DER SCHWEIZ<\/h3>\n<p>Die Lieferung in der Schweiz erfolgt pro Verpackungseinheit. Ab einem Bestellwert von Fr. 600.- erfolgt die Lieferung gratis franko Domizil. Bei einem Bestellwert unter Fr. 500.\u2014werden die Kosten aufgrund der Bestellsumme durch den online-shop direkt berechnet.<\/p>\n<p>&nbsp;<\/p>\n<h3>LIEFERUNG INS AUSLAND<\/h3>\n<p>Versand, Verpackung, Mehrwertsteuer und Zoll extra (auf Anfrage).<\/p>\n<p>\ud83d\udca1 Im Allgemeinen ist es vorteilhafter, mit unseren Wiederverk\u00e4ufern in Ihrer N\u00e4he Kontakt aufzunehmen. <a href=\"https:\/\/www.domainemaisonblanche.ch\/partenaires\/\">Liste finden Sie hier<\/a>&#8230;<\/p>\n<p>Per E-Mail: info@domainemaisonblanche.ch<br \/>\nTelefon: +41 (0) 79 204 18 72<br \/>\nFax: +41 (0) 21 825 47 72<\/p>\n<p>&nbsp;<\/p>\n<h3>VERPACKUNGEN<\/h3>\n<p>Wir f\u00fchren alle Bestellungen aus, welche einer Verpackungseinheit entsprechen. Ab einem Bestellbetrag von Fr. 500.\u2014 erfolgt die Lieferung franko Domizil. Bei einer Bestellung unter Fr. 500.\u2014 werden die effektiven Transportkosten verrechnet.<br \/>\nWir verpacken Ihre Bestellung optimal, um die Transportkosten m\u00f6glichst zu minimieren.<\/p>\n<p>&nbsp;<\/p>\n<h3>MENGENRABATT<\/h3>\n<p>Ab einem Bestellwert von Fr. 600.- ist die Lieferung gratis.<\/p>\n<p>&nbsp;<\/p>\n<h3>ZAHLUNGSM\u00d6GLICHKEITEN SCHWEIZ<\/h3>\n<p>Bei Bestellungen im on-line-Shop sind folgende Zahlungsm\u00f6glichkeiten akzeptiert:<\/p>\n<p>MasterCard, Visa, Postfinance card, e-finance, Twint und Paypal.<\/p>\n<p>&nbsp;<\/p>\n<h3>ZAHLUNGSM\u00d6GLICHKEITEN EXPORT INS AUSLAND<\/h3>\n<p>Die Bezahlung hat mit der Bestellung zu erfolgen.<\/p>\n<p>&nbsp;<\/p>\n<h3>JUGENDSCHUTZ<\/h3>\n<p>Gem\u00e4ss Europ\u00e4ischem und Schweizer Recht ist der Verkauf von alkoholischen Getr\u00e4nken an Personen unter 18 Jahren verboten. Mit Ihrer Bestellung best\u00e4tigen Sie, dass Sie diese Bestimmungen beachten und berechtigt sind, alkoholische Getr\u00e4nke zu kaufen.<\/p>\n<p>&nbsp;<\/p>\n<h3>DATENSCHUTZ<\/h3>\n<p>Es werden nur Daten gespeichert die notwendig sind, um die Bestellung auszuf\u00fchren, oder den Bestellprozess f\u00fcr den Kunden zu vereinfachen. Die Kundendaten werden gem\u00e4ss der schweizerischen Gesetzgebung vertraulich behandelt. Informationen werden weder an Dritte verkauft noch weitergeleitet. Sensible Daten werden verschl\u00fcsselt \u00fcbermittelt (Anfragen f\u00fcr Zahlungen auf Kredit). Kunden erhalten Informationen vom Maison Blanche entweder per Post oder auf elektronischem Weg. Die Angaben der Kunden werden vertraulich behandelt und nicht f\u00fcr Spam-Zwecke missbraucht.<\/p>\n<p>&nbsp;<\/p>\n<h3>ANNULLATION DER BESTELLUNG UND R\u00dcCKGABERECHT<\/h3>\n<p>Eine rechtskr\u00e4ftige Bestellung kann durch den Kunden nicht r\u00fcckg\u00e4ngig gemacht werden. Kommt eine Bestellung zum Scheitern richtet sich das weitere Vorgehen nach der schweizerischen Gesetzgebung.<br \/>\nDie Lieferung ist beim Empfang auf Vollst\u00e4ndigkeit und Korrektheit zu pr\u00fcfen. Unstimmigkeiten sind dem Maison Blanche unverz\u00fcglich per E-Mail, telefonisch oder Fax mitzuteilen. Das Maison Blanche informiert in diesem Fall den Kunden \u00fcber die R\u00fcckgabem\u00f6glichkeiten.<\/p>\n<p>&nbsp;<\/p>\n<h3>ANWENDBARES RECHT UND GERICHTSSTAND<\/h3>\n<p>Die vorliegenden allgemeinen Verkaufs- und Lieferungsbedingungen beziehen sich auf das Schweizer Recht. Allf\u00e4llige Rechtsstreitigkeiten aus dem Verkauf gem\u00e4ss den vorliegenden Allgemeinen Verkaufsbedingungen richten sich nach der Gerichtsbarkeit des Kantons Waadt unter Vorbehalt der eventuellen Berufung an das Eidgen\u00f6ssische Bundesgericht.<\/p>\n<p>[\/et_pb_text][\/et_pb_column][\/et_pb_row][\/et_pb_section]<\/p>\n","protected":false},"excerpt":{"rendered":"<p><div class=\"et_pb_row et_pb_row_0 et_pb_row_empty\">\n\t\t\t\t\n\t\t\t\t\n\t\t\t\t\n\t\t\t\t\n\t\t\t\t\n\t\t\t<\/div> Allgemeine Verkaufsbedingungen &nbsp; VERTRAGSABSCHLUSS Der Vertrag tritt mit dem Eintreffen der Bestellung beim Weingut Maison Blanche in Kraft. Bis zur vollst\u00e4ndigen Bezahlung der Lieferung inklusive der eventuellen Transportkosten, bleibt die Ware Eigentum des Verk\u00e4ufers. &nbsp; VERKAUF Preis- und Jahrgangs\u00e4nderungen bleiben vorbehalten. &nbsp; PREISE In Schweizer Franken inklusive 7,7% Mwst. &nbsp; LIEFERUNG IN DER SCHWEIZ [&hellip;]<\/p>\n","protected":false},"author":3,"featured_media":0,"parent":0,"menu_order":0,"comment_status":"closed","ping_status":"closed","template":"","meta":{"_et_pb_use_builder":"on","_et_pb_old_content":"","_et_gb_content_width":"","iawp_total_views":21,"footnotes":""},"class_list":["post-2379","page","type-page","status-publish","hentry"],"yoast_head":"<!-- This site is optimized with the Yoast SEO plugin v26.8 - https:\/\/yoast.com\/product\/yoast-seo-wordpress\/ -->\n<title>Allgemeine Verkaufsbedingungen - Domaine de Maison Blanche<\/title>\n<meta name=\"robots\" content=\"noindex, nofollow\" \/>\n<meta property=\"og:locale\" content=\"de_DE\" \/>\n<meta property=\"og:type\" content=\"article\" \/>\n<meta property=\"og:title\" content=\"Allgemeine Verkaufsbedingungen - Domaine de Maison Blanche\" \/>\n<meta property=\"og:url\" content=\"https:\/\/www.domainemaisonblanche.ch\/de\/allgemeine-verkaufsbedingungen\/\" \/>\n<meta property=\"og:site_name\" content=\"Domaine de Maison Blanche\" \/>\n<meta property=\"article:modified_time\" content=\"2026-03-25T17:33:59+00:00\" \/>\n<meta name=\"twitter:card\" content=\"summary_large_image\" \/>\n<meta name=\"twitter:label1\" content=\"Gesch\u00e4tzte Lesezeit\" \/>\n\t<meta name=\"twitter:data1\" content=\"4\u00a0Minuten\" \/>\n<script type=\"application\/ld+json\" class=\"yoast-schema-graph\">{\"@context\":\"https:\/\/schema.org\",\"@graph\":[{\"@type\":\"WebPage\",\"@id\":\"https:\/\/www.domainemaisonblanche.ch\/de\/allgemeine-verkaufsbedingungen\/\",\"url\":\"https:\/\/www.domainemaisonblanche.ch\/de\/allgemeine-verkaufsbedingungen\/\",\"name\":\"Allgemeine Verkaufsbedingungen - Domaine de Maison Blanche\",\"isPartOf\":{\"@id\":\"https:\/\/www.domainemaisonblanche.ch\/#website\"},\"datePublished\":\"2018-08-11T20:00:59+00:00\",\"dateModified\":\"2026-03-25T17:33:59+00:00\",\"breadcrumb\":{\"@id\":\"https:\/\/www.domainemaisonblanche.ch\/de\/allgemeine-verkaufsbedingungen\/#breadcrumb\"},\"inLanguage\":\"de\",\"potentialAction\":[{\"@type\":\"ReadAction\",\"target\":[\"https:\/\/www.domainemaisonblanche.ch\/de\/allgemeine-verkaufsbedingungen\/\"]}]},{\"@type\":\"BreadcrumbList\",\"@id\":\"https:\/\/www.domainemaisonblanche.ch\/de\/allgemeine-verkaufsbedingungen\/#breadcrumb\",\"itemListElement\":[{\"@type\":\"ListItem\",\"position\":1,\"name\":\"Accueil\",\"item\":\"https:\/\/www.domainemaisonblanche.ch\/de\/\"},{\"@type\":\"ListItem\",\"position\":2,\"name\":\"Allgemeine Verkaufsbedingungen\"}]},{\"@type\":\"WebSite\",\"@id\":\"https:\/\/www.domainemaisonblanche.ch\/#website\",\"url\":\"https:\/\/www.domainemaisonblanche.ch\/\",\"name\":\"Domaine de Maison Blanche\",\"description\":\"Le Chasselas dans tous ses \u00e9tats !\",\"publisher\":{\"@id\":\"https:\/\/www.domainemaisonblanche.ch\/#organization\"},\"potentialAction\":[{\"@type\":\"SearchAction\",\"target\":{\"@type\":\"EntryPoint\",\"urlTemplate\":\"https:\/\/www.domainemaisonblanche.ch\/?s={search_term_string}\"},\"query-input\":{\"@type\":\"PropertyValueSpecification\",\"valueRequired\":true,\"valueName\":\"search_term_string\"}}],\"inLanguage\":\"de\"},{\"@type\":\"Organization\",\"@id\":\"https:\/\/www.domainemaisonblanche.ch\/#organization\",\"name\":\"Domaine de Maison Blanche\",\"url\":\"https:\/\/www.domainemaisonblanche.ch\/\",\"logo\":{\"@type\":\"ImageObject\",\"inLanguage\":\"de\",\"@id\":\"https:\/\/www.domainemaisonblanche.ch\/#\/schema\/logo\/image\/\",\"url\":\"https:\/\/www.domainemaisonblanche.ch\/wp-content\/uploads\/2019\/03\/logo-maison-blanche.png\",\"contentUrl\":\"https:\/\/www.domainemaisonblanche.ch\/wp-content\/uploads\/2019\/03\/logo-maison-blanche.png\",\"width\":144,\"height\":144,\"caption\":\"Domaine de Maison Blanche\"},\"image\":{\"@id\":\"https:\/\/www.domainemaisonblanche.ch\/#\/schema\/logo\/image\/\"}}]}<\/script>\n<!-- \/ Yoast SEO plugin. -->","yoast_head_json":{"title":"Allgemeine Verkaufsbedingungen - Domaine de Maison Blanche","robots":{"index":"noindex","follow":"nofollow"},"og_locale":"de_DE","og_type":"article","og_title":"Allgemeine Verkaufsbedingungen - Domaine de Maison Blanche","og_url":"https:\/\/www.domainemaisonblanche.ch\/de\/allgemeine-verkaufsbedingungen\/","og_site_name":"Domaine de Maison Blanche","article_modified_time":"2026-03-25T17:33:59+00:00","twitter_card":"summary_large_image","twitter_misc":{"Gesch\u00e4tzte Lesezeit":"4\u00a0Minuten"},"schema":{"@context":"https:\/\/schema.org","@graph":[{"@type":"WebPage","@id":"https:\/\/www.domainemaisonblanche.ch\/de\/allgemeine-verkaufsbedingungen\/","url":"https:\/\/www.domainemaisonblanche.ch\/de\/allgemeine-verkaufsbedingungen\/","name":"Allgemeine Verkaufsbedingungen - Domaine de Maison Blanche","isPartOf":{"@id":"https:\/\/www.domainemaisonblanche.ch\/#website"},"datePublished":"2018-08-11T20:00:59+00:00","dateModified":"2026-03-25T17:33:59+00:00","breadcrumb":{"@id":"https:\/\/www.domainemaisonblanche.ch\/de\/allgemeine-verkaufsbedingungen\/#breadcrumb"},"inLanguage":"de","potentialAction":[{"@type":"ReadAction","target":["https:\/\/www.domainemaisonblanche.ch\/de\/allgemeine-verkaufsbedingungen\/"]}]},{"@type":"BreadcrumbList","@id":"https:\/\/www.domainemaisonblanche.ch\/de\/allgemeine-verkaufsbedingungen\/#breadcrumb","itemListElement":[{"@type":"ListItem","position":1,"name":"Accueil","item":"https:\/\/www.domainemaisonblanche.ch\/de\/"},{"@type":"ListItem","position":2,"name":"Allgemeine Verkaufsbedingungen"}]},{"@type":"WebSite","@id":"https:\/\/www.domainemaisonblanche.ch\/#website","url":"https:\/\/www.domainemaisonblanche.ch\/","name":"Domaine de Maison Blanche","description":"Le Chasselas dans tous ses \u00e9tats !","publisher":{"@id":"https:\/\/www.domainemaisonblanche.ch\/#organization"},"potentialAction":[{"@type":"SearchAction","target":{"@type":"EntryPoint","urlTemplate":"https:\/\/www.domainemaisonblanche.ch\/?s={search_term_string}"},"query-input":{"@type":"PropertyValueSpecification","valueRequired":true,"valueName":"search_term_string"}}],"inLanguage":"de"},{"@type":"Organization","@id":"https:\/\/www.domainemaisonblanche.ch\/#organization","name":"Domaine de Maison Blanche","url":"https:\/\/www.domainemaisonblanche.ch\/","logo":{"@type":"ImageObject","inLanguage":"de","@id":"https:\/\/www.domainemaisonblanche.ch\/#\/schema\/logo\/image\/","url":"https:\/\/www.domainemaisonblanche.ch\/wp-content\/uploads\/2019\/03\/logo-maison-blanche.png","contentUrl":"https:\/\/www.domainemaisonblanche.ch\/wp-content\/uploads\/2019\/03\/logo-maison-blanche.png","width":144,"height":144,"caption":"Domaine de Maison Blanche"},"image":{"@id":"https:\/\/www.domainemaisonblanche.ch\/#\/schema\/logo\/image\/"}}]}},"_links":{"self":[{"href":"https:\/\/www.domainemaisonblanche.ch\/de\/wp-json\/wp\/v2\/pages\/2379","targetHints":{"allow":["GET"]}}],"collection":[{"href":"https:\/\/www.domainemaisonblanche.ch\/de\/wp-json\/wp\/v2\/pages"}],"about":[{"href":"https:\/\/www.domainemaisonblanche.ch\/de\/wp-json\/wp\/v2\/types\/page"}],"author":[{"embeddable":true,"href":"https:\/\/www.domainemaisonblanche.ch\/de\/wp-json\/wp\/v2\/users\/3"}],"replies":[{"embeddable":true,"href":"https:\/\/www.domainemaisonblanche.ch\/de\/wp-json\/wp\/v2\/comments?post=2379"}],"version-history":[{"count":4,"href":"https:\/\/www.domainemaisonblanche.ch\/de\/wp-json\/wp\/v2\/pages\/2379\/revisions"}],"predecessor-version":[{"id":3113,"href":"https:\/\/www.domainemaisonblanche.ch\/de\/wp-json\/wp\/v2\/pages\/2379\/revisions\/3113"}],"wp:attachment":[{"href":"https:\/\/www.domainemaisonblanche.ch\/de\/wp-json\/wp\/v2\/media?parent=2379"}],"curies":[{"name":"wp","href":"https:\/\/api.w.org\/{rel}","templated":true}]}}