{"id":770,"date":"2018-08-06T01:00:22","date_gmt":"2018-08-05T23:00:22","guid":{"rendered":"https:\/\/www.domainemaisonblanche.ch\/produit\/aoc-mont-rolle-grand-cru-clos-de-germagny\/"},"modified":"2026-03-25T17:00:44","modified_gmt":"2026-03-25T16:00:44","slug":"aoc-mont-rolle-grand-cru-clos-de-germagny","status":"publish","type":"product","link":"https:\/\/www.domainemaisonblanche.ch\/de\/produit\/aoc-mont-rolle-grand-cru-clos-de-germagny\/","title":{"rendered":"AOC Mont-sur-Rolle Grand Cru, Clos de Germagny 2024"},"content":{"rendered":"<h2>AOC Mont-sur-Rolle Grand Cru, Clos de Germagny<\/h2>\n<p>Das kleine Dorf Germany liegt n\u00f6rdlich von der bekannten Abtei Cluny in Frankreich. Die M\u00f6nche brachten im Mittelalter Reben und Fachwissen des Rebbaus nach Mont-sur-Rolle.<br \/>\nBesitzer des gleichnamigen Weinbergs Germany ist die Familie Bercher. Bewirtschaftet werden die Reben seit 2018 ohne Pflanzenschutzmittel, durch das Team des \u00abMaison Blanche\u00bb. Gekeltert werden die Trauben nach der \u00abGermany-Methode\u00bb, das heisst ohne zweite G\u00e4rung. Dadurch bleibt dem Wein eine leichte Rests\u00fcsse erhalten. Er pr\u00e4sentiert sich frisch und ausgewogen im Geschmack.<br \/>\nDer Wein passt zu asiatischem \u00absweet and sour\u00bb, Currys oder salzigen Speisen.<\/p>\n<p>Trinktemperatur:<br \/>\nLagerf\u00e4hig: 3 &#8211; 5 Jahre ab Kauf.<\/p>\n","protected":false},"excerpt":{"rendered":"<div style=\"margin: 20px 0 5px; padding-bottom: 5px; line-height: 1;\"><a href=\"https:\/\/www.bio-suisse.ch\/fr\/notre-engagement\/plaisir-et-durabilite\/principe-bourgeon.html\" target=\"_blank\" rel=\"noopener\"><img decoding=\"async\" class=\"alignleft wp-image-5038\" title=\"Le principe Bourgeon BIO SUISSE\" src=\"https:\/\/www.domainemaisonblanche.ch\/wp-content\/uploads\/2018\/08\/bio-suisse-vignes-logo-domaine-maison-blanche-150x150.jpg\" alt=\"Le principe Bourgeon BIO SUISSE Domaine de Maison Blanche\" width=\"80\" height=\"80\" \/><\/a><\/div>\n<p><strong>Der Wein passt zu asiatischem \u00absweet and sour\u00bb, Currys oder salzigen Speisen.<\/strong><\/p>\n<p>Trinktemperatur:<br \/>\nLagerf\u00e4hig: 3 &#8211; 5 Jahre ab Kauf.<\/p>\n<ul>\n<li>Karton zu 3 Flaschen 75 cl = <strong>CHF 36<\/strong>\u00a0(12.- pro Fl.)<\/li>\n<\/ul>\n","protected":false},"featured_media":1565,"comment_status":"open","ping_status":"closed","template":"","meta":{"_et_pb_use_builder":"","_et_pb_old_content":"","_et_gb_content_width":"","iawp_total_views":43},"product_brand":[],"product_cat":[1406],"product_tag":[],"class_list":{"0":"post-770","1":"product","2":"type-product","3":"status-publish","4":"has-post-thumbnail","6":"product_cat-weissweine","8":"first","9":"instock","10":"shipping-taxable","11":"purchasable","12":"product-type-simple"},"group_of_quantity":3,"min_quantity":3,"max_quantity":"","exclude_order_quantity_value_rules":"no","exclude_category_quantity_rules":"no","combine_variations":"no","yoast_head":"<!-- This site is optimized with the Yoast SEO plugin v26.8 - https:\/\/yoast.com\/product\/yoast-seo-wordpress\/ -->\n<title>AOC Mont-sur-Rolle Grand Cru Clos de Germagny<\/title>\n<meta name=\"description\" content=\"Der Wein passt zu asiatischem \u00absweet and sour\u00bb, Currys oder salzigen Speisen.  Trinktemperatur: Lagerf\u00e4hig: 3 - 5 Jahre ab Kauf.   Karton zu 3 Flaschen 75 cl = CHF 36\u00a0(12.- pro Fl.)\" \/>\n<meta name=\"robots\" content=\"index, follow, max-snippet:-1, max-image-preview:large, max-video-preview:-1\" \/>\n<link rel=\"canonical\" href=\"https:\/\/www.domainemaisonblanche.ch\/de\/produit\/aoc-mont-rolle-grand-cru-clos-de-germagny\/\" \/>\n<meta property=\"og:locale\" content=\"de_DE\" \/>\n<meta property=\"og:type\" content=\"article\" \/>\n<meta property=\"og:title\" content=\"AOC Mont-sur-Rolle Grand Cru Clos de Germagny\" \/>\n<meta property=\"og:description\" content=\"Der Wein passt zu asiatischem \u00absweet and sour\u00bb, Currys oder salzigen Speisen.  Trinktemperatur: Lagerf\u00e4hig: 3 - 5 Jahre ab Kauf.   Karton zu 3 Flaschen 75 cl = CHF 36\u00a0(12.- pro Fl.)\" \/>\n<meta property=\"og:url\" content=\"https:\/\/www.domainemaisonblanche.ch\/de\/produit\/aoc-mont-rolle-grand-cru-clos-de-germagny\/\" \/>\n<meta property=\"og:site_name\" content=\"Domaine de Maison Blanche\" \/>\n<meta property=\"article:modified_time\" content=\"2026-03-25T16:00:44+00:00\" \/>\n<meta property=\"og:image\" content=\"http:\/\/www.domainemaisonblanche.ch\/wp-content\/uploads\/2018\/10\/clos-de-germagny-maison-blanche-70cl.jpg\" \/>\n\t<meta property=\"og:image:width\" content=\"195\" \/>\n\t<meta property=\"og:image:height\" content=\"650\" \/>\n\t<meta property=\"og:image:type\" content=\"image\/jpeg\" \/>\n<meta name=\"twitter:card\" content=\"summary_large_image\" \/>\n<meta name=\"twitter:label1\" content=\"Gesch\u00e4tzte Lesezeit\" \/>\n\t<meta name=\"twitter:data1\" content=\"1\u00a0Minute\" \/>\n<script type=\"application\/ld+json\" class=\"yoast-schema-graph\">{\"@context\":\"https:\/\/schema.org\",\"@graph\":[{\"@type\":\"WebPage\",\"@id\":\"https:\/\/www.domainemaisonblanche.ch\/de\/produit\/aoc-mont-rolle-grand-cru-clos-de-germagny\/\",\"url\":\"https:\/\/www.domainemaisonblanche.ch\/de\/produit\/aoc-mont-rolle-grand-cru-clos-de-germagny\/\",\"name\":\"AOC Mont-sur-Rolle Grand Cru Clos de Germagny\",\"isPartOf\":{\"@id\":\"https:\/\/www.domainemaisonblanche.ch\/#website\"},\"primaryImageOfPage\":{\"@id\":\"https:\/\/www.domainemaisonblanche.ch\/de\/produit\/aoc-mont-rolle-grand-cru-clos-de-germagny\/#primaryimage\"},\"image\":{\"@id\":\"https:\/\/www.domainemaisonblanche.ch\/de\/produit\/aoc-mont-rolle-grand-cru-clos-de-germagny\/#primaryimage\"},\"thumbnailUrl\":\"https:\/\/www.domainemaisonblanche.ch\/wp-content\/uploads\/2018\/10\/clos-de-germagny-maison-blanche-70cl.jpg\",\"datePublished\":\"2018-08-05T23:00:22+00:00\",\"dateModified\":\"2026-03-25T16:00:44+00:00\",\"description\":\"Der Wein passt zu asiatischem \u00absweet and sour\u00bb, Currys oder salzigen Speisen. Trinktemperatur: Lagerf\u00e4hig: 3 - 5 Jahre ab Kauf. Karton zu 3 Flaschen 75 cl = CHF 36\u00a0(12.- pro Fl.)\",\"breadcrumb\":{\"@id\":\"https:\/\/www.domainemaisonblanche.ch\/de\/produit\/aoc-mont-rolle-grand-cru-clos-de-germagny\/#breadcrumb\"},\"inLanguage\":\"de\",\"potentialAction\":[{\"@type\":\"ReadAction\",\"target\":[\"https:\/\/www.domainemaisonblanche.ch\/de\/produit\/aoc-mont-rolle-grand-cru-clos-de-germagny\/\"]}]},{\"@type\":\"ImageObject\",\"inLanguage\":\"de\",\"@id\":\"https:\/\/www.domainemaisonblanche.ch\/de\/produit\/aoc-mont-rolle-grand-cru-clos-de-germagny\/#primaryimage\",\"url\":\"https:\/\/www.domainemaisonblanche.ch\/wp-content\/uploads\/2018\/10\/clos-de-germagny-maison-blanche-70cl.jpg\",\"contentUrl\":\"https:\/\/www.domainemaisonblanche.ch\/wp-content\/uploads\/2018\/10\/clos-de-germagny-maison-blanche-70cl.jpg\",\"width\":195,\"height\":650,\"caption\":\"clos-de-germagny-maison-blanche-70cl\"},{\"@type\":\"BreadcrumbList\",\"@id\":\"https:\/\/www.domainemaisonblanche.ch\/de\/produit\/aoc-mont-rolle-grand-cru-clos-de-germagny\/#breadcrumb\",\"itemListElement\":[{\"@type\":\"ListItem\",\"position\":1,\"name\":\"Accueil\",\"item\":\"https:\/\/www.domainemaisonblanche.ch\/de\/\"},{\"@type\":\"ListItem\",\"position\":2,\"name\":\"Gesch\u00e4ft\",\"item\":\"https:\/\/www.domainemaisonblanche.ch\/de\/boutique\/\"},{\"@type\":\"ListItem\",\"position\":3,\"name\":\"AOC Mont-sur-Rolle Grand Cru, Clos de Germagny 2024\"}]},{\"@type\":\"WebSite\",\"@id\":\"https:\/\/www.domainemaisonblanche.ch\/#website\",\"url\":\"https:\/\/www.domainemaisonblanche.ch\/\",\"name\":\"Domaine de Maison Blanche\",\"description\":\"Le Chasselas dans tous ses \u00e9tats !\",\"publisher\":{\"@id\":\"https:\/\/www.domainemaisonblanche.ch\/#organization\"},\"potentialAction\":[{\"@type\":\"SearchAction\",\"target\":{\"@type\":\"EntryPoint\",\"urlTemplate\":\"https:\/\/www.domainemaisonblanche.ch\/?s={search_term_string}\"},\"query-input\":{\"@type\":\"PropertyValueSpecification\",\"valueRequired\":true,\"valueName\":\"search_term_string\"}}],\"inLanguage\":\"de\"},{\"@type\":\"Organization\",\"@id\":\"https:\/\/www.domainemaisonblanche.ch\/#organization\",\"name\":\"Domaine de Maison Blanche\",\"url\":\"https:\/\/www.domainemaisonblanche.ch\/\",\"logo\":{\"@type\":\"ImageObject\",\"inLanguage\":\"de\",\"@id\":\"https:\/\/www.domainemaisonblanche.ch\/#\/schema\/logo\/image\/\",\"url\":\"https:\/\/www.domainemaisonblanche.ch\/wp-content\/uploads\/2019\/03\/logo-maison-blanche.png\",\"contentUrl\":\"https:\/\/www.domainemaisonblanche.ch\/wp-content\/uploads\/2019\/03\/logo-maison-blanche.png\",\"width\":144,\"height\":144,\"caption\":\"Domaine de Maison Blanche\"},\"image\":{\"@id\":\"https:\/\/www.domainemaisonblanche.ch\/#\/schema\/logo\/image\/\"}}]}<\/script>\n<!-- \/ Yoast SEO plugin. -->","yoast_head_json":{"title":"AOC Mont-sur-Rolle Grand Cru Clos de Germagny","description":"Der Wein passt zu asiatischem \u00absweet and sour\u00bb, Currys oder salzigen Speisen.  Trinktemperatur: Lagerf\u00e4hig: 3 - 5 Jahre ab Kauf.   Karton zu 3 Flaschen 75 cl = CHF 36\u00a0(12.- pro Fl.)","robots":{"index":"index","follow":"follow","max-snippet":"max-snippet:-1","max-image-preview":"max-image-preview:large","max-video-preview":"max-video-preview:-1"},"canonical":"https:\/\/www.domainemaisonblanche.ch\/de\/produit\/aoc-mont-rolle-grand-cru-clos-de-germagny\/","og_locale":"de_DE","og_type":"article","og_title":"AOC Mont-sur-Rolle Grand Cru Clos de Germagny","og_description":"Der Wein passt zu asiatischem \u00absweet and sour\u00bb, Currys oder salzigen Speisen.  Trinktemperatur: Lagerf\u00e4hig: 3 - 5 Jahre ab Kauf.   Karton zu 3 Flaschen 75 cl = CHF 36\u00a0(12.- pro Fl.)","og_url":"https:\/\/www.domainemaisonblanche.ch\/de\/produit\/aoc-mont-rolle-grand-cru-clos-de-germagny\/","og_site_name":"Domaine de Maison Blanche","article_modified_time":"2026-03-25T16:00:44+00:00","og_image":[{"width":195,"height":650,"url":"http:\/\/www.domainemaisonblanche.ch\/wp-content\/uploads\/2018\/10\/clos-de-germagny-maison-blanche-70cl.jpg","type":"image\/jpeg"}],"twitter_card":"summary_large_image","twitter_misc":{"Gesch\u00e4tzte Lesezeit":"1\u00a0Minute"},"schema":{"@context":"https:\/\/schema.org","@graph":[{"@type":"WebPage","@id":"https:\/\/www.domainemaisonblanche.ch\/de\/produit\/aoc-mont-rolle-grand-cru-clos-de-germagny\/","url":"https:\/\/www.domainemaisonblanche.ch\/de\/produit\/aoc-mont-rolle-grand-cru-clos-de-germagny\/","name":"AOC Mont-sur-Rolle Grand Cru Clos de Germagny","isPartOf":{"@id":"https:\/\/www.domainemaisonblanche.ch\/#website"},"primaryImageOfPage":{"@id":"https:\/\/www.domainemaisonblanche.ch\/de\/produit\/aoc-mont-rolle-grand-cru-clos-de-germagny\/#primaryimage"},"image":{"@id":"https:\/\/www.domainemaisonblanche.ch\/de\/produit\/aoc-mont-rolle-grand-cru-clos-de-germagny\/#primaryimage"},"thumbnailUrl":"https:\/\/www.domainemaisonblanche.ch\/wp-content\/uploads\/2018\/10\/clos-de-germagny-maison-blanche-70cl.jpg","datePublished":"2018-08-05T23:00:22+00:00","dateModified":"2026-03-25T16:00:44+00:00","description":"Der Wein passt zu asiatischem \u00absweet and sour\u00bb, Currys oder salzigen Speisen. Trinktemperatur: Lagerf\u00e4hig: 3 - 5 Jahre ab Kauf. Karton zu 3 Flaschen 75 cl = CHF 36\u00a0(12.- pro Fl.)","breadcrumb":{"@id":"https:\/\/www.domainemaisonblanche.ch\/de\/produit\/aoc-mont-rolle-grand-cru-clos-de-germagny\/#breadcrumb"},"inLanguage":"de","potentialAction":[{"@type":"ReadAction","target":["https:\/\/www.domainemaisonblanche.ch\/de\/produit\/aoc-mont-rolle-grand-cru-clos-de-germagny\/"]}]},{"@type":"ImageObject","inLanguage":"de","@id":"https:\/\/www.domainemaisonblanche.ch\/de\/produit\/aoc-mont-rolle-grand-cru-clos-de-germagny\/#primaryimage","url":"https:\/\/www.domainemaisonblanche.ch\/wp-content\/uploads\/2018\/10\/clos-de-germagny-maison-blanche-70cl.jpg","contentUrl":"https:\/\/www.domainemaisonblanche.ch\/wp-content\/uploads\/2018\/10\/clos-de-germagny-maison-blanche-70cl.jpg","width":195,"height":650,"caption":"clos-de-germagny-maison-blanche-70cl"},{"@type":"BreadcrumbList","@id":"https:\/\/www.domainemaisonblanche.ch\/de\/produit\/aoc-mont-rolle-grand-cru-clos-de-germagny\/#breadcrumb","itemListElement":[{"@type":"ListItem","position":1,"name":"Accueil","item":"https:\/\/www.domainemaisonblanche.ch\/de\/"},{"@type":"ListItem","position":2,"name":"Gesch\u00e4ft","item":"https:\/\/www.domainemaisonblanche.ch\/de\/boutique\/"},{"@type":"ListItem","position":3,"name":"AOC Mont-sur-Rolle Grand Cru, Clos de Germagny 2024"}]},{"@type":"WebSite","@id":"https:\/\/www.domainemaisonblanche.ch\/#website","url":"https:\/\/www.domainemaisonblanche.ch\/","name":"Domaine de Maison Blanche","description":"Le Chasselas dans tous ses \u00e9tats !","publisher":{"@id":"https:\/\/www.domainemaisonblanche.ch\/#organization"},"potentialAction":[{"@type":"SearchAction","target":{"@type":"EntryPoint","urlTemplate":"https:\/\/www.domainemaisonblanche.ch\/?s={search_term_string}"},"query-input":{"@type":"PropertyValueSpecification","valueRequired":true,"valueName":"search_term_string"}}],"inLanguage":"de"},{"@type":"Organization","@id":"https:\/\/www.domainemaisonblanche.ch\/#organization","name":"Domaine de Maison Blanche","url":"https:\/\/www.domainemaisonblanche.ch\/","logo":{"@type":"ImageObject","inLanguage":"de","@id":"https:\/\/www.domainemaisonblanche.ch\/#\/schema\/logo\/image\/","url":"https:\/\/www.domainemaisonblanche.ch\/wp-content\/uploads\/2019\/03\/logo-maison-blanche.png","contentUrl":"https:\/\/www.domainemaisonblanche.ch\/wp-content\/uploads\/2019\/03\/logo-maison-blanche.png","width":144,"height":144,"caption":"Domaine de Maison Blanche"},"image":{"@id":"https:\/\/www.domainemaisonblanche.ch\/#\/schema\/logo\/image\/"}}]}},"_links":{"self":[{"href":"https:\/\/www.domainemaisonblanche.ch\/de\/wp-json\/wp\/v2\/product\/770","targetHints":{"allow":["GET"]}}],"collection":[{"href":"https:\/\/www.domainemaisonblanche.ch\/de\/wp-json\/wp\/v2\/product"}],"about":[{"href":"https:\/\/www.domainemaisonblanche.ch\/de\/wp-json\/wp\/v2\/types\/product"}],"replies":[{"embeddable":true,"href":"https:\/\/www.domainemaisonblanche.ch\/de\/wp-json\/wp\/v2\/comments?post=770"}],"wp:featuredmedia":[{"embeddable":true,"href":"https:\/\/www.domainemaisonblanche.ch\/de\/wp-json\/wp\/v2\/media\/1565"}],"wp:attachment":[{"href":"https:\/\/www.domainemaisonblanche.ch\/de\/wp-json\/wp\/v2\/media?parent=770"}],"wp:term":[{"taxonomy":"product_brand","embeddable":true,"href":"https:\/\/www.domainemaisonblanche.ch\/de\/wp-json\/wp\/v2\/product_brand?post=770"},{"taxonomy":"product_cat","embeddable":true,"href":"https:\/\/www.domainemaisonblanche.ch\/de\/wp-json\/wp\/v2\/product_cat?post=770"},{"taxonomy":"product_tag","embeddable":true,"href":"https:\/\/www.domainemaisonblanche.ch\/de\/wp-json\/wp\/v2\/product_tag?post=770"}],"curies":[{"name":"wp","href":"https:\/\/api.w.org\/{rel}","templated":true}]}}