{"id":818,"date":"2018-08-08T05:00:52","date_gmt":"2018-08-08T03:00:52","guid":{"rendered":"https:\/\/www.domainemaisonblanche.ch\/produit\/aoc-mont-sur-rolle-grand-crula-part-des-anges\/"},"modified":"2026-03-25T17:01:41","modified_gmt":"2026-03-25T16:01:41","slug":"aoc-mont-sur-rolle-grand-crula-part-des-anges","status":"publish","type":"product","link":"https:\/\/www.domainemaisonblanche.ch\/de\/produit\/aoc-mont-sur-rolle-grand-crula-part-des-anges\/","title":{"rendered":"AOC Mont-sur-Rolle Grand Cru,&#8221;la Part des Anges&#8221; 2021"},"content":{"rendered":"<h2>AOC Mont-sur-Rolle Grand Cru, &#8220;la Part des Anges&#8221;<\/h2>\n<p>Chasselas, gewonnen aus alten Reben plus Ausbau im Barrique auf Hefe w\u00e4hrend eines Jahres gibt ihm F\u00fclle und Eleganz mit einer Note von Vanille. Der Anstoss dazu kam von Berufskollegen aus dem Burgund, die zu Besuch waren.<br \/>\nPasst zu Vorspeisen mit Meeresfr\u00fcchten, Gefl\u00fcgel, Kalbfleisch, Spargeln, kr\u00e4ftigen K\u00e4sen, aber auch zu Nachtischen.<\/p>\n<p>Ausschenktemperatur: 14-15\u00b0C.<br \/>\nGenussreife: 5 bis 7 Jahre und mehr.<\/p>\n","protected":false},"excerpt":{"rendered":"<div style=\"margin: 20px 0 5px; padding-bottom: 5px; line-height: 1;\"><a href=\"https:\/\/www.ipsuisse.ch\/fr\/consomateurs-2\/produits\/#toggle-id-9\" target=\"_blank\" rel=\"noopener\"><img decoding=\"async\" class=\"alignleft wp-image-5074 size-full\" title=\"Les produits IP-SUISSE\" src=\"https:\/\/www.domainemaisonblanche.ch\/wp-content\/uploads\/2018\/08\/ip-suisse-domaine-maison-blanche.png\" alt=\"IP SUISSE Domaine de Maison Blanche\" width=\"80\" height=\"80\" srcset=\"https:\/\/www.domainemaisonblanche.ch\/wp-content\/uploads\/2018\/08\/ip-suisse-domaine-maison-blanche.png 200w, https:\/\/www.domainemaisonblanche.ch\/wp-content\/uploads\/2018\/08\/ip-suisse-domaine-maison-blanche-150x150.png 150w, https:\/\/www.domainemaisonblanche.ch\/wp-content\/uploads\/2018\/08\/ip-suisse-domaine-maison-blanche-100x100.png 100w\" sizes=\"(max-width: 80px) 100vw, 80px\" \/><\/a><\/div>\n<p><strong>Passt zu Vorspeisen mit Meeresfr\u00fcchten, Gefl\u00fcgel, Kalbfleisch, Spargeln, kr\u00e4ftigen K\u00e4sen, aber auch zu Nachtischen.<\/strong><\/p>\n<p>Ausschenktemperatur: 14-15\u00b0C.<br \/>\nGenussreife: 5 bis 7 Jahre und mehr.<\/p>\n<ul>\n<li>Karton zu 3 Flaschen 75 cl =\u00a0<strong>CHF 60<\/strong> (20.- pro Fl.)<\/li>\n<\/ul>\n","protected":false},"featured_media":892,"comment_status":"open","ping_status":"closed","template":"","meta":{"_et_pb_use_builder":"","_et_pb_old_content":"","_et_gb_content_width":"","iawp_total_views":28},"product_brand":[],"product_cat":[1406],"product_tag":[],"class_list":{"0":"post-818","1":"product","2":"type-product","3":"status-publish","4":"has-post-thumbnail","6":"product_cat-weissweine","8":"first","9":"instock","10":"shipping-taxable","11":"purchasable","12":"product-type-simple"},"group_of_quantity":3,"min_quantity":3,"max_quantity":"","exclude_order_quantity_value_rules":"no","exclude_category_quantity_rules":"no","combine_variations":"no","yoast_head":"<!-- This site is optimized with the Yoast SEO plugin v26.8 - https:\/\/yoast.com\/product\/yoast-seo-wordpress\/ -->\n<title>AOC Mont-sur-Rolle Grand Cru &quot;la Part des Anges&quot;<\/title>\n<meta name=\"description\" content=\"Chasselas, gewonnen aus alten Reben plus Ausbau im Barrique auf Hefe w\u00e4hrend eines Jahres gibt ihm F\u00fclle und Eleganz mit einer Note von Vanille. Der Anstoss dazu kam von Berufskollegen aus dem Burgund, die zu Besuch waren.\" \/>\n<meta name=\"robots\" content=\"index, follow, max-snippet:-1, max-image-preview:large, max-video-preview:-1\" \/>\n<link rel=\"canonical\" href=\"https:\/\/www.domainemaisonblanche.ch\/de\/produit\/aoc-mont-sur-rolle-grand-crula-part-des-anges\/\" \/>\n<meta property=\"og:locale\" content=\"de_DE\" \/>\n<meta property=\"og:type\" content=\"article\" \/>\n<meta property=\"og:title\" content=\"AOC Mont-sur-Rolle Grand Cru &quot;la Part des Anges&quot;\" \/>\n<meta property=\"og:description\" content=\"Chasselas, gewonnen aus alten Reben plus Ausbau im Barrique auf Hefe w\u00e4hrend eines Jahres gibt ihm F\u00fclle und Eleganz mit einer Note von Vanille. Der Anstoss dazu kam von Berufskollegen aus dem Burgund, die zu Besuch waren.\" \/>\n<meta property=\"og:url\" content=\"https:\/\/www.domainemaisonblanche.ch\/de\/produit\/aoc-mont-sur-rolle-grand-crula-part-des-anges\/\" \/>\n<meta property=\"og:site_name\" content=\"Domaine de Maison Blanche\" \/>\n<meta property=\"article:modified_time\" content=\"2026-03-25T16:01:41+00:00\" \/>\n<meta property=\"og:image\" content=\"http:\/\/www.domainemaisonblanche.ch\/wp-content\/uploads\/2018\/08\/la-part-des-anges-blanc-maison-blanche-75cl.jpg\" \/>\n\t<meta property=\"og:image:width\" content=\"195\" \/>\n\t<meta property=\"og:image:height\" content=\"650\" \/>\n\t<meta property=\"og:image:type\" content=\"image\/jpeg\" \/>\n<meta name=\"twitter:card\" content=\"summary_large_image\" \/>\n<meta name=\"twitter:label1\" content=\"Gesch\u00e4tzte Lesezeit\" \/>\n\t<meta name=\"twitter:data1\" content=\"1\u00a0Minute\" \/>\n<script type=\"application\/ld+json\" class=\"yoast-schema-graph\">{\"@context\":\"https:\/\/schema.org\",\"@graph\":[{\"@type\":\"WebPage\",\"@id\":\"https:\/\/www.domainemaisonblanche.ch\/de\/produit\/aoc-mont-sur-rolle-grand-crula-part-des-anges\/\",\"url\":\"https:\/\/www.domainemaisonblanche.ch\/de\/produit\/aoc-mont-sur-rolle-grand-crula-part-des-anges\/\",\"name\":\"AOC Mont-sur-Rolle Grand Cru \\\"la Part des Anges\\\"\",\"isPartOf\":{\"@id\":\"https:\/\/www.domainemaisonblanche.ch\/#website\"},\"primaryImageOfPage\":{\"@id\":\"https:\/\/www.domainemaisonblanche.ch\/de\/produit\/aoc-mont-sur-rolle-grand-crula-part-des-anges\/#primaryimage\"},\"image\":{\"@id\":\"https:\/\/www.domainemaisonblanche.ch\/de\/produit\/aoc-mont-sur-rolle-grand-crula-part-des-anges\/#primaryimage\"},\"thumbnailUrl\":\"https:\/\/www.domainemaisonblanche.ch\/wp-content\/uploads\/2018\/08\/la-part-des-anges-blanc-maison-blanche-75cl.jpg\",\"datePublished\":\"2018-08-08T03:00:52+00:00\",\"dateModified\":\"2026-03-25T16:01:41+00:00\",\"description\":\"Chasselas, gewonnen aus alten Reben plus Ausbau im Barrique auf Hefe w\u00e4hrend eines Jahres gibt ihm F\u00fclle und Eleganz mit einer Note von Vanille. Der Anstoss dazu kam von Berufskollegen aus dem Burgund, die zu Besuch waren.\",\"breadcrumb\":{\"@id\":\"https:\/\/www.domainemaisonblanche.ch\/de\/produit\/aoc-mont-sur-rolle-grand-crula-part-des-anges\/#breadcrumb\"},\"inLanguage\":\"de\",\"potentialAction\":[{\"@type\":\"ReadAction\",\"target\":[\"https:\/\/www.domainemaisonblanche.ch\/de\/produit\/aoc-mont-sur-rolle-grand-crula-part-des-anges\/\"]}]},{\"@type\":\"ImageObject\",\"inLanguage\":\"de\",\"@id\":\"https:\/\/www.domainemaisonblanche.ch\/de\/produit\/aoc-mont-sur-rolle-grand-crula-part-des-anges\/#primaryimage\",\"url\":\"https:\/\/www.domainemaisonblanche.ch\/wp-content\/uploads\/2018\/08\/la-part-des-anges-blanc-maison-blanche-75cl.jpg\",\"contentUrl\":\"https:\/\/www.domainemaisonblanche.ch\/wp-content\/uploads\/2018\/08\/la-part-des-anges-blanc-maison-blanche-75cl.jpg\",\"width\":195,\"height\":650,\"caption\":\"la-part-des-anges-blanc-maison-blanche-75cl\"},{\"@type\":\"BreadcrumbList\",\"@id\":\"https:\/\/www.domainemaisonblanche.ch\/de\/produit\/aoc-mont-sur-rolle-grand-crula-part-des-anges\/#breadcrumb\",\"itemListElement\":[{\"@type\":\"ListItem\",\"position\":1,\"name\":\"Accueil\",\"item\":\"https:\/\/www.domainemaisonblanche.ch\/de\/\"},{\"@type\":\"ListItem\",\"position\":2,\"name\":\"Gesch\u00e4ft\",\"item\":\"https:\/\/www.domainemaisonblanche.ch\/de\/boutique\/\"},{\"@type\":\"ListItem\",\"position\":3,\"name\":\"AOC Mont-sur-Rolle Grand Cru,&#8221;la Part des Anges&#8221; 2021\"}]},{\"@type\":\"WebSite\",\"@id\":\"https:\/\/www.domainemaisonblanche.ch\/#website\",\"url\":\"https:\/\/www.domainemaisonblanche.ch\/\",\"name\":\"Domaine de Maison Blanche\",\"description\":\"Le Chasselas dans tous ses \u00e9tats !\",\"publisher\":{\"@id\":\"https:\/\/www.domainemaisonblanche.ch\/#organization\"},\"potentialAction\":[{\"@type\":\"SearchAction\",\"target\":{\"@type\":\"EntryPoint\",\"urlTemplate\":\"https:\/\/www.domainemaisonblanche.ch\/?s={search_term_string}\"},\"query-input\":{\"@type\":\"PropertyValueSpecification\",\"valueRequired\":true,\"valueName\":\"search_term_string\"}}],\"inLanguage\":\"de\"},{\"@type\":\"Organization\",\"@id\":\"https:\/\/www.domainemaisonblanche.ch\/#organization\",\"name\":\"Domaine de Maison Blanche\",\"url\":\"https:\/\/www.domainemaisonblanche.ch\/\",\"logo\":{\"@type\":\"ImageObject\",\"inLanguage\":\"de\",\"@id\":\"https:\/\/www.domainemaisonblanche.ch\/#\/schema\/logo\/image\/\",\"url\":\"https:\/\/www.domainemaisonblanche.ch\/wp-content\/uploads\/2019\/03\/logo-maison-blanche.png\",\"contentUrl\":\"https:\/\/www.domainemaisonblanche.ch\/wp-content\/uploads\/2019\/03\/logo-maison-blanche.png\",\"width\":144,\"height\":144,\"caption\":\"Domaine de Maison Blanche\"},\"image\":{\"@id\":\"https:\/\/www.domainemaisonblanche.ch\/#\/schema\/logo\/image\/\"}}]}<\/script>\n<!-- \/ Yoast SEO plugin. -->","yoast_head_json":{"title":"AOC Mont-sur-Rolle Grand Cru \"la Part des Anges\"","description":"Chasselas, gewonnen aus alten Reben plus Ausbau im Barrique auf Hefe w\u00e4hrend eines Jahres gibt ihm F\u00fclle und Eleganz mit einer Note von Vanille. Der Anstoss dazu kam von Berufskollegen aus dem Burgund, die zu Besuch waren.","robots":{"index":"index","follow":"follow","max-snippet":"max-snippet:-1","max-image-preview":"max-image-preview:large","max-video-preview":"max-video-preview:-1"},"canonical":"https:\/\/www.domainemaisonblanche.ch\/de\/produit\/aoc-mont-sur-rolle-grand-crula-part-des-anges\/","og_locale":"de_DE","og_type":"article","og_title":"AOC Mont-sur-Rolle Grand Cru \"la Part des Anges\"","og_description":"Chasselas, gewonnen aus alten Reben plus Ausbau im Barrique auf Hefe w\u00e4hrend eines Jahres gibt ihm F\u00fclle und Eleganz mit einer Note von Vanille. Der Anstoss dazu kam von Berufskollegen aus dem Burgund, die zu Besuch waren.","og_url":"https:\/\/www.domainemaisonblanche.ch\/de\/produit\/aoc-mont-sur-rolle-grand-crula-part-des-anges\/","og_site_name":"Domaine de Maison Blanche","article_modified_time":"2026-03-25T16:01:41+00:00","og_image":[{"width":195,"height":650,"url":"http:\/\/www.domainemaisonblanche.ch\/wp-content\/uploads\/2018\/08\/la-part-des-anges-blanc-maison-blanche-75cl.jpg","type":"image\/jpeg"}],"twitter_card":"summary_large_image","twitter_misc":{"Gesch\u00e4tzte Lesezeit":"1\u00a0Minute"},"schema":{"@context":"https:\/\/schema.org","@graph":[{"@type":"WebPage","@id":"https:\/\/www.domainemaisonblanche.ch\/de\/produit\/aoc-mont-sur-rolle-grand-crula-part-des-anges\/","url":"https:\/\/www.domainemaisonblanche.ch\/de\/produit\/aoc-mont-sur-rolle-grand-crula-part-des-anges\/","name":"AOC Mont-sur-Rolle Grand Cru \"la Part des Anges\"","isPartOf":{"@id":"https:\/\/www.domainemaisonblanche.ch\/#website"},"primaryImageOfPage":{"@id":"https:\/\/www.domainemaisonblanche.ch\/de\/produit\/aoc-mont-sur-rolle-grand-crula-part-des-anges\/#primaryimage"},"image":{"@id":"https:\/\/www.domainemaisonblanche.ch\/de\/produit\/aoc-mont-sur-rolle-grand-crula-part-des-anges\/#primaryimage"},"thumbnailUrl":"https:\/\/www.domainemaisonblanche.ch\/wp-content\/uploads\/2018\/08\/la-part-des-anges-blanc-maison-blanche-75cl.jpg","datePublished":"2018-08-08T03:00:52+00:00","dateModified":"2026-03-25T16:01:41+00:00","description":"Chasselas, gewonnen aus alten Reben plus Ausbau im Barrique auf Hefe w\u00e4hrend eines Jahres gibt ihm F\u00fclle und Eleganz mit einer Note von Vanille. Der Anstoss dazu kam von Berufskollegen aus dem Burgund, die zu Besuch waren.","breadcrumb":{"@id":"https:\/\/www.domainemaisonblanche.ch\/de\/produit\/aoc-mont-sur-rolle-grand-crula-part-des-anges\/#breadcrumb"},"inLanguage":"de","potentialAction":[{"@type":"ReadAction","target":["https:\/\/www.domainemaisonblanche.ch\/de\/produit\/aoc-mont-sur-rolle-grand-crula-part-des-anges\/"]}]},{"@type":"ImageObject","inLanguage":"de","@id":"https:\/\/www.domainemaisonblanche.ch\/de\/produit\/aoc-mont-sur-rolle-grand-crula-part-des-anges\/#primaryimage","url":"https:\/\/www.domainemaisonblanche.ch\/wp-content\/uploads\/2018\/08\/la-part-des-anges-blanc-maison-blanche-75cl.jpg","contentUrl":"https:\/\/www.domainemaisonblanche.ch\/wp-content\/uploads\/2018\/08\/la-part-des-anges-blanc-maison-blanche-75cl.jpg","width":195,"height":650,"caption":"la-part-des-anges-blanc-maison-blanche-75cl"},{"@type":"BreadcrumbList","@id":"https:\/\/www.domainemaisonblanche.ch\/de\/produit\/aoc-mont-sur-rolle-grand-crula-part-des-anges\/#breadcrumb","itemListElement":[{"@type":"ListItem","position":1,"name":"Accueil","item":"https:\/\/www.domainemaisonblanche.ch\/de\/"},{"@type":"ListItem","position":2,"name":"Gesch\u00e4ft","item":"https:\/\/www.domainemaisonblanche.ch\/de\/boutique\/"},{"@type":"ListItem","position":3,"name":"AOC Mont-sur-Rolle Grand Cru,&#8221;la Part des Anges&#8221; 2021"}]},{"@type":"WebSite","@id":"https:\/\/www.domainemaisonblanche.ch\/#website","url":"https:\/\/www.domainemaisonblanche.ch\/","name":"Domaine de Maison Blanche","description":"Le Chasselas dans tous ses \u00e9tats !","publisher":{"@id":"https:\/\/www.domainemaisonblanche.ch\/#organization"},"potentialAction":[{"@type":"SearchAction","target":{"@type":"EntryPoint","urlTemplate":"https:\/\/www.domainemaisonblanche.ch\/?s={search_term_string}"},"query-input":{"@type":"PropertyValueSpecification","valueRequired":true,"valueName":"search_term_string"}}],"inLanguage":"de"},{"@type":"Organization","@id":"https:\/\/www.domainemaisonblanche.ch\/#organization","name":"Domaine de Maison Blanche","url":"https:\/\/www.domainemaisonblanche.ch\/","logo":{"@type":"ImageObject","inLanguage":"de","@id":"https:\/\/www.domainemaisonblanche.ch\/#\/schema\/logo\/image\/","url":"https:\/\/www.domainemaisonblanche.ch\/wp-content\/uploads\/2019\/03\/logo-maison-blanche.png","contentUrl":"https:\/\/www.domainemaisonblanche.ch\/wp-content\/uploads\/2019\/03\/logo-maison-blanche.png","width":144,"height":144,"caption":"Domaine de Maison Blanche"},"image":{"@id":"https:\/\/www.domainemaisonblanche.ch\/#\/schema\/logo\/image\/"}}]}},"_links":{"self":[{"href":"https:\/\/www.domainemaisonblanche.ch\/de\/wp-json\/wp\/v2\/product\/818","targetHints":{"allow":["GET"]}}],"collection":[{"href":"https:\/\/www.domainemaisonblanche.ch\/de\/wp-json\/wp\/v2\/product"}],"about":[{"href":"https:\/\/www.domainemaisonblanche.ch\/de\/wp-json\/wp\/v2\/types\/product"}],"replies":[{"embeddable":true,"href":"https:\/\/www.domainemaisonblanche.ch\/de\/wp-json\/wp\/v2\/comments?post=818"}],"wp:featuredmedia":[{"embeddable":true,"href":"https:\/\/www.domainemaisonblanche.ch\/de\/wp-json\/wp\/v2\/media\/892"}],"wp:attachment":[{"href":"https:\/\/www.domainemaisonblanche.ch\/de\/wp-json\/wp\/v2\/media?parent=818"}],"wp:term":[{"taxonomy":"product_brand","embeddable":true,"href":"https:\/\/www.domainemaisonblanche.ch\/de\/wp-json\/wp\/v2\/product_brand?post=818"},{"taxonomy":"product_cat","embeddable":true,"href":"https:\/\/www.domainemaisonblanche.ch\/de\/wp-json\/wp\/v2\/product_cat?post=818"},{"taxonomy":"product_tag","embeddable":true,"href":"https:\/\/www.domainemaisonblanche.ch\/de\/wp-json\/wp\/v2\/product_tag?post=818"}],"curies":[{"name":"wp","href":"https:\/\/api.w.org\/{rel}","templated":true}]}}