{"id":829,"date":"2018-08-08T04:00:45","date_gmt":"2018-08-08T02:00:45","guid":{"rendered":"https:\/\/www.domainemaisonblanche.ch\/produit\/aoc-mont-rolle-grand-cru-viognier-sec\/"},"modified":"2026-03-25T17:02:49","modified_gmt":"2026-03-25T16:02:49","slug":"aoc-mont-rolle-grand-cru-viognier-sec","status":"publish","type":"product","link":"https:\/\/www.domainemaisonblanche.ch\/de\/produit\/aoc-mont-rolle-grand-cru-viognier-sec\/","title":{"rendered":"AOC Mont-sur-Rolle Grand Cru, Viognier sec 2018"},"content":{"rendered":"<h2>AOC Mont-sur-Rolle Grand Cru, Viognier trocken<\/h2>\n<p>Es war wie Liebe auf den ersten Blick, als ich mit ihm Bekanntschaft machte in seiner Heimat (Condrieu, in der N\u00e4he von Vienne\/Lyon). Hier, am Genfer See, scheint es ihm gut zu gefallen. Eine Rebsorte mit geringem Ertrag. Seine Aromen von Pfirsich und Aprikose entwickeln sich w\u00e4hrend des zw\u00f6lfmonatigen Ausbaus im fass. Ein aussergew\u00f6hnlicher Wein.<br \/>\nPasst zu Krusten und Schalentieren und zu Nachspeisen. Wird auch als Aperitif sehr gesch\u00e4tzt.<\/p>\n<p>Ausschenktemperatur: 14-15\u00b0C.<br \/>\nGenussreife: 3 bis 4 Jahre nach dem Kauf<\/p>\n","protected":false},"excerpt":{"rendered":"<p><strong>Passt zu Krusten und Schalentieren und zu Nachspeisen. Wird auch als Aperitif sehr gesch\u00e4tzt.<\/strong><\/p>\n<p>Ausschenktemperatur: 14-15\u00b0C.<br \/>\nGenussreife: 3 bis 4 Jahre nach dem Kauf<\/p>\n<ul>\n<li>Karton zu 3 Flaschen 75 cl =\u00a0<strong>CHF 60<\/strong>\u00a0(20.- pro Fl.)<\/li>\n<\/ul>\n","protected":false},"featured_media":898,"comment_status":"open","ping_status":"closed","template":"","meta":{"_et_pb_use_builder":"","_et_pb_old_content":"","_et_gb_content_width":"","iawp_total_views":17},"product_brand":[],"product_cat":[1406],"product_tag":[],"class_list":{"0":"post-829","1":"product","2":"type-product","3":"status-publish","4":"has-post-thumbnail","6":"product_cat-weissweine","8":"first","9":"instock","10":"shipping-taxable","11":"purchasable","12":"product-type-simple"},"group_of_quantity":3,"min_quantity":3,"max_quantity":"","exclude_order_quantity_value_rules":"no","exclude_category_quantity_rules":"no","combine_variations":"no","yoast_head":"<!-- This site is optimized with the Yoast SEO plugin v26.8 - https:\/\/yoast.com\/product\/yoast-seo-wordpress\/ -->\n<title>AOC Mont-sur-Rolle Grand Cru Viognier sec<\/title>\n<meta name=\"description\" content=\"Es war wie Liebe auf den ersten Blick, als ich mit ihm Bekanntschaft machte in seiner Heimat (Condrieu, in der N\u00e4he von Vienne\/Lyon). Hier, am Genfer See, scheint es ihm gut zu gefallen. Eine Rebsorte mit geringem Ertrag. Seine Aromen von Pfirsich und Aprikose entwickeln sich w\u00e4hrend des zw\u00f6lfmonatigen Ausbaus im fass.\" \/>\n<meta name=\"robots\" content=\"index, follow, max-snippet:-1, max-image-preview:large, max-video-preview:-1\" \/>\n<link rel=\"canonical\" href=\"https:\/\/www.domainemaisonblanche.ch\/de\/produit\/aoc-mont-rolle-grand-cru-viognier-sec\/\" \/>\n<meta property=\"og:locale\" content=\"de_DE\" \/>\n<meta property=\"og:type\" content=\"article\" \/>\n<meta property=\"og:title\" content=\"AOC Mont-sur-Rolle Grand Cru Viognier sec\" \/>\n<meta property=\"og:description\" content=\"Es war wie Liebe auf den ersten Blick, als ich mit ihm Bekanntschaft machte in seiner Heimat (Condrieu, in der N\u00e4he von Vienne\/Lyon). Hier, am Genfer See, scheint es ihm gut zu gefallen. Eine Rebsorte mit geringem Ertrag. Seine Aromen von Pfirsich und Aprikose entwickeln sich w\u00e4hrend des zw\u00f6lfmonatigen Ausbaus im fass.\" \/>\n<meta property=\"og:url\" content=\"https:\/\/www.domainemaisonblanche.ch\/de\/produit\/aoc-mont-rolle-grand-cru-viognier-sec\/\" \/>\n<meta property=\"og:site_name\" content=\"Domaine de Maison Blanche\" \/>\n<meta property=\"article:modified_time\" content=\"2026-03-25T16:02:49+00:00\" \/>\n<meta property=\"og:image\" content=\"https:\/\/www.domainemaisonblanche.ch\/wp-content\/uploads\/2018\/08\/viognier-maison-blanche-75cl.jpg\" \/>\n\t<meta property=\"og:image:width\" content=\"195\" \/>\n\t<meta property=\"og:image:height\" content=\"650\" \/>\n\t<meta property=\"og:image:type\" content=\"image\/jpeg\" \/>\n<meta name=\"twitter:card\" content=\"summary_large_image\" \/>\n<meta name=\"twitter:label1\" content=\"Gesch\u00e4tzte Lesezeit\" \/>\n\t<meta name=\"twitter:data1\" content=\"1\u00a0Minute\" \/>\n<script type=\"application\/ld+json\" class=\"yoast-schema-graph\">{\"@context\":\"https:\/\/schema.org\",\"@graph\":[{\"@type\":\"WebPage\",\"@id\":\"https:\/\/www.domainemaisonblanche.ch\/de\/produit\/aoc-mont-rolle-grand-cru-viognier-sec\/\",\"url\":\"https:\/\/www.domainemaisonblanche.ch\/de\/produit\/aoc-mont-rolle-grand-cru-viognier-sec\/\",\"name\":\"AOC Mont-sur-Rolle Grand Cru Viognier sec\",\"isPartOf\":{\"@id\":\"https:\/\/www.domainemaisonblanche.ch\/en\/#website\"},\"primaryImageOfPage\":{\"@id\":\"https:\/\/www.domainemaisonblanche.ch\/de\/produit\/aoc-mont-rolle-grand-cru-viognier-sec\/#primaryimage\"},\"image\":{\"@id\":\"https:\/\/www.domainemaisonblanche.ch\/de\/produit\/aoc-mont-rolle-grand-cru-viognier-sec\/#primaryimage\"},\"thumbnailUrl\":\"https:\/\/www.domainemaisonblanche.ch\/wp-content\/uploads\/2018\/08\/viognier-maison-blanche-75cl.jpg\",\"datePublished\":\"2018-08-08T02:00:45+00:00\",\"dateModified\":\"2026-03-25T16:02:49+00:00\",\"description\":\"Es war wie Liebe auf den ersten Blick, als ich mit ihm Bekanntschaft machte in seiner Heimat (Condrieu, in der N\u00e4he von Vienne\/Lyon). Hier, am Genfer See, scheint es ihm gut zu gefallen. Eine Rebsorte mit geringem Ertrag. Seine Aromen von Pfirsich und Aprikose entwickeln sich w\u00e4hrend des zw\u00f6lfmonatigen Ausbaus im fass.\",\"breadcrumb\":{\"@id\":\"https:\/\/www.domainemaisonblanche.ch\/de\/produit\/aoc-mont-rolle-grand-cru-viognier-sec\/#breadcrumb\"},\"inLanguage\":\"de\",\"potentialAction\":[{\"@type\":\"ReadAction\",\"target\":[\"https:\/\/www.domainemaisonblanche.ch\/de\/produit\/aoc-mont-rolle-grand-cru-viognier-sec\/\"]}]},{\"@type\":\"ImageObject\",\"inLanguage\":\"de\",\"@id\":\"https:\/\/www.domainemaisonblanche.ch\/de\/produit\/aoc-mont-rolle-grand-cru-viognier-sec\/#primaryimage\",\"url\":\"https:\/\/www.domainemaisonblanche.ch\/wp-content\/uploads\/2018\/08\/viognier-maison-blanche-75cl.jpg\",\"contentUrl\":\"https:\/\/www.domainemaisonblanche.ch\/wp-content\/uploads\/2018\/08\/viognier-maison-blanche-75cl.jpg\",\"width\":195,\"height\":650,\"caption\":\"viognier-maison-blanche-75cl\"},{\"@type\":\"BreadcrumbList\",\"@id\":\"https:\/\/www.domainemaisonblanche.ch\/de\/produit\/aoc-mont-rolle-grand-cru-viognier-sec\/#breadcrumb\",\"itemListElement\":[{\"@type\":\"ListItem\",\"position\":1,\"name\":\"Accueil\",\"item\":\"http:\/\/www.domainemaisonblanche.ch\/de\/\"},{\"@type\":\"ListItem\",\"position\":2,\"name\":\"Gesch\u00e4ft\",\"item\":\"http:\/\/www.domainemaisonblanche.ch\/de\/boutique\/\"},{\"@type\":\"ListItem\",\"position\":3,\"name\":\"AOC Mont-sur-Rolle Grand Cru, Viognier sec 2018\"}]},{\"@type\":\"WebSite\",\"@id\":\"https:\/\/www.domainemaisonblanche.ch\/en\/#website\",\"url\":\"https:\/\/www.domainemaisonblanche.ch\/en\/\",\"name\":\"Domaine de Maison Blanche\",\"description\":\"Le Chasselas dans tous ses \u00e9tats !\",\"publisher\":{\"@id\":\"https:\/\/www.domainemaisonblanche.ch\/en\/#organization\"},\"potentialAction\":[{\"@type\":\"SearchAction\",\"target\":{\"@type\":\"EntryPoint\",\"urlTemplate\":\"https:\/\/www.domainemaisonblanche.ch\/en\/?s={search_term_string}\"},\"query-input\":{\"@type\":\"PropertyValueSpecification\",\"valueRequired\":true,\"valueName\":\"search_term_string\"}}],\"inLanguage\":\"de\"},{\"@type\":\"Organization\",\"@id\":\"https:\/\/www.domainemaisonblanche.ch\/en\/#organization\",\"name\":\"Domaine de Maison Blanche\",\"url\":\"https:\/\/www.domainemaisonblanche.ch\/en\/\",\"logo\":{\"@type\":\"ImageObject\",\"inLanguage\":\"de\",\"@id\":\"https:\/\/www.domainemaisonblanche.ch\/en\/#\/schema\/logo\/image\/\",\"url\":\"https:\/\/www.domainemaisonblanche.ch\/wp-content\/uploads\/2019\/03\/logo-maison-blanche.png\",\"contentUrl\":\"https:\/\/www.domainemaisonblanche.ch\/wp-content\/uploads\/2019\/03\/logo-maison-blanche.png\",\"width\":144,\"height\":144,\"caption\":\"Domaine de Maison Blanche\"},\"image\":{\"@id\":\"https:\/\/www.domainemaisonblanche.ch\/en\/#\/schema\/logo\/image\/\"}}]}<\/script>\n<!-- \/ Yoast SEO plugin. -->","yoast_head_json":{"title":"AOC Mont-sur-Rolle Grand Cru Viognier sec","description":"Es war wie Liebe auf den ersten Blick, als ich mit ihm Bekanntschaft machte in seiner Heimat (Condrieu, in der N\u00e4he von Vienne\/Lyon). Hier, am Genfer See, scheint es ihm gut zu gefallen. Eine Rebsorte mit geringem Ertrag. Seine Aromen von Pfirsich und Aprikose entwickeln sich w\u00e4hrend des zw\u00f6lfmonatigen Ausbaus im fass.","robots":{"index":"index","follow":"follow","max-snippet":"max-snippet:-1","max-image-preview":"max-image-preview:large","max-video-preview":"max-video-preview:-1"},"canonical":"https:\/\/www.domainemaisonblanche.ch\/de\/produit\/aoc-mont-rolle-grand-cru-viognier-sec\/","og_locale":"de_DE","og_type":"article","og_title":"AOC Mont-sur-Rolle Grand Cru Viognier sec","og_description":"Es war wie Liebe auf den ersten Blick, als ich mit ihm Bekanntschaft machte in seiner Heimat (Condrieu, in der N\u00e4he von Vienne\/Lyon). Hier, am Genfer See, scheint es ihm gut zu gefallen. Eine Rebsorte mit geringem Ertrag. Seine Aromen von Pfirsich und Aprikose entwickeln sich w\u00e4hrend des zw\u00f6lfmonatigen Ausbaus im fass.","og_url":"https:\/\/www.domainemaisonblanche.ch\/de\/produit\/aoc-mont-rolle-grand-cru-viognier-sec\/","og_site_name":"Domaine de Maison Blanche","article_modified_time":"2026-03-25T16:02:49+00:00","og_image":[{"width":195,"height":650,"url":"https:\/\/www.domainemaisonblanche.ch\/wp-content\/uploads\/2018\/08\/viognier-maison-blanche-75cl.jpg","type":"image\/jpeg"}],"twitter_card":"summary_large_image","twitter_misc":{"Gesch\u00e4tzte Lesezeit":"1\u00a0Minute"},"schema":{"@context":"https:\/\/schema.org","@graph":[{"@type":"WebPage","@id":"https:\/\/www.domainemaisonblanche.ch\/de\/produit\/aoc-mont-rolle-grand-cru-viognier-sec\/","url":"https:\/\/www.domainemaisonblanche.ch\/de\/produit\/aoc-mont-rolle-grand-cru-viognier-sec\/","name":"AOC Mont-sur-Rolle Grand Cru Viognier sec","isPartOf":{"@id":"https:\/\/www.domainemaisonblanche.ch\/en\/#website"},"primaryImageOfPage":{"@id":"https:\/\/www.domainemaisonblanche.ch\/de\/produit\/aoc-mont-rolle-grand-cru-viognier-sec\/#primaryimage"},"image":{"@id":"https:\/\/www.domainemaisonblanche.ch\/de\/produit\/aoc-mont-rolle-grand-cru-viognier-sec\/#primaryimage"},"thumbnailUrl":"https:\/\/www.domainemaisonblanche.ch\/wp-content\/uploads\/2018\/08\/viognier-maison-blanche-75cl.jpg","datePublished":"2018-08-08T02:00:45+00:00","dateModified":"2026-03-25T16:02:49+00:00","description":"Es war wie Liebe auf den ersten Blick, als ich mit ihm Bekanntschaft machte in seiner Heimat (Condrieu, in der N\u00e4he von Vienne\/Lyon). Hier, am Genfer See, scheint es ihm gut zu gefallen. Eine Rebsorte mit geringem Ertrag. Seine Aromen von Pfirsich und Aprikose entwickeln sich w\u00e4hrend des zw\u00f6lfmonatigen Ausbaus im fass.","breadcrumb":{"@id":"https:\/\/www.domainemaisonblanche.ch\/de\/produit\/aoc-mont-rolle-grand-cru-viognier-sec\/#breadcrumb"},"inLanguage":"de","potentialAction":[{"@type":"ReadAction","target":["https:\/\/www.domainemaisonblanche.ch\/de\/produit\/aoc-mont-rolle-grand-cru-viognier-sec\/"]}]},{"@type":"ImageObject","inLanguage":"de","@id":"https:\/\/www.domainemaisonblanche.ch\/de\/produit\/aoc-mont-rolle-grand-cru-viognier-sec\/#primaryimage","url":"https:\/\/www.domainemaisonblanche.ch\/wp-content\/uploads\/2018\/08\/viognier-maison-blanche-75cl.jpg","contentUrl":"https:\/\/www.domainemaisonblanche.ch\/wp-content\/uploads\/2018\/08\/viognier-maison-blanche-75cl.jpg","width":195,"height":650,"caption":"viognier-maison-blanche-75cl"},{"@type":"BreadcrumbList","@id":"https:\/\/www.domainemaisonblanche.ch\/de\/produit\/aoc-mont-rolle-grand-cru-viognier-sec\/#breadcrumb","itemListElement":[{"@type":"ListItem","position":1,"name":"Accueil","item":"http:\/\/www.domainemaisonblanche.ch\/de\/"},{"@type":"ListItem","position":2,"name":"Gesch\u00e4ft","item":"http:\/\/www.domainemaisonblanche.ch\/de\/boutique\/"},{"@type":"ListItem","position":3,"name":"AOC Mont-sur-Rolle Grand Cru, Viognier sec 2018"}]},{"@type":"WebSite","@id":"https:\/\/www.domainemaisonblanche.ch\/en\/#website","url":"https:\/\/www.domainemaisonblanche.ch\/en\/","name":"Domaine de Maison Blanche","description":"Le Chasselas dans tous ses \u00e9tats !","publisher":{"@id":"https:\/\/www.domainemaisonblanche.ch\/en\/#organization"},"potentialAction":[{"@type":"SearchAction","target":{"@type":"EntryPoint","urlTemplate":"https:\/\/www.domainemaisonblanche.ch\/en\/?s={search_term_string}"},"query-input":{"@type":"PropertyValueSpecification","valueRequired":true,"valueName":"search_term_string"}}],"inLanguage":"de"},{"@type":"Organization","@id":"https:\/\/www.domainemaisonblanche.ch\/en\/#organization","name":"Domaine de Maison Blanche","url":"https:\/\/www.domainemaisonblanche.ch\/en\/","logo":{"@type":"ImageObject","inLanguage":"de","@id":"https:\/\/www.domainemaisonblanche.ch\/en\/#\/schema\/logo\/image\/","url":"https:\/\/www.domainemaisonblanche.ch\/wp-content\/uploads\/2019\/03\/logo-maison-blanche.png","contentUrl":"https:\/\/www.domainemaisonblanche.ch\/wp-content\/uploads\/2019\/03\/logo-maison-blanche.png","width":144,"height":144,"caption":"Domaine de Maison Blanche"},"image":{"@id":"https:\/\/www.domainemaisonblanche.ch\/en\/#\/schema\/logo\/image\/"}}]}},"_links":{"self":[{"href":"https:\/\/www.domainemaisonblanche.ch\/de\/wp-json\/wp\/v2\/product\/829","targetHints":{"allow":["GET"]}}],"collection":[{"href":"https:\/\/www.domainemaisonblanche.ch\/de\/wp-json\/wp\/v2\/product"}],"about":[{"href":"https:\/\/www.domainemaisonblanche.ch\/de\/wp-json\/wp\/v2\/types\/product"}],"replies":[{"embeddable":true,"href":"https:\/\/www.domainemaisonblanche.ch\/de\/wp-json\/wp\/v2\/comments?post=829"}],"wp:featuredmedia":[{"embeddable":true,"href":"https:\/\/www.domainemaisonblanche.ch\/de\/wp-json\/wp\/v2\/media\/898"}],"wp:attachment":[{"href":"https:\/\/www.domainemaisonblanche.ch\/de\/wp-json\/wp\/v2\/media?parent=829"}],"wp:term":[{"taxonomy":"product_brand","embeddable":true,"href":"https:\/\/www.domainemaisonblanche.ch\/de\/wp-json\/wp\/v2\/product_brand?post=829"},{"taxonomy":"product_cat","embeddable":true,"href":"https:\/\/www.domainemaisonblanche.ch\/de\/wp-json\/wp\/v2\/product_cat?post=829"},{"taxonomy":"product_tag","embeddable":true,"href":"https:\/\/www.domainemaisonblanche.ch\/de\/wp-json\/wp\/v2\/product_tag?post=829"}],"curies":[{"name":"wp","href":"https:\/\/api.w.org\/{rel}","templated":true}]}}