{"id":844,"date":"2018-08-08T09:00:43","date_gmt":"2018-08-08T07:00:43","guid":{"rendered":"https:\/\/www.domainemaisonblanche.ch\/produit\/aoc-mont-rolle-grand-cru-vieux-chasselas-doux\/"},"modified":"2026-03-25T17:11:09","modified_gmt":"2026-03-25T16:11:09","slug":"aoc-mont-rolle-grand-cru-vieux-chasselas-doux","status":"publish","type":"product","link":"https:\/\/www.domainemaisonblanche.ch\/de\/produit\/aoc-mont-rolle-grand-cru-vieux-chasselas-doux\/","title":{"rendered":"AOC Mont-sur-Rolle Grand Cru, Vieux Chasselas doux 2009"},"content":{"rendered":"<h2>AOC Mont-sur-Rolle Grand Cru, Vieux Chasselas doux<\/h2>\n<p>Wird hergestellt nach der Methode des deutschen Eisweins, d.h. die Ernte wird gefroren gepresst (das Eis bleibt h\u00e4ngen, da Zucker vor Wasser schmilzt), um so einen hoch konzentrierten Traubenmost zu erhalten. Ist er einmal Wein geworden, so wird er in neuen Eichenf\u00e4ssern gekeltert, wobei es zu einer sehr interessanten Symbiose zwischen Vanille dem rauchigen Geschmack des Eichenholzes und dem Lindenbouquett des gereiften Chasselas kommt.<br \/>\nOhne Zweifel ein Wein, der in der Gastronomie seinen Platz hat, der aber auch \u00fcberzeugt bei einem Nachtisch, oder bei einem Gl\u00e4sle zu zweit.<\/p>\n<p>Ist sehr lange lagerungsf\u00e4hig.<br \/>\nAusschenktemperatur 10-11\u00b0C.<\/p>\n","protected":false},"excerpt":{"rendered":"<div style=\"margin: 20px 0 5px; padding-bottom: 5px; line-height: 1;\"><a href=\"https:\/\/www.ipsuisse.ch\/fr\/consomateurs-2\/produits\/#toggle-id-9\" target=\"_blank\" rel=\"noopener\"><img decoding=\"async\" class=\"alignleft wp-image-5074 size-full\" title=\"Les produits IP-SUISSE\" src=\"https:\/\/www.domainemaisonblanche.ch\/wp-content\/uploads\/2018\/08\/ip-suisse-domaine-maison-blanche.png\" alt=\"IP SUISSE Domaine de Maison Blanche\" width=\"80\" height=\"80\" srcset=\"https:\/\/www.domainemaisonblanche.ch\/wp-content\/uploads\/2018\/08\/ip-suisse-domaine-maison-blanche.png 200w, https:\/\/www.domainemaisonblanche.ch\/wp-content\/uploads\/2018\/08\/ip-suisse-domaine-maison-blanche-150x150.png 150w, https:\/\/www.domainemaisonblanche.ch\/wp-content\/uploads\/2018\/08\/ip-suisse-domaine-maison-blanche-100x100.png 100w\" sizes=\"(max-width: 80px) 100vw, 80px\" \/><\/a><\/div>\n<p><strong>Ohne Zweifel ein Wein, der in der Gastronomie seinen Platz hat, der aber auch \u00fcberzeugt bei einem Nachtisch, oder bei einem Gl\u00e4sle zu zweit.<\/strong><\/p>\n<p>Ist sehr lange lagerungsf\u00e4hig.<br \/>\nAusschenktemperatur 10-11\u00b0C.<\/p>\n<ul>\n<li>1 Flashe 37.5 cl =\u00a0<strong>CHF 46.20<\/strong>\u00a0(zu dem St\u00fcck)<\/li>\n<\/ul>\n","protected":false},"featured_media":932,"comment_status":"open","ping_status":"closed","template":"","meta":{"_et_pb_use_builder":"","_et_pb_old_content":"","_et_gb_content_width":"","iawp_total_views":21},"product_brand":[],"product_cat":[1405],"product_tag":[],"class_list":{"0":"post-844","1":"product","2":"type-product","3":"status-publish","4":"has-post-thumbnail","6":"product_cat-suessweine-oxidativ-gereifte-weine","8":"first","9":"instock","10":"shipping-taxable","11":"purchasable","12":"product-type-simple"},"group_of_quantity":0,"min_quantity":0,"max_quantity":"","exclude_order_quantity_value_rules":"no","exclude_category_quantity_rules":"no","combine_variations":"no","yoast_head":"<!-- This site is optimized with the Yoast SEO plugin v26.8 - https:\/\/yoast.com\/product\/yoast-seo-wordpress\/ -->\n<title>AOC Mont-sur-Rolle Grand Cru, Vieux Chasselas doux 2009 - Domaine de Maison Blanche<\/title>\n<meta name=\"description\" content=\"Ohne Zweifel ein Wein, der in der Gastronomie seinen Platz hat, der aber auch \u00fcberzeugt bei einem Nachtisch, oder bei einem Gl\u00e4sle zu zweit.  Ist sehr lange lagerungsf\u00e4hig. Ausschenktemperatur 10-11\u00b0C.   1 Flashe 37.5 cl =\u00a0CHF 46.20\u00a0(zu dem St\u00fcck)\" \/>\n<meta name=\"robots\" content=\"index, follow, max-snippet:-1, max-image-preview:large, max-video-preview:-1\" \/>\n<link rel=\"canonical\" href=\"https:\/\/www.domainemaisonblanche.ch\/de\/produit\/aoc-mont-rolle-grand-cru-vieux-chasselas-doux\/\" \/>\n<meta property=\"og:locale\" content=\"de_DE\" \/>\n<meta property=\"og:type\" content=\"article\" \/>\n<meta property=\"og:title\" content=\"AOC Mont-sur-Rolle Grand Cru, Vieux Chasselas doux 2009 - Domaine de Maison Blanche\" \/>\n<meta property=\"og:description\" content=\"Ohne Zweifel ein Wein, der in der Gastronomie seinen Platz hat, der aber auch \u00fcberzeugt bei einem Nachtisch, oder bei einem Gl\u00e4sle zu zweit.  Ist sehr lange lagerungsf\u00e4hig. Ausschenktemperatur 10-11\u00b0C.   1 Flashe 37.5 cl =\u00a0CHF 46.20\u00a0(zu dem St\u00fcck)\" \/>\n<meta property=\"og:url\" content=\"https:\/\/www.domainemaisonblanche.ch\/de\/produit\/aoc-mont-rolle-grand-cru-vieux-chasselas-doux\/\" \/>\n<meta property=\"og:site_name\" content=\"Domaine de Maison Blanche\" \/>\n<meta property=\"article:modified_time\" content=\"2026-03-25T16:11:09+00:00\" \/>\n<meta property=\"og:image\" content=\"http:\/\/www.domainemaisonblanche.ch\/wp-content\/uploads\/2018\/08\/chasselas-doux-maison-blanche-chasselas-37.5cl.jpg\" \/>\n\t<meta property=\"og:image:width\" content=\"195\" \/>\n\t<meta property=\"og:image:height\" content=\"650\" \/>\n\t<meta property=\"og:image:type\" content=\"image\/jpeg\" \/>\n<meta name=\"twitter:card\" content=\"summary_large_image\" \/>\n<meta name=\"twitter:label1\" content=\"Gesch\u00e4tzte Lesezeit\" \/>\n\t<meta name=\"twitter:data1\" content=\"1\u00a0Minute\" \/>\n<script type=\"application\/ld+json\" class=\"yoast-schema-graph\">{\"@context\":\"https:\/\/schema.org\",\"@graph\":[{\"@type\":\"WebPage\",\"@id\":\"https:\/\/www.domainemaisonblanche.ch\/de\/produit\/aoc-mont-rolle-grand-cru-vieux-chasselas-doux\/\",\"url\":\"https:\/\/www.domainemaisonblanche.ch\/de\/produit\/aoc-mont-rolle-grand-cru-vieux-chasselas-doux\/\",\"name\":\"AOC Mont-sur-Rolle Grand Cru, Vieux Chasselas doux 2009 - Domaine de Maison Blanche\",\"isPartOf\":{\"@id\":\"https:\/\/www.domainemaisonblanche.ch\/#website\"},\"primaryImageOfPage\":{\"@id\":\"https:\/\/www.domainemaisonblanche.ch\/de\/produit\/aoc-mont-rolle-grand-cru-vieux-chasselas-doux\/#primaryimage\"},\"image\":{\"@id\":\"https:\/\/www.domainemaisonblanche.ch\/de\/produit\/aoc-mont-rolle-grand-cru-vieux-chasselas-doux\/#primaryimage\"},\"thumbnailUrl\":\"https:\/\/www.domainemaisonblanche.ch\/wp-content\/uploads\/2018\/08\/chasselas-doux-maison-blanche-chasselas-37.5cl.jpg\",\"datePublished\":\"2018-08-08T07:00:43+00:00\",\"dateModified\":\"2026-03-25T16:11:09+00:00\",\"description\":\"Ohne Zweifel ein Wein, der in der Gastronomie seinen Platz hat, der aber auch \u00fcberzeugt bei einem Nachtisch, oder bei einem Gl\u00e4sle zu zweit. Ist sehr lange lagerungsf\u00e4hig. Ausschenktemperatur 10-11\u00b0C. 1 Flashe 37.5 cl =\u00a0CHF 46.20\u00a0(zu dem St\u00fcck)\",\"breadcrumb\":{\"@id\":\"https:\/\/www.domainemaisonblanche.ch\/de\/produit\/aoc-mont-rolle-grand-cru-vieux-chasselas-doux\/#breadcrumb\"},\"inLanguage\":\"de\",\"potentialAction\":[{\"@type\":\"ReadAction\",\"target\":[\"https:\/\/www.domainemaisonblanche.ch\/de\/produit\/aoc-mont-rolle-grand-cru-vieux-chasselas-doux\/\"]}]},{\"@type\":\"ImageObject\",\"inLanguage\":\"de\",\"@id\":\"https:\/\/www.domainemaisonblanche.ch\/de\/produit\/aoc-mont-rolle-grand-cru-vieux-chasselas-doux\/#primaryimage\",\"url\":\"https:\/\/www.domainemaisonblanche.ch\/wp-content\/uploads\/2018\/08\/chasselas-doux-maison-blanche-chasselas-37.5cl.jpg\",\"contentUrl\":\"https:\/\/www.domainemaisonblanche.ch\/wp-content\/uploads\/2018\/08\/chasselas-doux-maison-blanche-chasselas-37.5cl.jpg\",\"width\":195,\"height\":650,\"caption\":\"chasselas-doux-maison-blanche-chasselas-37.5cl\"},{\"@type\":\"BreadcrumbList\",\"@id\":\"https:\/\/www.domainemaisonblanche.ch\/de\/produit\/aoc-mont-rolle-grand-cru-vieux-chasselas-doux\/#breadcrumb\",\"itemListElement\":[{\"@type\":\"ListItem\",\"position\":1,\"name\":\"Accueil\",\"item\":\"https:\/\/www.domainemaisonblanche.ch\/de\/\"},{\"@type\":\"ListItem\",\"position\":2,\"name\":\"Gesch\u00e4ft\",\"item\":\"https:\/\/www.domainemaisonblanche.ch\/de\/boutique\/\"},{\"@type\":\"ListItem\",\"position\":3,\"name\":\"AOC Mont-sur-Rolle Grand Cru, Vieux Chasselas doux 2009\"}]},{\"@type\":\"WebSite\",\"@id\":\"https:\/\/www.domainemaisonblanche.ch\/#website\",\"url\":\"https:\/\/www.domainemaisonblanche.ch\/\",\"name\":\"Domaine de Maison Blanche\",\"description\":\"Le Chasselas dans tous ses \u00e9tats !\",\"publisher\":{\"@id\":\"https:\/\/www.domainemaisonblanche.ch\/#organization\"},\"potentialAction\":[{\"@type\":\"SearchAction\",\"target\":{\"@type\":\"EntryPoint\",\"urlTemplate\":\"https:\/\/www.domainemaisonblanche.ch\/?s={search_term_string}\"},\"query-input\":{\"@type\":\"PropertyValueSpecification\",\"valueRequired\":true,\"valueName\":\"search_term_string\"}}],\"inLanguage\":\"de\"},{\"@type\":\"Organization\",\"@id\":\"https:\/\/www.domainemaisonblanche.ch\/#organization\",\"name\":\"Domaine de Maison Blanche\",\"url\":\"https:\/\/www.domainemaisonblanche.ch\/\",\"logo\":{\"@type\":\"ImageObject\",\"inLanguage\":\"de\",\"@id\":\"https:\/\/www.domainemaisonblanche.ch\/#\/schema\/logo\/image\/\",\"url\":\"https:\/\/www.domainemaisonblanche.ch\/wp-content\/uploads\/2019\/03\/logo-maison-blanche.png\",\"contentUrl\":\"https:\/\/www.domainemaisonblanche.ch\/wp-content\/uploads\/2019\/03\/logo-maison-blanche.png\",\"width\":144,\"height\":144,\"caption\":\"Domaine de Maison Blanche\"},\"image\":{\"@id\":\"https:\/\/www.domainemaisonblanche.ch\/#\/schema\/logo\/image\/\"}}]}<\/script>\n<!-- \/ Yoast SEO plugin. -->","yoast_head_json":{"title":"AOC Mont-sur-Rolle Grand Cru, Vieux Chasselas doux 2009 - Domaine de Maison Blanche","description":"Ohne Zweifel ein Wein, der in der Gastronomie seinen Platz hat, der aber auch \u00fcberzeugt bei einem Nachtisch, oder bei einem Gl\u00e4sle zu zweit.  Ist sehr lange lagerungsf\u00e4hig. Ausschenktemperatur 10-11\u00b0C.   1 Flashe 37.5 cl =\u00a0CHF 46.20\u00a0(zu dem St\u00fcck)","robots":{"index":"index","follow":"follow","max-snippet":"max-snippet:-1","max-image-preview":"max-image-preview:large","max-video-preview":"max-video-preview:-1"},"canonical":"https:\/\/www.domainemaisonblanche.ch\/de\/produit\/aoc-mont-rolle-grand-cru-vieux-chasselas-doux\/","og_locale":"de_DE","og_type":"article","og_title":"AOC Mont-sur-Rolle Grand Cru, Vieux Chasselas doux 2009 - Domaine de Maison Blanche","og_description":"Ohne Zweifel ein Wein, der in der Gastronomie seinen Platz hat, der aber auch \u00fcberzeugt bei einem Nachtisch, oder bei einem Gl\u00e4sle zu zweit.  Ist sehr lange lagerungsf\u00e4hig. Ausschenktemperatur 10-11\u00b0C.   1 Flashe 37.5 cl =\u00a0CHF 46.20\u00a0(zu dem St\u00fcck)","og_url":"https:\/\/www.domainemaisonblanche.ch\/de\/produit\/aoc-mont-rolle-grand-cru-vieux-chasselas-doux\/","og_site_name":"Domaine de Maison Blanche","article_modified_time":"2026-03-25T16:11:09+00:00","og_image":[{"width":195,"height":650,"url":"http:\/\/www.domainemaisonblanche.ch\/wp-content\/uploads\/2018\/08\/chasselas-doux-maison-blanche-chasselas-37.5cl.jpg","type":"image\/jpeg"}],"twitter_card":"summary_large_image","twitter_misc":{"Gesch\u00e4tzte Lesezeit":"1\u00a0Minute"},"schema":{"@context":"https:\/\/schema.org","@graph":[{"@type":"WebPage","@id":"https:\/\/www.domainemaisonblanche.ch\/de\/produit\/aoc-mont-rolle-grand-cru-vieux-chasselas-doux\/","url":"https:\/\/www.domainemaisonblanche.ch\/de\/produit\/aoc-mont-rolle-grand-cru-vieux-chasselas-doux\/","name":"AOC Mont-sur-Rolle Grand Cru, Vieux Chasselas doux 2009 - Domaine de Maison Blanche","isPartOf":{"@id":"https:\/\/www.domainemaisonblanche.ch\/#website"},"primaryImageOfPage":{"@id":"https:\/\/www.domainemaisonblanche.ch\/de\/produit\/aoc-mont-rolle-grand-cru-vieux-chasselas-doux\/#primaryimage"},"image":{"@id":"https:\/\/www.domainemaisonblanche.ch\/de\/produit\/aoc-mont-rolle-grand-cru-vieux-chasselas-doux\/#primaryimage"},"thumbnailUrl":"https:\/\/www.domainemaisonblanche.ch\/wp-content\/uploads\/2018\/08\/chasselas-doux-maison-blanche-chasselas-37.5cl.jpg","datePublished":"2018-08-08T07:00:43+00:00","dateModified":"2026-03-25T16:11:09+00:00","description":"Ohne Zweifel ein Wein, der in der Gastronomie seinen Platz hat, der aber auch \u00fcberzeugt bei einem Nachtisch, oder bei einem Gl\u00e4sle zu zweit. Ist sehr lange lagerungsf\u00e4hig. Ausschenktemperatur 10-11\u00b0C. 1 Flashe 37.5 cl =\u00a0CHF 46.20\u00a0(zu dem St\u00fcck)","breadcrumb":{"@id":"https:\/\/www.domainemaisonblanche.ch\/de\/produit\/aoc-mont-rolle-grand-cru-vieux-chasselas-doux\/#breadcrumb"},"inLanguage":"de","potentialAction":[{"@type":"ReadAction","target":["https:\/\/www.domainemaisonblanche.ch\/de\/produit\/aoc-mont-rolle-grand-cru-vieux-chasselas-doux\/"]}]},{"@type":"ImageObject","inLanguage":"de","@id":"https:\/\/www.domainemaisonblanche.ch\/de\/produit\/aoc-mont-rolle-grand-cru-vieux-chasselas-doux\/#primaryimage","url":"https:\/\/www.domainemaisonblanche.ch\/wp-content\/uploads\/2018\/08\/chasselas-doux-maison-blanche-chasselas-37.5cl.jpg","contentUrl":"https:\/\/www.domainemaisonblanche.ch\/wp-content\/uploads\/2018\/08\/chasselas-doux-maison-blanche-chasselas-37.5cl.jpg","width":195,"height":650,"caption":"chasselas-doux-maison-blanche-chasselas-37.5cl"},{"@type":"BreadcrumbList","@id":"https:\/\/www.domainemaisonblanche.ch\/de\/produit\/aoc-mont-rolle-grand-cru-vieux-chasselas-doux\/#breadcrumb","itemListElement":[{"@type":"ListItem","position":1,"name":"Accueil","item":"https:\/\/www.domainemaisonblanche.ch\/de\/"},{"@type":"ListItem","position":2,"name":"Gesch\u00e4ft","item":"https:\/\/www.domainemaisonblanche.ch\/de\/boutique\/"},{"@type":"ListItem","position":3,"name":"AOC Mont-sur-Rolle Grand Cru, Vieux Chasselas doux 2009"}]},{"@type":"WebSite","@id":"https:\/\/www.domainemaisonblanche.ch\/#website","url":"https:\/\/www.domainemaisonblanche.ch\/","name":"Domaine de Maison Blanche","description":"Le Chasselas dans tous ses \u00e9tats !","publisher":{"@id":"https:\/\/www.domainemaisonblanche.ch\/#organization"},"potentialAction":[{"@type":"SearchAction","target":{"@type":"EntryPoint","urlTemplate":"https:\/\/www.domainemaisonblanche.ch\/?s={search_term_string}"},"query-input":{"@type":"PropertyValueSpecification","valueRequired":true,"valueName":"search_term_string"}}],"inLanguage":"de"},{"@type":"Organization","@id":"https:\/\/www.domainemaisonblanche.ch\/#organization","name":"Domaine de Maison Blanche","url":"https:\/\/www.domainemaisonblanche.ch\/","logo":{"@type":"ImageObject","inLanguage":"de","@id":"https:\/\/www.domainemaisonblanche.ch\/#\/schema\/logo\/image\/","url":"https:\/\/www.domainemaisonblanche.ch\/wp-content\/uploads\/2019\/03\/logo-maison-blanche.png","contentUrl":"https:\/\/www.domainemaisonblanche.ch\/wp-content\/uploads\/2019\/03\/logo-maison-blanche.png","width":144,"height":144,"caption":"Domaine de Maison Blanche"},"image":{"@id":"https:\/\/www.domainemaisonblanche.ch\/#\/schema\/logo\/image\/"}}]}},"_links":{"self":[{"href":"https:\/\/www.domainemaisonblanche.ch\/de\/wp-json\/wp\/v2\/product\/844","targetHints":{"allow":["GET"]}}],"collection":[{"href":"https:\/\/www.domainemaisonblanche.ch\/de\/wp-json\/wp\/v2\/product"}],"about":[{"href":"https:\/\/www.domainemaisonblanche.ch\/de\/wp-json\/wp\/v2\/types\/product"}],"replies":[{"embeddable":true,"href":"https:\/\/www.domainemaisonblanche.ch\/de\/wp-json\/wp\/v2\/comments?post=844"}],"wp:featuredmedia":[{"embeddable":true,"href":"https:\/\/www.domainemaisonblanche.ch\/de\/wp-json\/wp\/v2\/media\/932"}],"wp:attachment":[{"href":"https:\/\/www.domainemaisonblanche.ch\/de\/wp-json\/wp\/v2\/media?parent=844"}],"wp:term":[{"taxonomy":"product_brand","embeddable":true,"href":"https:\/\/www.domainemaisonblanche.ch\/de\/wp-json\/wp\/v2\/product_brand?post=844"},{"taxonomy":"product_cat","embeddable":true,"href":"https:\/\/www.domainemaisonblanche.ch\/de\/wp-json\/wp\/v2\/product_cat?post=844"},{"taxonomy":"product_tag","embeddable":true,"href":"https:\/\/www.domainemaisonblanche.ch\/de\/wp-json\/wp\/v2\/product_tag?post=844"}],"curies":[{"name":"wp","href":"https:\/\/api.w.org\/{rel}","templated":true}]}}