{"id":848,"date":"2018-08-08T08:00:53","date_gmt":"2018-08-08T06:00:53","guid":{"rendered":"https:\/\/www.domainemaisonblanche.ch\/produit\/aoc-mont-rolle-grand-cru-viognier-doux\/"},"modified":"2026-03-25T17:09:22","modified_gmt":"2026-03-25T16:09:22","slug":"aoc-mont-rolle-grand-cru-viognier-doux","status":"publish","type":"product","link":"https:\/\/www.domainemaisonblanche.ch\/de\/produit\/aoc-mont-rolle-grand-cru-viognier-doux\/","title":{"rendered":"AOC Mont-sur-Rolle Grand Cru, Viognier doux 2024"},"content":{"rendered":"<h2>AOC Mont-sur-Rolle Grand Cru, Viognier doux.<\/h2>\n<p>Wird hergestellt nach der Methode des deutschen Eisweins, d.h. die Ernte wird gefroren gepresst (das Eis bleibt h\u00e4ngen, da Zucker vor Wasser schmilzt), um so einen hoch konzentrierten Traubenmost zu erhalten, in dessen Bouquet die f\u00fcr den Viognier typische Nase von Pfirsich und Aprikose enthalten ist, aber kandiert.<br \/>\nSein nat\u00fcrlich hoher S\u00e4uregehalt pr\u00e4destiniert ihn f\u00fcr die Gastronomie, aber auch als Begleiter zu Foie gras, rezentem K\u00e4se, oder villeicht als stiller Zeuge eines verschwiegenen T\u00eate-\u00e0-T\u00eate&#8230;<\/p>\n<p>Ausschenktemperatur 9- 10\u00b0C.<br \/>\nIst sehr lange lagerungsf\u00e4hig.<\/p>\n","protected":false},"excerpt":{"rendered":"<div style=\"margin: 20px 0 -15px; padding-bottom: 5px; line-height: 1;\"><a href=\"https:\/\/agriculture.ec.europa.eu\/farming\/organic-farming\/organic-logo_fr\" target=\"_blank\" rel=\"noopener\"><img decoding=\"async\" class=\"size-full wp-image-5077 alignleft\" src=\"https:\/\/www.domainemaisonblanche.ch\/wp-content\/uploads\/2018\/08\/label-bio-union-europeenne-domaine-maison-blanche.png\" alt=\"Logo biologique de l'UE Domaine de Maison Blanche\" width=\"80\" height=\"53\" \/><\/a><\/div>\n<p><strong>Sein nat\u00fcrlich hoher S\u00e4uregehalt pr\u00e4destiniert ihn f\u00fcr die Gastronomie, aber auch als Begleiter zu Foie gras, rezentem K\u00e4se, oder villeicht als stiller Zeuge eines verschwiegenen T\u00eate-\u00e0-T\u00eate&#8230;<\/strong><\/p>\n<p>Ausschenktemperatur 9- 10\u00b0C.<br \/>\nIst sehr lange lagerungsf\u00e4hig.<\/p>\n<ul>\n<li>1 Flashe 37.5 cl =\u00a0<strong>CHF 27.60<\/strong> (zu dem St\u00fcck)<\/li>\n<\/ul>\n","protected":false},"featured_media":907,"comment_status":"open","ping_status":"closed","template":"","meta":{"_et_pb_use_builder":"","_et_pb_old_content":"","_et_gb_content_width":"","iawp_total_views":18},"product_brand":[],"product_cat":[1405],"product_tag":[],"class_list":{"0":"post-848","1":"product","2":"type-product","3":"status-publish","4":"has-post-thumbnail","6":"product_cat-suessweine-oxidativ-gereifte-weine","8":"first","9":"instock","10":"shipping-taxable","11":"purchasable","12":"product-type-simple"},"group_of_quantity":0,"min_quantity":0,"max_quantity":"","exclude_order_quantity_value_rules":"no","exclude_category_quantity_rules":"no","combine_variations":"no","yoast_head":"<!-- This site is optimized with the Yoast SEO plugin v26.8 - https:\/\/yoast.com\/product\/yoast-seo-wordpress\/ -->\n<title>Mont-sur-Rolle Grand Cru Viognier doux<\/title>\n<meta name=\"description\" content=\"Wird hergestellt nach der Methode des deutschen Eisweins, d.h. die Ernte wird gefroren gepresst (das Eis bleibt h\u00e4ngen, da Zucker vor Wasser schmilzt), um so einen hoch konzentrierten Traubenmost zu erhalten, in dessen Bouquet die f\u00fcr den Viognier typische Nase von Pfirsich und Aprikose enthalten ist, aber kandiert.\" \/>\n<meta name=\"robots\" content=\"index, follow, max-snippet:-1, max-image-preview:large, max-video-preview:-1\" \/>\n<link rel=\"canonical\" href=\"https:\/\/www.domainemaisonblanche.ch\/de\/produit\/aoc-mont-rolle-grand-cru-viognier-doux\/\" \/>\n<meta property=\"og:locale\" content=\"de_DE\" \/>\n<meta property=\"og:type\" content=\"article\" \/>\n<meta property=\"og:title\" content=\"Mont-sur-Rolle Grand Cru Viognier doux\" \/>\n<meta property=\"og:description\" content=\"Wird hergestellt nach der Methode des deutschen Eisweins, d.h. die Ernte wird gefroren gepresst (das Eis bleibt h\u00e4ngen, da Zucker vor Wasser schmilzt), um so einen hoch konzentrierten Traubenmost zu erhalten, in dessen Bouquet die f\u00fcr den Viognier typische Nase von Pfirsich und Aprikose enthalten ist, aber kandiert.\" \/>\n<meta property=\"og:url\" content=\"https:\/\/www.domainemaisonblanche.ch\/de\/produit\/aoc-mont-rolle-grand-cru-viognier-doux\/\" \/>\n<meta property=\"og:site_name\" content=\"Domaine de Maison Blanche\" \/>\n<meta property=\"article:modified_time\" content=\"2026-03-25T16:09:22+00:00\" \/>\n<meta property=\"og:image\" content=\"http:\/\/www.domainemaisonblanche.ch\/wp-content\/uploads\/2018\/08\/viognier-doux-maison-blanche-75cl.jpg\" \/>\n\t<meta property=\"og:image:width\" content=\"195\" \/>\n\t<meta property=\"og:image:height\" content=\"650\" \/>\n\t<meta property=\"og:image:type\" content=\"image\/jpeg\" \/>\n<meta name=\"twitter:card\" content=\"summary_large_image\" \/>\n<meta name=\"twitter:label1\" content=\"Gesch\u00e4tzte Lesezeit\" \/>\n\t<meta name=\"twitter:data1\" content=\"1\u00a0Minute\" \/>\n<script type=\"application\/ld+json\" class=\"yoast-schema-graph\">{\"@context\":\"https:\/\/schema.org\",\"@graph\":[{\"@type\":\"WebPage\",\"@id\":\"https:\/\/www.domainemaisonblanche.ch\/de\/produit\/aoc-mont-rolle-grand-cru-viognier-doux\/\",\"url\":\"https:\/\/www.domainemaisonblanche.ch\/de\/produit\/aoc-mont-rolle-grand-cru-viognier-doux\/\",\"name\":\"Mont-sur-Rolle Grand Cru Viognier doux\",\"isPartOf\":{\"@id\":\"https:\/\/www.domainemaisonblanche.ch\/#website\"},\"primaryImageOfPage\":{\"@id\":\"https:\/\/www.domainemaisonblanche.ch\/de\/produit\/aoc-mont-rolle-grand-cru-viognier-doux\/#primaryimage\"},\"image\":{\"@id\":\"https:\/\/www.domainemaisonblanche.ch\/de\/produit\/aoc-mont-rolle-grand-cru-viognier-doux\/#primaryimage\"},\"thumbnailUrl\":\"https:\/\/www.domainemaisonblanche.ch\/wp-content\/uploads\/2018\/08\/viognier-doux-maison-blanche-75cl.jpg\",\"datePublished\":\"2018-08-08T06:00:53+00:00\",\"dateModified\":\"2026-03-25T16:09:22+00:00\",\"description\":\"Wird hergestellt nach der Methode des deutschen Eisweins, d.h. die Ernte wird gefroren gepresst (das Eis bleibt h\u00e4ngen, da Zucker vor Wasser schmilzt), um so einen hoch konzentrierten Traubenmost zu erhalten, in dessen Bouquet die f\u00fcr den Viognier typische Nase von Pfirsich und Aprikose enthalten ist, aber kandiert.\",\"breadcrumb\":{\"@id\":\"https:\/\/www.domainemaisonblanche.ch\/de\/produit\/aoc-mont-rolle-grand-cru-viognier-doux\/#breadcrumb\"},\"inLanguage\":\"de\",\"potentialAction\":[{\"@type\":\"ReadAction\",\"target\":[\"https:\/\/www.domainemaisonblanche.ch\/de\/produit\/aoc-mont-rolle-grand-cru-viognier-doux\/\"]}]},{\"@type\":\"ImageObject\",\"inLanguage\":\"de\",\"@id\":\"https:\/\/www.domainemaisonblanche.ch\/de\/produit\/aoc-mont-rolle-grand-cru-viognier-doux\/#primaryimage\",\"url\":\"https:\/\/www.domainemaisonblanche.ch\/wp-content\/uploads\/2018\/08\/viognier-doux-maison-blanche-75cl.jpg\",\"contentUrl\":\"https:\/\/www.domainemaisonblanche.ch\/wp-content\/uploads\/2018\/08\/viognier-doux-maison-blanche-75cl.jpg\",\"width\":195,\"height\":650,\"caption\":\"viognier-doux-maison-blanche-75cl\"},{\"@type\":\"BreadcrumbList\",\"@id\":\"https:\/\/www.domainemaisonblanche.ch\/de\/produit\/aoc-mont-rolle-grand-cru-viognier-doux\/#breadcrumb\",\"itemListElement\":[{\"@type\":\"ListItem\",\"position\":1,\"name\":\"Accueil\",\"item\":\"https:\/\/www.domainemaisonblanche.ch\/de\/\"},{\"@type\":\"ListItem\",\"position\":2,\"name\":\"Gesch\u00e4ft\",\"item\":\"https:\/\/www.domainemaisonblanche.ch\/de\/boutique\/\"},{\"@type\":\"ListItem\",\"position\":3,\"name\":\"AOC Mont-sur-Rolle Grand Cru, Viognier doux 2024\"}]},{\"@type\":\"WebSite\",\"@id\":\"https:\/\/www.domainemaisonblanche.ch\/#website\",\"url\":\"https:\/\/www.domainemaisonblanche.ch\/\",\"name\":\"Domaine de Maison Blanche\",\"description\":\"Le Chasselas dans tous ses \u00e9tats !\",\"publisher\":{\"@id\":\"https:\/\/www.domainemaisonblanche.ch\/#organization\"},\"potentialAction\":[{\"@type\":\"SearchAction\",\"target\":{\"@type\":\"EntryPoint\",\"urlTemplate\":\"https:\/\/www.domainemaisonblanche.ch\/?s={search_term_string}\"},\"query-input\":{\"@type\":\"PropertyValueSpecification\",\"valueRequired\":true,\"valueName\":\"search_term_string\"}}],\"inLanguage\":\"de\"},{\"@type\":\"Organization\",\"@id\":\"https:\/\/www.domainemaisonblanche.ch\/#organization\",\"name\":\"Domaine de Maison Blanche\",\"url\":\"https:\/\/www.domainemaisonblanche.ch\/\",\"logo\":{\"@type\":\"ImageObject\",\"inLanguage\":\"de\",\"@id\":\"https:\/\/www.domainemaisonblanche.ch\/#\/schema\/logo\/image\/\",\"url\":\"https:\/\/www.domainemaisonblanche.ch\/wp-content\/uploads\/2019\/03\/logo-maison-blanche.png\",\"contentUrl\":\"https:\/\/www.domainemaisonblanche.ch\/wp-content\/uploads\/2019\/03\/logo-maison-blanche.png\",\"width\":144,\"height\":144,\"caption\":\"Domaine de Maison Blanche\"},\"image\":{\"@id\":\"https:\/\/www.domainemaisonblanche.ch\/#\/schema\/logo\/image\/\"}}]}<\/script>\n<!-- \/ Yoast SEO plugin. -->","yoast_head_json":{"title":"Mont-sur-Rolle Grand Cru Viognier doux","description":"Wird hergestellt nach der Methode des deutschen Eisweins, d.h. die Ernte wird gefroren gepresst (das Eis bleibt h\u00e4ngen, da Zucker vor Wasser schmilzt), um so einen hoch konzentrierten Traubenmost zu erhalten, in dessen Bouquet die f\u00fcr den Viognier typische Nase von Pfirsich und Aprikose enthalten ist, aber kandiert.","robots":{"index":"index","follow":"follow","max-snippet":"max-snippet:-1","max-image-preview":"max-image-preview:large","max-video-preview":"max-video-preview:-1"},"canonical":"https:\/\/www.domainemaisonblanche.ch\/de\/produit\/aoc-mont-rolle-grand-cru-viognier-doux\/","og_locale":"de_DE","og_type":"article","og_title":"Mont-sur-Rolle Grand Cru Viognier doux","og_description":"Wird hergestellt nach der Methode des deutschen Eisweins, d.h. die Ernte wird gefroren gepresst (das Eis bleibt h\u00e4ngen, da Zucker vor Wasser schmilzt), um so einen hoch konzentrierten Traubenmost zu erhalten, in dessen Bouquet die f\u00fcr den Viognier typische Nase von Pfirsich und Aprikose enthalten ist, aber kandiert.","og_url":"https:\/\/www.domainemaisonblanche.ch\/de\/produit\/aoc-mont-rolle-grand-cru-viognier-doux\/","og_site_name":"Domaine de Maison Blanche","article_modified_time":"2026-03-25T16:09:22+00:00","og_image":[{"width":195,"height":650,"url":"http:\/\/www.domainemaisonblanche.ch\/wp-content\/uploads\/2018\/08\/viognier-doux-maison-blanche-75cl.jpg","type":"image\/jpeg"}],"twitter_card":"summary_large_image","twitter_misc":{"Gesch\u00e4tzte Lesezeit":"1\u00a0Minute"},"schema":{"@context":"https:\/\/schema.org","@graph":[{"@type":"WebPage","@id":"https:\/\/www.domainemaisonblanche.ch\/de\/produit\/aoc-mont-rolle-grand-cru-viognier-doux\/","url":"https:\/\/www.domainemaisonblanche.ch\/de\/produit\/aoc-mont-rolle-grand-cru-viognier-doux\/","name":"Mont-sur-Rolle Grand Cru Viognier doux","isPartOf":{"@id":"https:\/\/www.domainemaisonblanche.ch\/#website"},"primaryImageOfPage":{"@id":"https:\/\/www.domainemaisonblanche.ch\/de\/produit\/aoc-mont-rolle-grand-cru-viognier-doux\/#primaryimage"},"image":{"@id":"https:\/\/www.domainemaisonblanche.ch\/de\/produit\/aoc-mont-rolle-grand-cru-viognier-doux\/#primaryimage"},"thumbnailUrl":"https:\/\/www.domainemaisonblanche.ch\/wp-content\/uploads\/2018\/08\/viognier-doux-maison-blanche-75cl.jpg","datePublished":"2018-08-08T06:00:53+00:00","dateModified":"2026-03-25T16:09:22+00:00","description":"Wird hergestellt nach der Methode des deutschen Eisweins, d.h. die Ernte wird gefroren gepresst (das Eis bleibt h\u00e4ngen, da Zucker vor Wasser schmilzt), um so einen hoch konzentrierten Traubenmost zu erhalten, in dessen Bouquet die f\u00fcr den Viognier typische Nase von Pfirsich und Aprikose enthalten ist, aber kandiert.","breadcrumb":{"@id":"https:\/\/www.domainemaisonblanche.ch\/de\/produit\/aoc-mont-rolle-grand-cru-viognier-doux\/#breadcrumb"},"inLanguage":"de","potentialAction":[{"@type":"ReadAction","target":["https:\/\/www.domainemaisonblanche.ch\/de\/produit\/aoc-mont-rolle-grand-cru-viognier-doux\/"]}]},{"@type":"ImageObject","inLanguage":"de","@id":"https:\/\/www.domainemaisonblanche.ch\/de\/produit\/aoc-mont-rolle-grand-cru-viognier-doux\/#primaryimage","url":"https:\/\/www.domainemaisonblanche.ch\/wp-content\/uploads\/2018\/08\/viognier-doux-maison-blanche-75cl.jpg","contentUrl":"https:\/\/www.domainemaisonblanche.ch\/wp-content\/uploads\/2018\/08\/viognier-doux-maison-blanche-75cl.jpg","width":195,"height":650,"caption":"viognier-doux-maison-blanche-75cl"},{"@type":"BreadcrumbList","@id":"https:\/\/www.domainemaisonblanche.ch\/de\/produit\/aoc-mont-rolle-grand-cru-viognier-doux\/#breadcrumb","itemListElement":[{"@type":"ListItem","position":1,"name":"Accueil","item":"https:\/\/www.domainemaisonblanche.ch\/de\/"},{"@type":"ListItem","position":2,"name":"Gesch\u00e4ft","item":"https:\/\/www.domainemaisonblanche.ch\/de\/boutique\/"},{"@type":"ListItem","position":3,"name":"AOC Mont-sur-Rolle Grand Cru, Viognier doux 2024"}]},{"@type":"WebSite","@id":"https:\/\/www.domainemaisonblanche.ch\/#website","url":"https:\/\/www.domainemaisonblanche.ch\/","name":"Domaine de Maison Blanche","description":"Le Chasselas dans tous ses \u00e9tats !","publisher":{"@id":"https:\/\/www.domainemaisonblanche.ch\/#organization"},"potentialAction":[{"@type":"SearchAction","target":{"@type":"EntryPoint","urlTemplate":"https:\/\/www.domainemaisonblanche.ch\/?s={search_term_string}"},"query-input":{"@type":"PropertyValueSpecification","valueRequired":true,"valueName":"search_term_string"}}],"inLanguage":"de"},{"@type":"Organization","@id":"https:\/\/www.domainemaisonblanche.ch\/#organization","name":"Domaine de Maison Blanche","url":"https:\/\/www.domainemaisonblanche.ch\/","logo":{"@type":"ImageObject","inLanguage":"de","@id":"https:\/\/www.domainemaisonblanche.ch\/#\/schema\/logo\/image\/","url":"https:\/\/www.domainemaisonblanche.ch\/wp-content\/uploads\/2019\/03\/logo-maison-blanche.png","contentUrl":"https:\/\/www.domainemaisonblanche.ch\/wp-content\/uploads\/2019\/03\/logo-maison-blanche.png","width":144,"height":144,"caption":"Domaine de Maison Blanche"},"image":{"@id":"https:\/\/www.domainemaisonblanche.ch\/#\/schema\/logo\/image\/"}}]}},"_links":{"self":[{"href":"https:\/\/www.domainemaisonblanche.ch\/de\/wp-json\/wp\/v2\/product\/848","targetHints":{"allow":["GET"]}}],"collection":[{"href":"https:\/\/www.domainemaisonblanche.ch\/de\/wp-json\/wp\/v2\/product"}],"about":[{"href":"https:\/\/www.domainemaisonblanche.ch\/de\/wp-json\/wp\/v2\/types\/product"}],"replies":[{"embeddable":true,"href":"https:\/\/www.domainemaisonblanche.ch\/de\/wp-json\/wp\/v2\/comments?post=848"}],"wp:featuredmedia":[{"embeddable":true,"href":"https:\/\/www.domainemaisonblanche.ch\/de\/wp-json\/wp\/v2\/media\/907"}],"wp:attachment":[{"href":"https:\/\/www.domainemaisonblanche.ch\/de\/wp-json\/wp\/v2\/media?parent=848"}],"wp:term":[{"taxonomy":"product_brand","embeddable":true,"href":"https:\/\/www.domainemaisonblanche.ch\/de\/wp-json\/wp\/v2\/product_brand?post=848"},{"taxonomy":"product_cat","embeddable":true,"href":"https:\/\/www.domainemaisonblanche.ch\/de\/wp-json\/wp\/v2\/product_cat?post=848"},{"taxonomy":"product_tag","embeddable":true,"href":"https:\/\/www.domainemaisonblanche.ch\/de\/wp-json\/wp\/v2\/product_tag?post=848"}],"curies":[{"name":"wp","href":"https:\/\/api.w.org\/{rel}","templated":true}]}}