{"id":855,"date":"2018-08-08T11:00:24","date_gmt":"2018-08-08T09:00:24","guid":{"rendered":"https:\/\/www.domainemaisonblanche.ch\/produit\/aoc-mont-rolle-grand-cru-gamay\/"},"modified":"2026-03-25T17:16:11","modified_gmt":"2026-03-25T16:16:11","slug":"aoc-mont-rolle-grand-cru-gamay","status":"publish","type":"product","link":"https:\/\/www.domainemaisonblanche.ch\/de\/produit\/aoc-mont-rolle-grand-cru-gamay\/","title":{"rendered":"AOC Mont-sur-Rolle Grand Cru, Gamay 2023"},"content":{"rendered":"<p>[et_pb_section fb_built=&#8221;1&#8243; _builder_version=&#8221;4.16&#8243; custom_padding=&#8221;0px||||false|false&#8221; global_colors_info=&#8221;{}&#8221;][et_pb_row _builder_version=&#8221;4.16&#8243; background_size=&#8221;initial&#8221; background_position=&#8221;top_left&#8221; background_repeat=&#8221;repeat&#8221; width=&#8221;100%&#8221; custom_padding=&#8221;0px||0px||false|false&#8221; global_colors_info=&#8221;{}&#8221;][et_pb_column type=&#8221;4_4&#8243; _builder_version=&#8221;4.16&#8243; custom_padding=&#8221;|||&#8221; global_colors_info=&#8221;{}&#8221; custom_padding__hover=&#8221;|||&#8221;][et_pb_wc_breadcrumb _builder_version=&#8221;4.16&#8243; global_colors_info=&#8221;{}&#8221;][\/et_pb_wc_breadcrumb][et_pb_wc_cart_notice _builder_version=&#8221;4.16&#8243; global_colors_info=&#8221;{}&#8221;][\/et_pb_wc_cart_notice][\/et_pb_column][\/et_pb_row][et_pb_row column_structure=&#8221;1_2,1_2&#8243; _builder_version=&#8221;4.16&#8243; background_size=&#8221;initial&#8221; background_position=&#8221;top_left&#8221; background_repeat=&#8221;repeat&#8221; width=&#8221;100%&#8221; custom_padding=&#8221;0px||||false|false&#8221; global_colors_info=&#8221;{}&#8221;][et_pb_column type=&#8221;1_2&#8243; _builder_version=&#8221;4.16&#8243; custom_padding=&#8221;|||&#8221; global_colors_info=&#8221;{}&#8221; custom_padding__hover=&#8221;|||&#8221;][et_pb_wc_images _builder_version=&#8221;4.16&#8243; global_colors_info=&#8221;{}&#8221;][\/et_pb_wc_images][\/et_pb_column][et_pb_column type=&#8221;1_2&#8243; _builder_version=&#8221;4.16&#8243; custom_padding=&#8221;|||&#8221; global_colors_info=&#8221;{}&#8221; custom_padding__hover=&#8221;|||&#8221;][et_pb_wc_title _builder_version=&#8221;4.16&#8243; global_colors_info=&#8221;{}&#8221;][\/et_pb_wc_title][et_pb_wc_rating _builder_version=&#8221;4.16&#8243; global_colors_info=&#8221;{}&#8221;][\/et_pb_wc_rating][et_pb_wc_price _builder_version=&#8221;4.16&#8243; global_colors_info=&#8221;{}&#8221;][\/et_pb_wc_price][et_pb_wc_description _builder_version=&#8221;4.16&#8243; global_colors_info=&#8221;{}&#8221;][\/et_pb_wc_description][et_pb_wc_add_to_cart _builder_version=&#8221;4.16&#8243; global_colors_info=&#8221;{}&#8221;][\/et_pb_wc_add_to_cart][et_pb_wc_meta _builder_version=&#8221;4.16&#8243; global_colors_info=&#8221;{}&#8221;][\/et_pb_wc_meta][\/et_pb_column][\/et_pb_row][et_pb_row _builder_version=&#8221;4.16&#8243; background_size=&#8221;initial&#8221; background_position=&#8221;top_left&#8221; background_repeat=&#8221;repeat&#8221; width=&#8221;100%&#8221; global_colors_info=&#8221;{}&#8221;][et_pb_column type=&#8221;4_4&#8243; _builder_version=&#8221;4.16&#8243; custom_padding=&#8221;|||&#8221; global_colors_info=&#8221;{}&#8221; custom_padding__hover=&#8221;|||&#8221;][et_pb_wc_tabs _builder_version=&#8221;4.16&#8243; global_colors_info=&#8221;{}&#8221;]\t\t\t\t\t[\/et_pb_wc_tabs][et_pb_wc_upsells _builder_version=&#8221;4.16&#8243; global_colors_info=&#8221;{}&#8221;][\/et_pb_wc_upsells][et_pb_wc_related_products _builder_version=&#8221;4.16&#8243; global_colors_info=&#8221;{}&#8221;][\/et_pb_wc_related_products][et_pb_text _builder_version=&#8221;4.16&#8243; _module_preset=&#8221;default&#8221; global_colors_info=&#8221;{}&#8221;]<\/p>\n<h2>AOC Mont-sur-Rolle Grand Cru, Gamay 2019<\/h2>\n<p>Sein leckeres Himbeerbouqet ist eine Einladung, diesen Gamay jung und frisch zu degustieren, wie ein Beaujolais; aber seine Genussreife erf\u00e4hrt er nach einem guten Jahr Lagerung.<br \/>\nPasst zu Aufschnitt und zu nicht zu kr\u00e4ftigem K\u00e4se. Der ideale Picknickwein.<\/p>\n<p>Ausschenktemperatur: 11 bis 13\u00b0C<br \/>\nKann 5 bis 7 Jahre gelagert werden.[\/et_pb_text][\/et_pb_column][\/et_pb_row][\/et_pb_section]<\/p>\n","protected":false},"excerpt":{"rendered":"<div style=\"margin: 20px 0 5px; padding-bottom: 5px; line-height: 1;\"><a href=\"https:\/\/www.bio-suisse.ch\/fr\/notre-engagement\/plaisir-et-durabilite\/principe-bourgeon.html\" target=\"_blank\" rel=\"noopener\"><img decoding=\"async\" class=\"alignleft wp-image-5038\" title=\"Le principe Bourgeon BIO SUISSE\" src=\"https:\/\/www.domainemaisonblanche.ch\/wp-content\/uploads\/2024\/03\/bio-suisse-logo-domaine-maison-blanche.png\" alt=\"Le principe Bourgeon BIO SUISSE Domaine de Maison Blanche\" width=\"80\" height=\"80\" srcset=\"https:\/\/www.domainemaisonblanche.ch\/wp-content\/uploads\/2024\/03\/bio-suisse-logo-domaine-maison-blanche.png 220w, https:\/\/www.domainemaisonblanche.ch\/wp-content\/uploads\/2024\/03\/bio-suisse-logo-domaine-maison-blanche-150x150.png 150w, https:\/\/www.domainemaisonblanche.ch\/wp-content\/uploads\/2024\/03\/bio-suisse-logo-domaine-maison-blanche-100x100.png 100w\" sizes=\"(max-width: 80px) 100vw, 80px\" \/><\/a><\/div>\n<p><strong>Passt zu Aufschnitt und zu nicht zu kr\u00e4ftigem K\u00e4se. Der ideale Picknickwein.<\/strong><\/p>\n<p>Ausschenktemperatur: 11 bis 13\u00b0C<br \/>\nKann 5 bis 7 Jahre gelagert werden.<\/p>\n<ul>\n<li>Karton zu 3 Flaschen 70 cl =\u00a0<strong>CHF 43.50<\/strong> (14.50 pro Fl.)<\/li>\n<\/ul>\n","protected":false},"featured_media":910,"comment_status":"open","ping_status":"closed","template":"","meta":{"_et_pb_use_builder":"on","_et_pb_old_content":"<h2>AOC Mont-sur-Rolle Grand Cru, Gamay 2019<\/h2>\r\nSein leckeres Himbeerbouqet ist eine Einladung, diesen Gamay jung und frisch zu degustieren, wie ein Beaujolais; aber seine Genussreife erf\u00e4hrt er nach einem guten Jahr Lagerung.\r\nPasst zu Aufschnitt und zu nicht zu kr\u00e4ftigem K\u00e4se. Der ideale Picknickwein.\r\n\r\nAusschenktemperatur: 11 bis 13\u00b0C\r\nKann 5 bis 7 Jahre gelagert werden.","_et_gb_content_width":"","iawp_total_views":24},"product_brand":[],"product_cat":[1407],"product_tag":[],"class_list":{"0":"post-855","1":"product","2":"type-product","3":"status-publish","4":"has-post-thumbnail","6":"product_cat-rose-rot","8":"first","9":"instock","10":"shipping-taxable","11":"purchasable","12":"product-type-simple"},"group_of_quantity":3,"min_quantity":3,"max_quantity":"","exclude_order_quantity_value_rules":"no","exclude_category_quantity_rules":"no","combine_variations":"no","yoast_head":"<!-- This site is optimized with the Yoast SEO plugin v26.8 - https:\/\/yoast.com\/product\/yoast-seo-wordpress\/ -->\n<title>AOC Mont-sur-Rolle Grand Cru, Gamay<\/title>\n<meta name=\"description\" content=\"Sein leckeres Himbeerbouqet ist eine Einladung, diesen Gamay jung und frisch zu degustieren, wie ein Beaujolais; aber seine Genussreife erf\u00e4hrt er nach einem guten Jahr Lagerung. Passt zu Aufschnitt und zu nicht zu kr\u00e4ftigem K\u00e4se. Der ideale Picknickwein.\" \/>\n<meta name=\"robots\" content=\"index, follow, max-snippet:-1, max-image-preview:large, max-video-preview:-1\" \/>\n<link rel=\"canonical\" href=\"https:\/\/www.domainemaisonblanche.ch\/de\/produit\/aoc-mont-rolle-grand-cru-gamay\/\" \/>\n<meta property=\"og:locale\" content=\"de_DE\" \/>\n<meta property=\"og:type\" content=\"article\" \/>\n<meta property=\"og:title\" content=\"AOC Mont-sur-Rolle Grand Cru, Gamay\" \/>\n<meta property=\"og:description\" content=\"Sein leckeres Himbeerbouqet ist eine Einladung, diesen Gamay jung und frisch zu degustieren, wie ein Beaujolais; aber seine Genussreife erf\u00e4hrt er nach einem guten Jahr Lagerung. Passt zu Aufschnitt und zu nicht zu kr\u00e4ftigem K\u00e4se. Der ideale Picknickwein.\" \/>\n<meta property=\"og:url\" content=\"https:\/\/www.domainemaisonblanche.ch\/de\/produit\/aoc-mont-rolle-grand-cru-gamay\/\" \/>\n<meta property=\"og:site_name\" content=\"Domaine de Maison Blanche\" \/>\n<meta property=\"article:modified_time\" content=\"2026-03-25T16:16:11+00:00\" \/>\n<meta property=\"og:image\" content=\"https:\/\/www.domainemaisonblanche.ch\/wp-content\/uploads\/2018\/08\/gamay-maison-blanche-chasselas-70cl.jpg\" \/>\n\t<meta property=\"og:image:width\" content=\"195\" \/>\n\t<meta property=\"og:image:height\" content=\"650\" \/>\n\t<meta property=\"og:image:type\" content=\"image\/jpeg\" \/>\n<meta name=\"twitter:card\" content=\"summary_large_image\" \/>\n<meta name=\"twitter:label1\" content=\"Gesch\u00e4tzte Lesezeit\" \/>\n\t<meta name=\"twitter:data1\" content=\"1\u00a0Minute\" \/>\n<script type=\"application\/ld+json\" class=\"yoast-schema-graph\">{\"@context\":\"https:\/\/schema.org\",\"@graph\":[{\"@type\":\"WebPage\",\"@id\":\"https:\/\/www.domainemaisonblanche.ch\/de\/produit\/aoc-mont-rolle-grand-cru-gamay\/\",\"url\":\"https:\/\/www.domainemaisonblanche.ch\/de\/produit\/aoc-mont-rolle-grand-cru-gamay\/\",\"name\":\"AOC Mont-sur-Rolle Grand Cru, Gamay\",\"isPartOf\":{\"@id\":\"https:\/\/www.domainemaisonblanche.ch\/en\/#website\"},\"primaryImageOfPage\":{\"@id\":\"https:\/\/www.domainemaisonblanche.ch\/de\/produit\/aoc-mont-rolle-grand-cru-gamay\/#primaryimage\"},\"image\":{\"@id\":\"https:\/\/www.domainemaisonblanche.ch\/de\/produit\/aoc-mont-rolle-grand-cru-gamay\/#primaryimage\"},\"thumbnailUrl\":\"https:\/\/www.domainemaisonblanche.ch\/wp-content\/uploads\/2018\/08\/gamay-maison-blanche-chasselas-70cl.jpg\",\"datePublished\":\"2018-08-08T09:00:24+00:00\",\"dateModified\":\"2026-03-25T16:16:11+00:00\",\"description\":\"Sein leckeres Himbeerbouqet ist eine Einladung, diesen Gamay jung und frisch zu degustieren, wie ein Beaujolais; aber seine Genussreife erf\u00e4hrt er nach einem guten Jahr Lagerung. Passt zu Aufschnitt und zu nicht zu kr\u00e4ftigem K\u00e4se. Der ideale Picknickwein.\",\"breadcrumb\":{\"@id\":\"https:\/\/www.domainemaisonblanche.ch\/de\/produit\/aoc-mont-rolle-grand-cru-gamay\/#breadcrumb\"},\"inLanguage\":\"de\",\"potentialAction\":[{\"@type\":\"ReadAction\",\"target\":[\"https:\/\/www.domainemaisonblanche.ch\/de\/produit\/aoc-mont-rolle-grand-cru-gamay\/\"]}]},{\"@type\":\"ImageObject\",\"inLanguage\":\"de\",\"@id\":\"https:\/\/www.domainemaisonblanche.ch\/de\/produit\/aoc-mont-rolle-grand-cru-gamay\/#primaryimage\",\"url\":\"https:\/\/www.domainemaisonblanche.ch\/wp-content\/uploads\/2018\/08\/gamay-maison-blanche-chasselas-70cl.jpg\",\"contentUrl\":\"https:\/\/www.domainemaisonblanche.ch\/wp-content\/uploads\/2018\/08\/gamay-maison-blanche-chasselas-70cl.jpg\",\"width\":195,\"height\":650,\"caption\":\"gamay-maison-blanche-chasselas-70cl\"},{\"@type\":\"BreadcrumbList\",\"@id\":\"https:\/\/www.domainemaisonblanche.ch\/de\/produit\/aoc-mont-rolle-grand-cru-gamay\/#breadcrumb\",\"itemListElement\":[{\"@type\":\"ListItem\",\"position\":1,\"name\":\"Accueil\",\"item\":\"http:\/\/www.domainemaisonblanche.ch\/de\/\"},{\"@type\":\"ListItem\",\"position\":2,\"name\":\"Gesch\u00e4ft\",\"item\":\"http:\/\/www.domainemaisonblanche.ch\/de\/boutique\/\"},{\"@type\":\"ListItem\",\"position\":3,\"name\":\"AOC Mont-sur-Rolle Grand Cru, Gamay 2023\"}]},{\"@type\":\"WebSite\",\"@id\":\"https:\/\/www.domainemaisonblanche.ch\/en\/#website\",\"url\":\"https:\/\/www.domainemaisonblanche.ch\/en\/\",\"name\":\"Domaine de Maison Blanche\",\"description\":\"Le Chasselas dans tous ses \u00e9tats !\",\"publisher\":{\"@id\":\"https:\/\/www.domainemaisonblanche.ch\/en\/#organization\"},\"potentialAction\":[{\"@type\":\"SearchAction\",\"target\":{\"@type\":\"EntryPoint\",\"urlTemplate\":\"https:\/\/www.domainemaisonblanche.ch\/en\/?s={search_term_string}\"},\"query-input\":{\"@type\":\"PropertyValueSpecification\",\"valueRequired\":true,\"valueName\":\"search_term_string\"}}],\"inLanguage\":\"de\"},{\"@type\":\"Organization\",\"@id\":\"https:\/\/www.domainemaisonblanche.ch\/en\/#organization\",\"name\":\"Domaine de Maison Blanche\",\"url\":\"https:\/\/www.domainemaisonblanche.ch\/en\/\",\"logo\":{\"@type\":\"ImageObject\",\"inLanguage\":\"de\",\"@id\":\"https:\/\/www.domainemaisonblanche.ch\/en\/#\/schema\/logo\/image\/\",\"url\":\"https:\/\/www.domainemaisonblanche.ch\/wp-content\/uploads\/2019\/03\/logo-maison-blanche.png\",\"contentUrl\":\"https:\/\/www.domainemaisonblanche.ch\/wp-content\/uploads\/2019\/03\/logo-maison-blanche.png\",\"width\":144,\"height\":144,\"caption\":\"Domaine de Maison Blanche\"},\"image\":{\"@id\":\"https:\/\/www.domainemaisonblanche.ch\/en\/#\/schema\/logo\/image\/\"}}]}<\/script>\n<!-- \/ Yoast SEO plugin. -->","yoast_head_json":{"title":"AOC Mont-sur-Rolle Grand Cru, Gamay","description":"Sein leckeres Himbeerbouqet ist eine Einladung, diesen Gamay jung und frisch zu degustieren, wie ein Beaujolais; aber seine Genussreife erf\u00e4hrt er nach einem guten Jahr Lagerung. Passt zu Aufschnitt und zu nicht zu kr\u00e4ftigem K\u00e4se. Der ideale Picknickwein.","robots":{"index":"index","follow":"follow","max-snippet":"max-snippet:-1","max-image-preview":"max-image-preview:large","max-video-preview":"max-video-preview:-1"},"canonical":"https:\/\/www.domainemaisonblanche.ch\/de\/produit\/aoc-mont-rolle-grand-cru-gamay\/","og_locale":"de_DE","og_type":"article","og_title":"AOC Mont-sur-Rolle Grand Cru, Gamay","og_description":"Sein leckeres Himbeerbouqet ist eine Einladung, diesen Gamay jung und frisch zu degustieren, wie ein Beaujolais; aber seine Genussreife erf\u00e4hrt er nach einem guten Jahr Lagerung. Passt zu Aufschnitt und zu nicht zu kr\u00e4ftigem K\u00e4se. Der ideale Picknickwein.","og_url":"https:\/\/www.domainemaisonblanche.ch\/de\/produit\/aoc-mont-rolle-grand-cru-gamay\/","og_site_name":"Domaine de Maison Blanche","article_modified_time":"2026-03-25T16:16:11+00:00","og_image":[{"width":195,"height":650,"url":"https:\/\/www.domainemaisonblanche.ch\/wp-content\/uploads\/2018\/08\/gamay-maison-blanche-chasselas-70cl.jpg","type":"image\/jpeg"}],"twitter_card":"summary_large_image","twitter_misc":{"Gesch\u00e4tzte Lesezeit":"1\u00a0Minute"},"schema":{"@context":"https:\/\/schema.org","@graph":[{"@type":"WebPage","@id":"https:\/\/www.domainemaisonblanche.ch\/de\/produit\/aoc-mont-rolle-grand-cru-gamay\/","url":"https:\/\/www.domainemaisonblanche.ch\/de\/produit\/aoc-mont-rolle-grand-cru-gamay\/","name":"AOC Mont-sur-Rolle Grand Cru, Gamay","isPartOf":{"@id":"https:\/\/www.domainemaisonblanche.ch\/en\/#website"},"primaryImageOfPage":{"@id":"https:\/\/www.domainemaisonblanche.ch\/de\/produit\/aoc-mont-rolle-grand-cru-gamay\/#primaryimage"},"image":{"@id":"https:\/\/www.domainemaisonblanche.ch\/de\/produit\/aoc-mont-rolle-grand-cru-gamay\/#primaryimage"},"thumbnailUrl":"https:\/\/www.domainemaisonblanche.ch\/wp-content\/uploads\/2018\/08\/gamay-maison-blanche-chasselas-70cl.jpg","datePublished":"2018-08-08T09:00:24+00:00","dateModified":"2026-03-25T16:16:11+00:00","description":"Sein leckeres Himbeerbouqet ist eine Einladung, diesen Gamay jung und frisch zu degustieren, wie ein Beaujolais; aber seine Genussreife erf\u00e4hrt er nach einem guten Jahr Lagerung. Passt zu Aufschnitt und zu nicht zu kr\u00e4ftigem K\u00e4se. Der ideale Picknickwein.","breadcrumb":{"@id":"https:\/\/www.domainemaisonblanche.ch\/de\/produit\/aoc-mont-rolle-grand-cru-gamay\/#breadcrumb"},"inLanguage":"de","potentialAction":[{"@type":"ReadAction","target":["https:\/\/www.domainemaisonblanche.ch\/de\/produit\/aoc-mont-rolle-grand-cru-gamay\/"]}]},{"@type":"ImageObject","inLanguage":"de","@id":"https:\/\/www.domainemaisonblanche.ch\/de\/produit\/aoc-mont-rolle-grand-cru-gamay\/#primaryimage","url":"https:\/\/www.domainemaisonblanche.ch\/wp-content\/uploads\/2018\/08\/gamay-maison-blanche-chasselas-70cl.jpg","contentUrl":"https:\/\/www.domainemaisonblanche.ch\/wp-content\/uploads\/2018\/08\/gamay-maison-blanche-chasselas-70cl.jpg","width":195,"height":650,"caption":"gamay-maison-blanche-chasselas-70cl"},{"@type":"BreadcrumbList","@id":"https:\/\/www.domainemaisonblanche.ch\/de\/produit\/aoc-mont-rolle-grand-cru-gamay\/#breadcrumb","itemListElement":[{"@type":"ListItem","position":1,"name":"Accueil","item":"http:\/\/www.domainemaisonblanche.ch\/de\/"},{"@type":"ListItem","position":2,"name":"Gesch\u00e4ft","item":"http:\/\/www.domainemaisonblanche.ch\/de\/boutique\/"},{"@type":"ListItem","position":3,"name":"AOC Mont-sur-Rolle Grand Cru, Gamay 2023"}]},{"@type":"WebSite","@id":"https:\/\/www.domainemaisonblanche.ch\/en\/#website","url":"https:\/\/www.domainemaisonblanche.ch\/en\/","name":"Domaine de Maison Blanche","description":"Le Chasselas dans tous ses \u00e9tats !","publisher":{"@id":"https:\/\/www.domainemaisonblanche.ch\/en\/#organization"},"potentialAction":[{"@type":"SearchAction","target":{"@type":"EntryPoint","urlTemplate":"https:\/\/www.domainemaisonblanche.ch\/en\/?s={search_term_string}"},"query-input":{"@type":"PropertyValueSpecification","valueRequired":true,"valueName":"search_term_string"}}],"inLanguage":"de"},{"@type":"Organization","@id":"https:\/\/www.domainemaisonblanche.ch\/en\/#organization","name":"Domaine de Maison Blanche","url":"https:\/\/www.domainemaisonblanche.ch\/en\/","logo":{"@type":"ImageObject","inLanguage":"de","@id":"https:\/\/www.domainemaisonblanche.ch\/en\/#\/schema\/logo\/image\/","url":"https:\/\/www.domainemaisonblanche.ch\/wp-content\/uploads\/2019\/03\/logo-maison-blanche.png","contentUrl":"https:\/\/www.domainemaisonblanche.ch\/wp-content\/uploads\/2019\/03\/logo-maison-blanche.png","width":144,"height":144,"caption":"Domaine de Maison Blanche"},"image":{"@id":"https:\/\/www.domainemaisonblanche.ch\/en\/#\/schema\/logo\/image\/"}}]}},"_links":{"self":[{"href":"https:\/\/www.domainemaisonblanche.ch\/de\/wp-json\/wp\/v2\/product\/855","targetHints":{"allow":["GET"]}}],"collection":[{"href":"https:\/\/www.domainemaisonblanche.ch\/de\/wp-json\/wp\/v2\/product"}],"about":[{"href":"https:\/\/www.domainemaisonblanche.ch\/de\/wp-json\/wp\/v2\/types\/product"}],"replies":[{"embeddable":true,"href":"https:\/\/www.domainemaisonblanche.ch\/de\/wp-json\/wp\/v2\/comments?post=855"}],"wp:featuredmedia":[{"embeddable":true,"href":"https:\/\/www.domainemaisonblanche.ch\/de\/wp-json\/wp\/v2\/media\/910"}],"wp:attachment":[{"href":"https:\/\/www.domainemaisonblanche.ch\/de\/wp-json\/wp\/v2\/media?parent=855"}],"wp:term":[{"taxonomy":"product_brand","embeddable":true,"href":"https:\/\/www.domainemaisonblanche.ch\/de\/wp-json\/wp\/v2\/product_brand?post=855"},{"taxonomy":"product_cat","embeddable":true,"href":"https:\/\/www.domainemaisonblanche.ch\/de\/wp-json\/wp\/v2\/product_cat?post=855"},{"taxonomy":"product_tag","embeddable":true,"href":"https:\/\/www.domainemaisonblanche.ch\/de\/wp-json\/wp\/v2\/product_tag?post=855"}],"curies":[{"name":"wp","href":"https:\/\/api.w.org\/{rel}","templated":true}]}}