{"id":859,"date":"2018-08-08T12:00:29","date_gmt":"2018-08-08T10:00:29","guid":{"rendered":"https:\/\/www.domainemaisonblanche.ch\/produit\/aoc-aubonne-grand-cru-clos-daspre-pinot-noir\/"},"modified":"2026-03-25T17:17:13","modified_gmt":"2026-03-25T16:17:13","slug":"aoc-aubonne-grand-cru-clos-daspre-pinot-noir","status":"publish","type":"product","link":"https:\/\/www.domainemaisonblanche.ch\/de\/produit\/aoc-aubonne-grand-cru-clos-daspre-pinot-noir\/","title":{"rendered":"AOC Aubonne Grand Cru, Clos d&#8217;Aspre, Pinot Noir 2021"},"content":{"rendered":"<h2>AOC Aubonne Grand Cru, Clos d&#8217;Aspre, Pinot Noir.<\/h2>\n<p>Je ein Klon aus dem Burgund und aus Cortaillod bei Neuch\u00e2tel. Aus zwei verschiedenen Herk\u00fcnften entwickeln sich diese Reben ideal auf kalkhaltigem Boden. Im Keller des Weinbergs Clos d\u2019Aspre reift der Wein ein Jahr im Eichenfass.<br \/>\nDamit sind alle Bedingungen erf\u00fcllt, um einen sehr sch\u00f6nen Pinot Noir zu produzieren. Dieser Wein passt zu in Rotwein geschmortem Rindsgulasch, Gefl\u00fcgel und zur feinen K\u00e4seplatte.<\/p>\n<p>Trinktemperatur : 14-15\u00b0C<br \/>\nLagerf\u00e4hig : 10 Jahre ab Kauf<\/p>\n","protected":false},"excerpt":{"rendered":"<div style=\"margin: 20px 0 5px; padding-bottom: 5px; line-height: 1;\"><a href=\"https:\/\/www.ipsuisse.ch\/fr\/consomateurs-2\/produits\/#toggle-id-9\" target=\"_blank\" rel=\"noopener\"><img decoding=\"async\" class=\"alignleft wp-image-5074 size-full\" title=\"Les produits IP-SUISSE\" src=\"https:\/\/www.domainemaisonblanche.ch\/wp-content\/uploads\/2018\/08\/ip-suisse-domaine-maison-blanche.png\" alt=\"IP SUISSE Domaine de Maison Blanche\" width=\"80\" height=\"80\" srcset=\"https:\/\/www.domainemaisonblanche.ch\/wp-content\/uploads\/2018\/08\/ip-suisse-domaine-maison-blanche.png 200w, https:\/\/www.domainemaisonblanche.ch\/wp-content\/uploads\/2018\/08\/ip-suisse-domaine-maison-blanche-150x150.png 150w, https:\/\/www.domainemaisonblanche.ch\/wp-content\/uploads\/2018\/08\/ip-suisse-domaine-maison-blanche-100x100.png 100w\" sizes=\"(max-width: 80px) 100vw, 80px\" \/><\/a><\/div>\n<p><strong>Dieser Wein passt zu in Rotwein geschmortem Rindsgulasch, Gefl\u00fcgel und zur feinen K\u00e4seplatte.<\/strong><\/p>\n<p>Trinktemperatur : 14-15\u00b0C<br \/>\nLagerf\u00e4hig : 10 Jahre ab Kauf.<\/p>\n<ul>\n<li>Karton zu 3 Flaschen 75 cl =\u00a0<strong>CHF 54.30<\/strong>\u00a0(18.10 pro Fl.)<\/li>\n<\/ul>\n","protected":false},"featured_media":919,"comment_status":"open","ping_status":"closed","template":"","meta":{"_et_pb_use_builder":"","_et_pb_old_content":"","_et_gb_content_width":"","iawp_total_views":19},"product_brand":[],"product_cat":[1407],"product_tag":[],"class_list":{"0":"post-859","1":"product","2":"type-product","3":"status-publish","4":"has-post-thumbnail","6":"product_cat-rose-rot","8":"first","9":"instock","10":"shipping-taxable","11":"purchasable","12":"product-type-simple"},"group_of_quantity":3,"min_quantity":3,"max_quantity":"","exclude_order_quantity_value_rules":"no","exclude_category_quantity_rules":"no","combine_variations":"no","yoast_head":"<!-- This site is optimized with the Yoast SEO plugin v26.8 - https:\/\/yoast.com\/product\/yoast-seo-wordpress\/ -->\n<title>AOC Aubonne Grand Cru Clos d&#039;Aspre, Pinot Noir<\/title>\n<meta name=\"description\" content=\"Dieser Wein passt zu in Rotwein geschmortem Rindsgulasch, Gefl\u00fcgel und zur feinen K\u00e4seplatte.  Trinktemperatur : 14-15\u00b0C Lagerf\u00e4hig : 10 Jahre ab Kauf.   Karton zu 3 Flaschen 75 cl =\u00a0CHF 54.30\u00a0(18.10 pro Fl.)\" \/>\n<meta name=\"robots\" content=\"index, follow, max-snippet:-1, max-image-preview:large, max-video-preview:-1\" \/>\n<link rel=\"canonical\" href=\"https:\/\/www.domainemaisonblanche.ch\/de\/produit\/aoc-aubonne-grand-cru-clos-daspre-pinot-noir\/\" \/>\n<meta property=\"og:locale\" content=\"de_DE\" \/>\n<meta property=\"og:type\" content=\"article\" \/>\n<meta property=\"og:title\" content=\"AOC Aubonne Grand Cru Clos d&#039;Aspre, Pinot Noir\" \/>\n<meta property=\"og:description\" content=\"Dieser Wein passt zu in Rotwein geschmortem Rindsgulasch, Gefl\u00fcgel und zur feinen K\u00e4seplatte.  Trinktemperatur : 14-15\u00b0C Lagerf\u00e4hig : 10 Jahre ab Kauf.   Karton zu 3 Flaschen 75 cl =\u00a0CHF 54.30\u00a0(18.10 pro Fl.)\" \/>\n<meta property=\"og:url\" content=\"https:\/\/www.domainemaisonblanche.ch\/de\/produit\/aoc-aubonne-grand-cru-clos-daspre-pinot-noir\/\" \/>\n<meta property=\"og:site_name\" content=\"Domaine de Maison Blanche\" \/>\n<meta property=\"article:modified_time\" content=\"2026-03-25T16:17:13+00:00\" \/>\n<meta property=\"og:image\" content=\"https:\/\/www.domainemaisonblanche.ch\/wp-content\/uploads\/2018\/08\/clos-daspre-pinot-noir-maison-blanche-75cl.jpg\" \/>\n\t<meta property=\"og:image:width\" content=\"195\" \/>\n\t<meta property=\"og:image:height\" content=\"650\" \/>\n\t<meta property=\"og:image:type\" content=\"image\/jpeg\" \/>\n<meta name=\"twitter:card\" content=\"summary_large_image\" \/>\n<meta name=\"twitter:label1\" content=\"Gesch\u00e4tzte Lesezeit\" \/>\n\t<meta name=\"twitter:data1\" content=\"1\u00a0Minute\" \/>\n<script type=\"application\/ld+json\" class=\"yoast-schema-graph\">{\"@context\":\"https:\/\/schema.org\",\"@graph\":[{\"@type\":\"WebPage\",\"@id\":\"https:\/\/www.domainemaisonblanche.ch\/de\/produit\/aoc-aubonne-grand-cru-clos-daspre-pinot-noir\/\",\"url\":\"https:\/\/www.domainemaisonblanche.ch\/de\/produit\/aoc-aubonne-grand-cru-clos-daspre-pinot-noir\/\",\"name\":\"AOC Aubonne Grand Cru Clos d'Aspre, Pinot Noir\",\"isPartOf\":{\"@id\":\"https:\/\/www.domainemaisonblanche.ch\/en\/#website\"},\"primaryImageOfPage\":{\"@id\":\"https:\/\/www.domainemaisonblanche.ch\/de\/produit\/aoc-aubonne-grand-cru-clos-daspre-pinot-noir\/#primaryimage\"},\"image\":{\"@id\":\"https:\/\/www.domainemaisonblanche.ch\/de\/produit\/aoc-aubonne-grand-cru-clos-daspre-pinot-noir\/#primaryimage\"},\"thumbnailUrl\":\"https:\/\/www.domainemaisonblanche.ch\/wp-content\/uploads\/2018\/08\/clos-daspre-pinot-noir-maison-blanche-75cl.jpg\",\"datePublished\":\"2018-08-08T10:00:29+00:00\",\"dateModified\":\"2026-03-25T16:17:13+00:00\",\"description\":\"Dieser Wein passt zu in Rotwein geschmortem Rindsgulasch, Gefl\u00fcgel und zur feinen K\u00e4seplatte. Trinktemperatur : 14-15\u00b0C Lagerf\u00e4hig : 10 Jahre ab Kauf. Karton zu 3 Flaschen 75 cl =\u00a0CHF 54.30\u00a0(18.10 pro Fl.)\",\"breadcrumb\":{\"@id\":\"https:\/\/www.domainemaisonblanche.ch\/de\/produit\/aoc-aubonne-grand-cru-clos-daspre-pinot-noir\/#breadcrumb\"},\"inLanguage\":\"de\",\"potentialAction\":[{\"@type\":\"ReadAction\",\"target\":[\"https:\/\/www.domainemaisonblanche.ch\/de\/produit\/aoc-aubonne-grand-cru-clos-daspre-pinot-noir\/\"]}]},{\"@type\":\"ImageObject\",\"inLanguage\":\"de\",\"@id\":\"https:\/\/www.domainemaisonblanche.ch\/de\/produit\/aoc-aubonne-grand-cru-clos-daspre-pinot-noir\/#primaryimage\",\"url\":\"https:\/\/www.domainemaisonblanche.ch\/wp-content\/uploads\/2018\/08\/clos-daspre-pinot-noir-maison-blanche-75cl.jpg\",\"contentUrl\":\"https:\/\/www.domainemaisonblanche.ch\/wp-content\/uploads\/2018\/08\/clos-daspre-pinot-noir-maison-blanche-75cl.jpg\",\"width\":195,\"height\":650,\"caption\":\"clos-d'aspre-pinot-noir-maison-blanche-75cl\"},{\"@type\":\"BreadcrumbList\",\"@id\":\"https:\/\/www.domainemaisonblanche.ch\/de\/produit\/aoc-aubonne-grand-cru-clos-daspre-pinot-noir\/#breadcrumb\",\"itemListElement\":[{\"@type\":\"ListItem\",\"position\":1,\"name\":\"Accueil\",\"item\":\"http:\/\/www.domainemaisonblanche.ch\/de\/\"},{\"@type\":\"ListItem\",\"position\":2,\"name\":\"Gesch\u00e4ft\",\"item\":\"http:\/\/www.domainemaisonblanche.ch\/de\/boutique\/\"},{\"@type\":\"ListItem\",\"position\":3,\"name\":\"AOC Aubonne Grand Cru, Clos d&#8217;Aspre, Pinot Noir 2021\"}]},{\"@type\":\"WebSite\",\"@id\":\"https:\/\/www.domainemaisonblanche.ch\/en\/#website\",\"url\":\"https:\/\/www.domainemaisonblanche.ch\/en\/\",\"name\":\"Domaine de Maison Blanche\",\"description\":\"Le Chasselas dans tous ses \u00e9tats !\",\"publisher\":{\"@id\":\"https:\/\/www.domainemaisonblanche.ch\/en\/#organization\"},\"potentialAction\":[{\"@type\":\"SearchAction\",\"target\":{\"@type\":\"EntryPoint\",\"urlTemplate\":\"https:\/\/www.domainemaisonblanche.ch\/en\/?s={search_term_string}\"},\"query-input\":{\"@type\":\"PropertyValueSpecification\",\"valueRequired\":true,\"valueName\":\"search_term_string\"}}],\"inLanguage\":\"de\"},{\"@type\":\"Organization\",\"@id\":\"https:\/\/www.domainemaisonblanche.ch\/en\/#organization\",\"name\":\"Domaine de Maison Blanche\",\"url\":\"https:\/\/www.domainemaisonblanche.ch\/en\/\",\"logo\":{\"@type\":\"ImageObject\",\"inLanguage\":\"de\",\"@id\":\"https:\/\/www.domainemaisonblanche.ch\/en\/#\/schema\/logo\/image\/\",\"url\":\"https:\/\/www.domainemaisonblanche.ch\/wp-content\/uploads\/2019\/03\/logo-maison-blanche.png\",\"contentUrl\":\"https:\/\/www.domainemaisonblanche.ch\/wp-content\/uploads\/2019\/03\/logo-maison-blanche.png\",\"width\":144,\"height\":144,\"caption\":\"Domaine de Maison Blanche\"},\"image\":{\"@id\":\"https:\/\/www.domainemaisonblanche.ch\/en\/#\/schema\/logo\/image\/\"}}]}<\/script>\n<!-- \/ Yoast SEO plugin. -->","yoast_head_json":{"title":"AOC Aubonne Grand Cru Clos d'Aspre, Pinot Noir","description":"Dieser Wein passt zu in Rotwein geschmortem Rindsgulasch, Gefl\u00fcgel und zur feinen K\u00e4seplatte.  Trinktemperatur : 14-15\u00b0C Lagerf\u00e4hig : 10 Jahre ab Kauf.   Karton zu 3 Flaschen 75 cl =\u00a0CHF 54.30\u00a0(18.10 pro Fl.)","robots":{"index":"index","follow":"follow","max-snippet":"max-snippet:-1","max-image-preview":"max-image-preview:large","max-video-preview":"max-video-preview:-1"},"canonical":"https:\/\/www.domainemaisonblanche.ch\/de\/produit\/aoc-aubonne-grand-cru-clos-daspre-pinot-noir\/","og_locale":"de_DE","og_type":"article","og_title":"AOC Aubonne Grand Cru Clos d'Aspre, Pinot Noir","og_description":"Dieser Wein passt zu in Rotwein geschmortem Rindsgulasch, Gefl\u00fcgel und zur feinen K\u00e4seplatte.  Trinktemperatur : 14-15\u00b0C Lagerf\u00e4hig : 10 Jahre ab Kauf.   Karton zu 3 Flaschen 75 cl =\u00a0CHF 54.30\u00a0(18.10 pro Fl.)","og_url":"https:\/\/www.domainemaisonblanche.ch\/de\/produit\/aoc-aubonne-grand-cru-clos-daspre-pinot-noir\/","og_site_name":"Domaine de Maison Blanche","article_modified_time":"2026-03-25T16:17:13+00:00","og_image":[{"width":195,"height":650,"url":"https:\/\/www.domainemaisonblanche.ch\/wp-content\/uploads\/2018\/08\/clos-daspre-pinot-noir-maison-blanche-75cl.jpg","type":"image\/jpeg"}],"twitter_card":"summary_large_image","twitter_misc":{"Gesch\u00e4tzte Lesezeit":"1\u00a0Minute"},"schema":{"@context":"https:\/\/schema.org","@graph":[{"@type":"WebPage","@id":"https:\/\/www.domainemaisonblanche.ch\/de\/produit\/aoc-aubonne-grand-cru-clos-daspre-pinot-noir\/","url":"https:\/\/www.domainemaisonblanche.ch\/de\/produit\/aoc-aubonne-grand-cru-clos-daspre-pinot-noir\/","name":"AOC Aubonne Grand Cru Clos d'Aspre, Pinot Noir","isPartOf":{"@id":"https:\/\/www.domainemaisonblanche.ch\/en\/#website"},"primaryImageOfPage":{"@id":"https:\/\/www.domainemaisonblanche.ch\/de\/produit\/aoc-aubonne-grand-cru-clos-daspre-pinot-noir\/#primaryimage"},"image":{"@id":"https:\/\/www.domainemaisonblanche.ch\/de\/produit\/aoc-aubonne-grand-cru-clos-daspre-pinot-noir\/#primaryimage"},"thumbnailUrl":"https:\/\/www.domainemaisonblanche.ch\/wp-content\/uploads\/2018\/08\/clos-daspre-pinot-noir-maison-blanche-75cl.jpg","datePublished":"2018-08-08T10:00:29+00:00","dateModified":"2026-03-25T16:17:13+00:00","description":"Dieser Wein passt zu in Rotwein geschmortem Rindsgulasch, Gefl\u00fcgel und zur feinen K\u00e4seplatte. Trinktemperatur : 14-15\u00b0C Lagerf\u00e4hig : 10 Jahre ab Kauf. Karton zu 3 Flaschen 75 cl =\u00a0CHF 54.30\u00a0(18.10 pro Fl.)","breadcrumb":{"@id":"https:\/\/www.domainemaisonblanche.ch\/de\/produit\/aoc-aubonne-grand-cru-clos-daspre-pinot-noir\/#breadcrumb"},"inLanguage":"de","potentialAction":[{"@type":"ReadAction","target":["https:\/\/www.domainemaisonblanche.ch\/de\/produit\/aoc-aubonne-grand-cru-clos-daspre-pinot-noir\/"]}]},{"@type":"ImageObject","inLanguage":"de","@id":"https:\/\/www.domainemaisonblanche.ch\/de\/produit\/aoc-aubonne-grand-cru-clos-daspre-pinot-noir\/#primaryimage","url":"https:\/\/www.domainemaisonblanche.ch\/wp-content\/uploads\/2018\/08\/clos-daspre-pinot-noir-maison-blanche-75cl.jpg","contentUrl":"https:\/\/www.domainemaisonblanche.ch\/wp-content\/uploads\/2018\/08\/clos-daspre-pinot-noir-maison-blanche-75cl.jpg","width":195,"height":650,"caption":"clos-d'aspre-pinot-noir-maison-blanche-75cl"},{"@type":"BreadcrumbList","@id":"https:\/\/www.domainemaisonblanche.ch\/de\/produit\/aoc-aubonne-grand-cru-clos-daspre-pinot-noir\/#breadcrumb","itemListElement":[{"@type":"ListItem","position":1,"name":"Accueil","item":"http:\/\/www.domainemaisonblanche.ch\/de\/"},{"@type":"ListItem","position":2,"name":"Gesch\u00e4ft","item":"http:\/\/www.domainemaisonblanche.ch\/de\/boutique\/"},{"@type":"ListItem","position":3,"name":"AOC Aubonne Grand Cru, Clos d&#8217;Aspre, Pinot Noir 2021"}]},{"@type":"WebSite","@id":"https:\/\/www.domainemaisonblanche.ch\/en\/#website","url":"https:\/\/www.domainemaisonblanche.ch\/en\/","name":"Domaine de Maison Blanche","description":"Le Chasselas dans tous ses \u00e9tats !","publisher":{"@id":"https:\/\/www.domainemaisonblanche.ch\/en\/#organization"},"potentialAction":[{"@type":"SearchAction","target":{"@type":"EntryPoint","urlTemplate":"https:\/\/www.domainemaisonblanche.ch\/en\/?s={search_term_string}"},"query-input":{"@type":"PropertyValueSpecification","valueRequired":true,"valueName":"search_term_string"}}],"inLanguage":"de"},{"@type":"Organization","@id":"https:\/\/www.domainemaisonblanche.ch\/en\/#organization","name":"Domaine de Maison Blanche","url":"https:\/\/www.domainemaisonblanche.ch\/en\/","logo":{"@type":"ImageObject","inLanguage":"de","@id":"https:\/\/www.domainemaisonblanche.ch\/en\/#\/schema\/logo\/image\/","url":"https:\/\/www.domainemaisonblanche.ch\/wp-content\/uploads\/2019\/03\/logo-maison-blanche.png","contentUrl":"https:\/\/www.domainemaisonblanche.ch\/wp-content\/uploads\/2019\/03\/logo-maison-blanche.png","width":144,"height":144,"caption":"Domaine de Maison Blanche"},"image":{"@id":"https:\/\/www.domainemaisonblanche.ch\/en\/#\/schema\/logo\/image\/"}}]}},"_links":{"self":[{"href":"https:\/\/www.domainemaisonblanche.ch\/de\/wp-json\/wp\/v2\/product\/859","targetHints":{"allow":["GET"]}}],"collection":[{"href":"https:\/\/www.domainemaisonblanche.ch\/de\/wp-json\/wp\/v2\/product"}],"about":[{"href":"https:\/\/www.domainemaisonblanche.ch\/de\/wp-json\/wp\/v2\/types\/product"}],"replies":[{"embeddable":true,"href":"https:\/\/www.domainemaisonblanche.ch\/de\/wp-json\/wp\/v2\/comments?post=859"}],"wp:featuredmedia":[{"embeddable":true,"href":"https:\/\/www.domainemaisonblanche.ch\/de\/wp-json\/wp\/v2\/media\/919"}],"wp:attachment":[{"href":"https:\/\/www.domainemaisonblanche.ch\/de\/wp-json\/wp\/v2\/media?parent=859"}],"wp:term":[{"taxonomy":"product_brand","embeddable":true,"href":"https:\/\/www.domainemaisonblanche.ch\/de\/wp-json\/wp\/v2\/product_brand?post=859"},{"taxonomy":"product_cat","embeddable":true,"href":"https:\/\/www.domainemaisonblanche.ch\/de\/wp-json\/wp\/v2\/product_cat?post=859"},{"taxonomy":"product_tag","embeddable":true,"href":"https:\/\/www.domainemaisonblanche.ch\/de\/wp-json\/wp\/v2\/product_tag?post=859"}],"curies":[{"name":"wp","href":"https:\/\/api.w.org\/{rel}","templated":true}]}}