{"id":864,"date":"2018-08-08T03:00:48","date_gmt":"2018-08-08T01:00:48","guid":{"rendered":"https:\/\/www.domainemaisonblanche.ch\/produit\/aoc-cote-aubonne-grand-cru-clos-daspre-savagnin-blanc\/"},"modified":"2026-03-25T17:04:31","modified_gmt":"2026-03-25T16:04:31","slug":"aoc-cote-aubonne-grand-cru-clos-daspre-savagnin-blanc","status":"publish","type":"product","link":"https:\/\/www.domainemaisonblanche.ch\/de\/produit\/aoc-cote-aubonne-grand-cru-clos-daspre-savagnin-blanc\/","title":{"rendered":"AOC la C\u00f4te, Aubonne Grand Cru, Clos d&#8217;Aspre, Savagnin blanc 2020"},"content":{"rendered":"<h2>AOC la C\u00f4te, Aubonne Grand Cru, Clos d&#8217;Aspre, Savagnin blanc<\/h2>\n<p>Heida oder Pa\u00efen wird Savagnin im Wallis genannt. Der Cousin der Rebsorte Traminer hat seinen Ursprung in Norditalien. Im franz\u00f6sischen Jura hat sich Savagnin verbreitet, weil damit der \u00abvin jaune\u00bb gekeltert wird. Der kalkige Boden des Weinbergs Clos d\u2019Aspre bietet den Reben ideale Bedingungen um optimal zu reifen. Die Trauben bieten wenig Ertrag daf\u00fcr verleihen sie dem Wein seinen sortentypischen Geschmack, welcher sich mit dem altern noch verst\u00e4rkt. Dieser Wein passt ausgezeichnet zu Gefl\u00fcgel an \u00abvin jaune\u00bb Sauce, Morcheln, Kalbfleisch oder foie gras.<\/p>\n<p>Trinktemperatur: 12-13\u00b0 C.<br \/>\nLagerf\u00e4hig: 10 Jahre ab Kauf.<\/p>\n","protected":false},"excerpt":{"rendered":"<div style=\"margin: 20px 0 5px; padding-bottom: 5px; line-height: 1;\"><a href=\"https:\/\/www.ipsuisse.ch\/fr\/consomateurs-2\/produits\/#toggle-id-9\" target=\"_blank\" rel=\"noopener\"><img decoding=\"async\" class=\"alignleft wp-image-5074 size-full\" title=\"Les produits IP-SUISSE\" src=\"https:\/\/www.domainemaisonblanche.ch\/wp-content\/uploads\/2018\/08\/ip-suisse-domaine-maison-blanche.png\" alt=\"IP SUISSE Domaine de Maison Blanche\" width=\"80\" height=\"80\" srcset=\"https:\/\/www.domainemaisonblanche.ch\/wp-content\/uploads\/2018\/08\/ip-suisse-domaine-maison-blanche.png 200w, https:\/\/www.domainemaisonblanche.ch\/wp-content\/uploads\/2018\/08\/ip-suisse-domaine-maison-blanche-150x150.png 150w, https:\/\/www.domainemaisonblanche.ch\/wp-content\/uploads\/2018\/08\/ip-suisse-domaine-maison-blanche-100x100.png 100w\" sizes=\"(max-width: 80px) 100vw, 80px\" \/><\/a><\/div>\n<p><strong>Dieser Wein passt ausgezeichnet zu Gefl\u00fcgel an \u00abvin jaune\u00bb Sauce, Morcheln, Kalbfleisch oder foie gras.<\/strong><\/p>\n<p>Trinktemperatur: 12-13\u00b0 C.<br \/>\nLagerf\u00e4hig: 10 Jahre ab Kauf.<\/p>\n<ul>\n<li>3 Flashe 75 cl =\u00a0<strong>CHF 60<\/strong>\u00a0(20.- pro Fl.)<\/li>\n<\/ul>\n","protected":false},"featured_media":916,"comment_status":"open","ping_status":"closed","template":"","meta":{"_et_pb_use_builder":"","_et_pb_old_content":"","_et_gb_content_width":"","iawp_total_views":16},"product_brand":[],"product_cat":[1406],"product_tag":[],"class_list":{"0":"post-864","1":"product","2":"type-product","3":"status-publish","4":"has-post-thumbnail","6":"product_cat-weissweine","8":"first","9":"instock","10":"shipping-taxable","11":"purchasable","12":"product-type-simple"},"group_of_quantity":3,"min_quantity":3,"max_quantity":180,"exclude_order_quantity_value_rules":"no","exclude_category_quantity_rules":"no","combine_variations":"no","yoast_head":"<!-- This site is optimized with the Yoast SEO plugin v26.8 - https:\/\/yoast.com\/product\/yoast-seo-wordpress\/ -->\n<title>AOC la C\u00f4te, Aubonne Grand Cru Clos d&#039;Aspre, Savagnin blanc<\/title>\n<meta name=\"description\" content=\"Dieser Wein passt ausgezeichnet zu Gefl\u00fcgel an \u00abvin jaune\u00bb Sauce, Morcheln, Kalbfleisch oder foie gras.  Trinktemperatur: 12-13\u00b0 C. Lagerf\u00e4hig: 10 Jahre ab Kauf.   3 Flashe 75 cl =\u00a0CHF 60\u00a0(20.- pro Fl.)\" \/>\n<meta name=\"robots\" content=\"index, follow, max-snippet:-1, max-image-preview:large, max-video-preview:-1\" \/>\n<link rel=\"canonical\" href=\"http:\/\/www.domainemaisonblanche.ch\/de\/produit\/aoc-cote-aubonne-grand-cru-clos-daspre-savagnin-blanc\/\" \/>\n<meta property=\"og:locale\" content=\"de_DE\" \/>\n<meta property=\"og:type\" content=\"article\" \/>\n<meta property=\"og:title\" content=\"AOC la C\u00f4te, Aubonne Grand Cru Clos d&#039;Aspre, Savagnin blanc\" \/>\n<meta property=\"og:description\" content=\"Dieser Wein passt ausgezeichnet zu Gefl\u00fcgel an \u00abvin jaune\u00bb Sauce, Morcheln, Kalbfleisch oder foie gras.  Trinktemperatur: 12-13\u00b0 C. Lagerf\u00e4hig: 10 Jahre ab Kauf.   3 Flashe 75 cl =\u00a0CHF 60\u00a0(20.- pro Fl.)\" \/>\n<meta property=\"og:url\" content=\"http:\/\/www.domainemaisonblanche.ch\/de\/produit\/aoc-cote-aubonne-grand-cru-clos-daspre-savagnin-blanc\/\" \/>\n<meta property=\"og:site_name\" content=\"Domaine de Maison Blanche\" \/>\n<meta property=\"article:modified_time\" content=\"2026-03-25T16:04:31+00:00\" \/>\n<meta property=\"og:image\" content=\"http:\/\/www.domainemaisonblanche.ch\/wp-content\/uploads\/2018\/08\/clos-daspre-savagnin-blanc-maison-blanche-75cl.jpg\" \/>\n\t<meta property=\"og:image:width\" content=\"195\" \/>\n\t<meta property=\"og:image:height\" content=\"650\" \/>\n\t<meta property=\"og:image:type\" content=\"image\/jpeg\" \/>\n<meta name=\"twitter:card\" content=\"summary_large_image\" \/>\n<meta name=\"twitter:label1\" content=\"Gesch\u00e4tzte Lesezeit\" \/>\n\t<meta name=\"twitter:data1\" content=\"1\u00a0Minute\" \/>\n<script type=\"application\/ld+json\" class=\"yoast-schema-graph\">{\"@context\":\"https:\/\/schema.org\",\"@graph\":[{\"@type\":\"WebPage\",\"@id\":\"http:\/\/www.domainemaisonblanche.ch\/de\/produit\/aoc-cote-aubonne-grand-cru-clos-daspre-savagnin-blanc\/\",\"url\":\"http:\/\/www.domainemaisonblanche.ch\/de\/produit\/aoc-cote-aubonne-grand-cru-clos-daspre-savagnin-blanc\/\",\"name\":\"AOC la C\u00f4te, Aubonne Grand Cru Clos d'Aspre, Savagnin blanc\",\"isPartOf\":{\"@id\":\"https:\/\/www.domainemaisonblanche.ch\/en\/#website\"},\"primaryImageOfPage\":{\"@id\":\"http:\/\/www.domainemaisonblanche.ch\/de\/produit\/aoc-cote-aubonne-grand-cru-clos-daspre-savagnin-blanc\/#primaryimage\"},\"image\":{\"@id\":\"http:\/\/www.domainemaisonblanche.ch\/de\/produit\/aoc-cote-aubonne-grand-cru-clos-daspre-savagnin-blanc\/#primaryimage\"},\"thumbnailUrl\":\"https:\/\/www.domainemaisonblanche.ch\/wp-content\/uploads\/2018\/08\/clos-daspre-savagnin-blanc-maison-blanche-75cl.jpg\",\"datePublished\":\"2018-08-08T01:00:48+00:00\",\"dateModified\":\"2026-03-25T16:04:31+00:00\",\"description\":\"Dieser Wein passt ausgezeichnet zu Gefl\u00fcgel an \u00abvin jaune\u00bb Sauce, Morcheln, Kalbfleisch oder foie gras. Trinktemperatur: 12-13\u00b0 C. Lagerf\u00e4hig: 10 Jahre ab Kauf. 3 Flashe 75 cl =\u00a0CHF 60\u00a0(20.- pro Fl.)\",\"breadcrumb\":{\"@id\":\"http:\/\/www.domainemaisonblanche.ch\/de\/produit\/aoc-cote-aubonne-grand-cru-clos-daspre-savagnin-blanc\/#breadcrumb\"},\"inLanguage\":\"de\",\"potentialAction\":[{\"@type\":\"ReadAction\",\"target\":[\"http:\/\/www.domainemaisonblanche.ch\/de\/produit\/aoc-cote-aubonne-grand-cru-clos-daspre-savagnin-blanc\/\"]}]},{\"@type\":\"ImageObject\",\"inLanguage\":\"de\",\"@id\":\"http:\/\/www.domainemaisonblanche.ch\/de\/produit\/aoc-cote-aubonne-grand-cru-clos-daspre-savagnin-blanc\/#primaryimage\",\"url\":\"https:\/\/www.domainemaisonblanche.ch\/wp-content\/uploads\/2018\/08\/clos-daspre-savagnin-blanc-maison-blanche-75cl.jpg\",\"contentUrl\":\"https:\/\/www.domainemaisonblanche.ch\/wp-content\/uploads\/2018\/08\/clos-daspre-savagnin-blanc-maison-blanche-75cl.jpg\",\"width\":195,\"height\":650,\"caption\":\"clos-d'aspre-savagnin-blanc-maison-blanche-75cl\"},{\"@type\":\"BreadcrumbList\",\"@id\":\"http:\/\/www.domainemaisonblanche.ch\/de\/produit\/aoc-cote-aubonne-grand-cru-clos-daspre-savagnin-blanc\/#breadcrumb\",\"itemListElement\":[{\"@type\":\"ListItem\",\"position\":1,\"name\":\"Accueil\",\"item\":\"http:\/\/www.domainemaisonblanche.ch\/de\/\"},{\"@type\":\"ListItem\",\"position\":2,\"name\":\"Gesch\u00e4ft\",\"item\":\"http:\/\/www.domainemaisonblanche.ch\/de\/boutique\/\"},{\"@type\":\"ListItem\",\"position\":3,\"name\":\"AOC la C\u00f4te, Aubonne Grand Cru, Clos d&#8217;Aspre, Savagnin blanc 2020\"}]},{\"@type\":\"WebSite\",\"@id\":\"https:\/\/www.domainemaisonblanche.ch\/en\/#website\",\"url\":\"https:\/\/www.domainemaisonblanche.ch\/en\/\",\"name\":\"Domaine de Maison Blanche\",\"description\":\"Le Chasselas dans tous ses \u00e9tats !\",\"publisher\":{\"@id\":\"https:\/\/www.domainemaisonblanche.ch\/en\/#organization\"},\"potentialAction\":[{\"@type\":\"SearchAction\",\"target\":{\"@type\":\"EntryPoint\",\"urlTemplate\":\"https:\/\/www.domainemaisonblanche.ch\/en\/?s={search_term_string}\"},\"query-input\":{\"@type\":\"PropertyValueSpecification\",\"valueRequired\":true,\"valueName\":\"search_term_string\"}}],\"inLanguage\":\"de\"},{\"@type\":\"Organization\",\"@id\":\"https:\/\/www.domainemaisonblanche.ch\/en\/#organization\",\"name\":\"Domaine de Maison Blanche\",\"url\":\"https:\/\/www.domainemaisonblanche.ch\/en\/\",\"logo\":{\"@type\":\"ImageObject\",\"inLanguage\":\"de\",\"@id\":\"https:\/\/www.domainemaisonblanche.ch\/en\/#\/schema\/logo\/image\/\",\"url\":\"https:\/\/www.domainemaisonblanche.ch\/wp-content\/uploads\/2019\/03\/logo-maison-blanche.png\",\"contentUrl\":\"https:\/\/www.domainemaisonblanche.ch\/wp-content\/uploads\/2019\/03\/logo-maison-blanche.png\",\"width\":144,\"height\":144,\"caption\":\"Domaine de Maison Blanche\"},\"image\":{\"@id\":\"https:\/\/www.domainemaisonblanche.ch\/en\/#\/schema\/logo\/image\/\"}}]}<\/script>\n<!-- \/ Yoast SEO plugin. -->","yoast_head_json":{"title":"AOC la C\u00f4te, Aubonne Grand Cru Clos d'Aspre, Savagnin blanc","description":"Dieser Wein passt ausgezeichnet zu Gefl\u00fcgel an \u00abvin jaune\u00bb Sauce, Morcheln, Kalbfleisch oder foie gras.  Trinktemperatur: 12-13\u00b0 C. Lagerf\u00e4hig: 10 Jahre ab Kauf.   3 Flashe 75 cl =\u00a0CHF 60\u00a0(20.- pro Fl.)","robots":{"index":"index","follow":"follow","max-snippet":"max-snippet:-1","max-image-preview":"max-image-preview:large","max-video-preview":"max-video-preview:-1"},"canonical":"http:\/\/www.domainemaisonblanche.ch\/de\/produit\/aoc-cote-aubonne-grand-cru-clos-daspre-savagnin-blanc\/","og_locale":"de_DE","og_type":"article","og_title":"AOC la C\u00f4te, Aubonne Grand Cru Clos d'Aspre, Savagnin blanc","og_description":"Dieser Wein passt ausgezeichnet zu Gefl\u00fcgel an \u00abvin jaune\u00bb Sauce, Morcheln, Kalbfleisch oder foie gras.  Trinktemperatur: 12-13\u00b0 C. Lagerf\u00e4hig: 10 Jahre ab Kauf.   3 Flashe 75 cl =\u00a0CHF 60\u00a0(20.- pro Fl.)","og_url":"http:\/\/www.domainemaisonblanche.ch\/de\/produit\/aoc-cote-aubonne-grand-cru-clos-daspre-savagnin-blanc\/","og_site_name":"Domaine de Maison Blanche","article_modified_time":"2026-03-25T16:04:31+00:00","og_image":[{"width":195,"height":650,"url":"http:\/\/www.domainemaisonblanche.ch\/wp-content\/uploads\/2018\/08\/clos-daspre-savagnin-blanc-maison-blanche-75cl.jpg","type":"image\/jpeg"}],"twitter_card":"summary_large_image","twitter_misc":{"Gesch\u00e4tzte Lesezeit":"1\u00a0Minute"},"schema":{"@context":"https:\/\/schema.org","@graph":[{"@type":"WebPage","@id":"http:\/\/www.domainemaisonblanche.ch\/de\/produit\/aoc-cote-aubonne-grand-cru-clos-daspre-savagnin-blanc\/","url":"http:\/\/www.domainemaisonblanche.ch\/de\/produit\/aoc-cote-aubonne-grand-cru-clos-daspre-savagnin-blanc\/","name":"AOC la C\u00f4te, Aubonne Grand Cru Clos d'Aspre, Savagnin blanc","isPartOf":{"@id":"https:\/\/www.domainemaisonblanche.ch\/en\/#website"},"primaryImageOfPage":{"@id":"http:\/\/www.domainemaisonblanche.ch\/de\/produit\/aoc-cote-aubonne-grand-cru-clos-daspre-savagnin-blanc\/#primaryimage"},"image":{"@id":"http:\/\/www.domainemaisonblanche.ch\/de\/produit\/aoc-cote-aubonne-grand-cru-clos-daspre-savagnin-blanc\/#primaryimage"},"thumbnailUrl":"https:\/\/www.domainemaisonblanche.ch\/wp-content\/uploads\/2018\/08\/clos-daspre-savagnin-blanc-maison-blanche-75cl.jpg","datePublished":"2018-08-08T01:00:48+00:00","dateModified":"2026-03-25T16:04:31+00:00","description":"Dieser Wein passt ausgezeichnet zu Gefl\u00fcgel an \u00abvin jaune\u00bb Sauce, Morcheln, Kalbfleisch oder foie gras. Trinktemperatur: 12-13\u00b0 C. Lagerf\u00e4hig: 10 Jahre ab Kauf. 3 Flashe 75 cl =\u00a0CHF 60\u00a0(20.- pro Fl.)","breadcrumb":{"@id":"http:\/\/www.domainemaisonblanche.ch\/de\/produit\/aoc-cote-aubonne-grand-cru-clos-daspre-savagnin-blanc\/#breadcrumb"},"inLanguage":"de","potentialAction":[{"@type":"ReadAction","target":["http:\/\/www.domainemaisonblanche.ch\/de\/produit\/aoc-cote-aubonne-grand-cru-clos-daspre-savagnin-blanc\/"]}]},{"@type":"ImageObject","inLanguage":"de","@id":"http:\/\/www.domainemaisonblanche.ch\/de\/produit\/aoc-cote-aubonne-grand-cru-clos-daspre-savagnin-blanc\/#primaryimage","url":"https:\/\/www.domainemaisonblanche.ch\/wp-content\/uploads\/2018\/08\/clos-daspre-savagnin-blanc-maison-blanche-75cl.jpg","contentUrl":"https:\/\/www.domainemaisonblanche.ch\/wp-content\/uploads\/2018\/08\/clos-daspre-savagnin-blanc-maison-blanche-75cl.jpg","width":195,"height":650,"caption":"clos-d'aspre-savagnin-blanc-maison-blanche-75cl"},{"@type":"BreadcrumbList","@id":"http:\/\/www.domainemaisonblanche.ch\/de\/produit\/aoc-cote-aubonne-grand-cru-clos-daspre-savagnin-blanc\/#breadcrumb","itemListElement":[{"@type":"ListItem","position":1,"name":"Accueil","item":"http:\/\/www.domainemaisonblanche.ch\/de\/"},{"@type":"ListItem","position":2,"name":"Gesch\u00e4ft","item":"http:\/\/www.domainemaisonblanche.ch\/de\/boutique\/"},{"@type":"ListItem","position":3,"name":"AOC la C\u00f4te, Aubonne Grand Cru, Clos d&#8217;Aspre, Savagnin blanc 2020"}]},{"@type":"WebSite","@id":"https:\/\/www.domainemaisonblanche.ch\/en\/#website","url":"https:\/\/www.domainemaisonblanche.ch\/en\/","name":"Domaine de Maison Blanche","description":"Le Chasselas dans tous ses \u00e9tats !","publisher":{"@id":"https:\/\/www.domainemaisonblanche.ch\/en\/#organization"},"potentialAction":[{"@type":"SearchAction","target":{"@type":"EntryPoint","urlTemplate":"https:\/\/www.domainemaisonblanche.ch\/en\/?s={search_term_string}"},"query-input":{"@type":"PropertyValueSpecification","valueRequired":true,"valueName":"search_term_string"}}],"inLanguage":"de"},{"@type":"Organization","@id":"https:\/\/www.domainemaisonblanche.ch\/en\/#organization","name":"Domaine de Maison Blanche","url":"https:\/\/www.domainemaisonblanche.ch\/en\/","logo":{"@type":"ImageObject","inLanguage":"de","@id":"https:\/\/www.domainemaisonblanche.ch\/en\/#\/schema\/logo\/image\/","url":"https:\/\/www.domainemaisonblanche.ch\/wp-content\/uploads\/2019\/03\/logo-maison-blanche.png","contentUrl":"https:\/\/www.domainemaisonblanche.ch\/wp-content\/uploads\/2019\/03\/logo-maison-blanche.png","width":144,"height":144,"caption":"Domaine de Maison Blanche"},"image":{"@id":"https:\/\/www.domainemaisonblanche.ch\/en\/#\/schema\/logo\/image\/"}}]}},"_links":{"self":[{"href":"https:\/\/www.domainemaisonblanche.ch\/de\/wp-json\/wp\/v2\/product\/864","targetHints":{"allow":["GET"]}}],"collection":[{"href":"https:\/\/www.domainemaisonblanche.ch\/de\/wp-json\/wp\/v2\/product"}],"about":[{"href":"https:\/\/www.domainemaisonblanche.ch\/de\/wp-json\/wp\/v2\/types\/product"}],"replies":[{"embeddable":true,"href":"https:\/\/www.domainemaisonblanche.ch\/de\/wp-json\/wp\/v2\/comments?post=864"}],"wp:featuredmedia":[{"embeddable":true,"href":"https:\/\/www.domainemaisonblanche.ch\/de\/wp-json\/wp\/v2\/media\/916"}],"wp:attachment":[{"href":"https:\/\/www.domainemaisonblanche.ch\/de\/wp-json\/wp\/v2\/media?parent=864"}],"wp:term":[{"taxonomy":"product_brand","embeddable":true,"href":"https:\/\/www.domainemaisonblanche.ch\/de\/wp-json\/wp\/v2\/product_brand?post=864"},{"taxonomy":"product_cat","embeddable":true,"href":"https:\/\/www.domainemaisonblanche.ch\/de\/wp-json\/wp\/v2\/product_cat?post=864"},{"taxonomy":"product_tag","embeddable":true,"href":"https:\/\/www.domainemaisonblanche.ch\/de\/wp-json\/wp\/v2\/product_tag?post=864"}],"curies":[{"name":"wp","href":"https:\/\/api.w.org\/{rel}","templated":true}]}}