{"id":870,"date":"2018-08-08T14:00:40","date_gmt":"2018-08-08T12:00:40","guid":{"rendered":"https:\/\/www.domainemaisonblanche.ch\/?post_type=product&#038;p=870"},"modified":"2026-03-25T17:19:52","modified_gmt":"2026-03-25T16:19:52","slug":"aoc-mont-rolle-grand-cru-mondeuse-noire-pinot-noir","status":"publish","type":"product","link":"https:\/\/www.domainemaisonblanche.ch\/de\/produit\/aoc-mont-rolle-grand-cru-mondeuse-noire-pinot-noir\/","title":{"rendered":"AOC Mont-sur-Rolle Grand Cru, &#8220;Mondeuse noire &#038; Pinot noir&#8221; 2022-2018"},"content":{"rendered":"<p>[et_pb_section fb_built=&#8221;1&#8243; _builder_version=&#8221;4.16&#8243; custom_padding=&#8221;0px||||false|false&#8221; global_colors_info=&#8221;{}&#8221;][et_pb_row _builder_version=&#8221;4.16&#8243; background_size=&#8221;initial&#8221; background_position=&#8221;top_left&#8221; background_repeat=&#8221;repeat&#8221; width=&#8221;100%&#8221; custom_padding=&#8221;0px||0px||false|false&#8221; global_colors_info=&#8221;{}&#8221;][et_pb_column type=&#8221;4_4&#8243; _builder_version=&#8221;4.16&#8243; custom_padding=&#8221;|||&#8221; global_colors_info=&#8221;{}&#8221; custom_padding__hover=&#8221;|||&#8221;][et_pb_wc_breadcrumb _builder_version=&#8221;4.16&#8243; global_colors_info=&#8221;{}&#8221;][\/et_pb_wc_breadcrumb][et_pb_wc_cart_notice _builder_version=&#8221;4.16&#8243; global_colors_info=&#8221;{}&#8221;][\/et_pb_wc_cart_notice][\/et_pb_column][\/et_pb_row][et_pb_row column_structure=&#8221;1_2,1_2&#8243; _builder_version=&#8221;4.16&#8243; background_size=&#8221;initial&#8221; background_position=&#8221;top_left&#8221; background_repeat=&#8221;repeat&#8221; width=&#8221;100%&#8221; custom_padding=&#8221;0px||||false|false&#8221; global_colors_info=&#8221;{}&#8221;][et_pb_column type=&#8221;1_2&#8243; _builder_version=&#8221;4.16&#8243; custom_padding=&#8221;|||&#8221; global_colors_info=&#8221;{}&#8221; custom_padding__hover=&#8221;|||&#8221;][et_pb_wc_images _builder_version=&#8221;4.16&#8243; global_colors_info=&#8221;{}&#8221;][\/et_pb_wc_images][\/et_pb_column][et_pb_column type=&#8221;1_2&#8243; _builder_version=&#8221;4.16&#8243; custom_padding=&#8221;|||&#8221; global_colors_info=&#8221;{}&#8221; custom_padding__hover=&#8221;|||&#8221;][et_pb_wc_title _builder_version=&#8221;4.16&#8243; global_colors_info=&#8221;{}&#8221;][\/et_pb_wc_title][et_pb_wc_rating _builder_version=&#8221;4.16&#8243; global_colors_info=&#8221;{}&#8221;][\/et_pb_wc_rating][et_pb_wc_price _builder_version=&#8221;4.16&#8243; global_colors_info=&#8221;{}&#8221;][\/et_pb_wc_price][et_pb_wc_description _builder_version=&#8221;4.16&#8243; global_colors_info=&#8221;{}&#8221;][\/et_pb_wc_description][et_pb_wc_add_to_cart _builder_version=&#8221;4.16&#8243; global_colors_info=&#8221;{}&#8221;][\/et_pb_wc_add_to_cart][et_pb_wc_meta _builder_version=&#8221;4.16&#8243; global_colors_info=&#8221;{}&#8221;][\/et_pb_wc_meta][\/et_pb_column][\/et_pb_row][et_pb_row _builder_version=&#8221;4.16&#8243; background_size=&#8221;initial&#8221; background_position=&#8221;top_left&#8221; background_repeat=&#8221;repeat&#8221; width=&#8221;100%&#8221; global_colors_info=&#8221;{}&#8221;][et_pb_column type=&#8221;4_4&#8243; _builder_version=&#8221;4.16&#8243; custom_padding=&#8221;|||&#8221; global_colors_info=&#8221;{}&#8221; custom_padding__hover=&#8221;|||&#8221;][et_pb_wc_tabs _builder_version=&#8221;4.16&#8243; global_colors_info=&#8221;{}&#8221;]\t\t\t\t\t[\/et_pb_wc_tabs][et_pb_wc_upsells _builder_version=&#8221;4.16&#8243; global_colors_info=&#8221;{}&#8221;][\/et_pb_wc_upsells][et_pb_wc_related_products _builder_version=&#8221;4.16&#8243; global_colors_info=&#8221;{}&#8221;][\/et_pb_wc_related_products][et_pb_text _builder_version=&#8221;4.16&#8243; _module_preset=&#8221;default&#8221; global_colors_info=&#8221;{}&#8221;][\/et_pb_text][\/et_pb_column][\/et_pb_row][\/et_pb_section]<\/p>\n","protected":false},"excerpt":{"rendered":"<div style=\"margin: 20px 0 5px; padding-bottom: 5px; line-height: 1;\"><a href=\"https:\/\/www.ipsuisse.ch\/fr\/consomateurs-2\/produits\/#toggle-id-9\" target=\"_blank\" rel=\"noopener\"><img decoding=\"async\" class=\"alignleft wp-image-5074 size-full\" title=\"Les produits IP-SUISSE\" src=\"https:\/\/www.domainemaisonblanche.ch\/wp-content\/uploads\/2018\/08\/ip-suisse-domaine-maison-blanche.png\" alt=\"IP SUISSE Domaine de Maison Blanche\" width=\"80\" height=\"80\" srcset=\"https:\/\/www.domainemaisonblanche.ch\/wp-content\/uploads\/2018\/08\/ip-suisse-domaine-maison-blanche.png 200w, https:\/\/www.domainemaisonblanche.ch\/wp-content\/uploads\/2018\/08\/ip-suisse-domaine-maison-blanche-150x150.png 150w, https:\/\/www.domainemaisonblanche.ch\/wp-content\/uploads\/2018\/08\/ip-suisse-domaine-maison-blanche-100x100.png 100w\" sizes=\"(max-width: 80px) 100vw, 80px\" \/><\/a><\/div>\n<p><strong>Passt zu Rindfleisch, Lamm, usw. und K\u00e4se.<\/strong><\/p>\n<p>Ausschenktemperatur: Zimmertemperatur.<br \/>\nGenussreife: 7 bis 10 Jahren.<\/p>\n<ul>\n<li>Karton zu 3 Flaschen 75 cl =\u00a0<strong>CHF 75.-<\/strong> (25.- pro Fl.)<\/li>\n<li>Karton zu 1 Flaschen 140 cl =\u00a0<strong>CHF 52.-<\/strong> (52.- pro Fl.)<\/li>\n<\/ul>\n","protected":false},"featured_media":925,"comment_status":"open","ping_status":"closed","template":"","meta":{"_et_pb_use_builder":"on","_et_pb_old_content":"<h2>AOC Mont-sur-Rolle Grand Cru, \"Mondeuse noire &amp; Pinot noir\"<\/h2>\r\nLa Mondeuse noire, tr\u00e8s pr\u00e9sente dans le canton de Vaud il y a 200 ans, d\u00e9cim\u00e9e (1870) par la maladie du Phyloxera (maladie arriv\u00e9e d\u2019Am\u00e9rique par bateau d\u00e9but 1800, qui a d\u00e9vast\u00e9 le vignoble Europ\u00e9en. Le rem\u00e8de a \u00e9t\u00e9 de greffer les vari\u00e9t\u00e9s Europ\u00e9ennes sur du bois Am\u00e9ricain). En Suisse elle ne f\u00fbt pas replant\u00e9e jusqu\u2019aux ann\u00e9es 90, ayant une maturit\u00e9 tardive et demandant trop de soins. Cette maman de la c\u00e9l\u00e8bre Syrah donne un vin sauvage et poivr\u00e9, et, son mariage heureux avec le Pinot noir qui lui apportant finesse et fruit\u00e9 en font un vin de classe. Cet assemblage est \u00e9lev\u00e9 24 mois en f\u00fbt, puis stock\u00e9 jusqu\u2019\u00e0 maturit\u00e9 en bouteille.\r\nAccompagne avec bonheur les viandes, particuli\u00e8rement les gibiers ainsi que les fromages.\r\n\r\nTemp\u00e9rature de service\u00a0: 15-17\u00b0C\r\nPotentiel de vieillissement : 7 \u00e0 10 ans d\u00e8s son achat.","_et_gb_content_width":"","iawp_total_views":36},"product_brand":[],"product_cat":[1407],"product_tag":[],"class_list":{"0":"post-870","1":"product","2":"type-product","3":"status-publish","4":"has-post-thumbnail","6":"product_cat-rose-rot","8":"first","9":"instock","10":"shipping-taxable","11":"purchasable","12":"product-type-variable"},"group_of_quantity":0,"min_quantity":0,"max_quantity":"","exclude_order_quantity_value_rules":"no","exclude_category_quantity_rules":"no","combine_variations":"no","yoast_head":"<!-- This site is optimized with the Yoast SEO plugin v26.8 - https:\/\/yoast.com\/product\/yoast-seo-wordpress\/ -->\n<title>AOC Mont-sur-Rolle Grand Cru &quot;Mondeuse noire &amp; Pinot noir&quot;<\/title>\n<meta name=\"description\" content=\"Passt zu Rindfleisch, Lamm, usw. und K\u00e4se.  Ausschenktemperatur: Zimmertemperatur. Genussreife: 7 bis 10 Jahren.   Karton zu 3 Flaschen 75 cl =\u00a0CHF 75.- (25.- pro Fl.)  Karton zu 1 Flaschen 140 cl =\u00a0CHF 52.- (52.- pro Fl.)\" \/>\n<meta name=\"robots\" content=\"index, follow, max-snippet:-1, max-image-preview:large, max-video-preview:-1\" \/>\n<link rel=\"canonical\" href=\"http:\/\/www.domainemaisonblanche.ch\/de\/produit\/aoc-mont-rolle-grand-cru-mondeuse-noire-pinot-noir\/\" \/>\n<meta property=\"og:locale\" content=\"de_DE\" \/>\n<meta property=\"og:type\" content=\"article\" \/>\n<meta property=\"og:title\" content=\"AOC Mont-sur-Rolle Grand Cru &quot;Mondeuse noire &amp; Pinot noir&quot;\" \/>\n<meta property=\"og:description\" content=\"Passt zu Rindfleisch, Lamm, usw. und K\u00e4se.  Ausschenktemperatur: Zimmertemperatur. Genussreife: 7 bis 10 Jahren.   Karton zu 3 Flaschen 75 cl =\u00a0CHF 75.- (25.- pro Fl.)  Karton zu 1 Flaschen 140 cl =\u00a0CHF 52.- (52.- pro Fl.)\" \/>\n<meta property=\"og:url\" content=\"http:\/\/www.domainemaisonblanche.ch\/de\/produit\/aoc-mont-rolle-grand-cru-mondeuse-noire-pinot-noir\/\" \/>\n<meta property=\"og:site_name\" content=\"Domaine de Maison Blanche\" \/>\n<meta property=\"article:modified_time\" content=\"2026-03-25T16:19:52+00:00\" \/>\n<meta property=\"og:image\" content=\"https:\/\/www.domainemaisonblanche.ch\/wp-content\/uploads\/2018\/08\/mondeuse-maison-blanche-75cl.jpg\" \/>\n<meta name=\"twitter:card\" content=\"summary_large_image\" \/>\n<meta name=\"twitter:label1\" content=\"Gesch\u00e4tzte Lesezeit\" \/>\n\t<meta name=\"twitter:data1\" content=\"1\u00a0Minute\" \/>\n<script type=\"application\/ld+json\" class=\"yoast-schema-graph\">{\"@context\":\"https:\/\/schema.org\",\"@graph\":[{\"@type\":\"WebPage\",\"@id\":\"http:\/\/www.domainemaisonblanche.ch\/de\/produit\/aoc-mont-rolle-grand-cru-mondeuse-noire-pinot-noir\/\",\"url\":\"http:\/\/www.domainemaisonblanche.ch\/de\/produit\/aoc-mont-rolle-grand-cru-mondeuse-noire-pinot-noir\/\",\"name\":\"AOC Mont-sur-Rolle Grand Cru \\\"Mondeuse noire & Pinot noir\\\"\",\"isPartOf\":{\"@id\":\"https:\/\/www.domainemaisonblanche.ch\/en\/#website\"},\"primaryImageOfPage\":{\"@id\":\"http:\/\/www.domainemaisonblanche.ch\/de\/produit\/aoc-mont-rolle-grand-cru-mondeuse-noire-pinot-noir\/#primaryimage\"},\"image\":{\"@id\":\"http:\/\/www.domainemaisonblanche.ch\/de\/produit\/aoc-mont-rolle-grand-cru-mondeuse-noire-pinot-noir\/#primaryimage\"},\"thumbnailUrl\":\"https:\/\/www.domainemaisonblanche.ch\/wp-content\/uploads\/2018\/08\/mondeuse-maison-blanche-75cl.jpg\",\"datePublished\":\"2018-08-08T12:00:40+00:00\",\"dateModified\":\"2026-03-25T16:19:52+00:00\",\"description\":\"Passt zu Rindfleisch, Lamm, usw. und K\u00e4se. Ausschenktemperatur: Zimmertemperatur. Genussreife: 7 bis 10 Jahren. Karton zu 3 Flaschen 75 cl =\u00a0CHF 75.- (25.- pro Fl.) Karton zu 1 Flaschen 140 cl =\u00a0CHF 52.- (52.- pro Fl.)\",\"breadcrumb\":{\"@id\":\"http:\/\/www.domainemaisonblanche.ch\/de\/produit\/aoc-mont-rolle-grand-cru-mondeuse-noire-pinot-noir\/#breadcrumb\"},\"inLanguage\":\"de\",\"potentialAction\":[{\"@type\":\"ReadAction\",\"target\":[\"http:\/\/www.domainemaisonblanche.ch\/de\/produit\/aoc-mont-rolle-grand-cru-mondeuse-noire-pinot-noir\/\"]}]},{\"@type\":\"ImageObject\",\"inLanguage\":\"de\",\"@id\":\"http:\/\/www.domainemaisonblanche.ch\/de\/produit\/aoc-mont-rolle-grand-cru-mondeuse-noire-pinot-noir\/#primaryimage\",\"url\":\"https:\/\/www.domainemaisonblanche.ch\/wp-content\/uploads\/2018\/08\/mondeuse-maison-blanche-75cl.jpg\",\"contentUrl\":\"https:\/\/www.domainemaisonblanche.ch\/wp-content\/uploads\/2018\/08\/mondeuse-maison-blanche-75cl.jpg\",\"width\":195,\"height\":650,\"caption\":\"mondeuse-maison-blanche-75cl\"},{\"@type\":\"BreadcrumbList\",\"@id\":\"http:\/\/www.domainemaisonblanche.ch\/de\/produit\/aoc-mont-rolle-grand-cru-mondeuse-noire-pinot-noir\/#breadcrumb\",\"itemListElement\":[{\"@type\":\"ListItem\",\"position\":1,\"name\":\"Accueil\",\"item\":\"http:\/\/www.domainemaisonblanche.ch\/de\/\"},{\"@type\":\"ListItem\",\"position\":2,\"name\":\"Gesch\u00e4ft\",\"item\":\"http:\/\/www.domainemaisonblanche.ch\/de\/boutique\/\"},{\"@type\":\"ListItem\",\"position\":3,\"name\":\"AOC Mont-sur-Rolle Grand Cru, &#8220;Mondeuse noire &#038; Pinot noir&#8221; 2022-2018\"}]},{\"@type\":\"WebSite\",\"@id\":\"https:\/\/www.domainemaisonblanche.ch\/en\/#website\",\"url\":\"https:\/\/www.domainemaisonblanche.ch\/en\/\",\"name\":\"Domaine de Maison Blanche\",\"description\":\"Le Chasselas dans tous ses \u00e9tats !\",\"publisher\":{\"@id\":\"https:\/\/www.domainemaisonblanche.ch\/en\/#organization\"},\"potentialAction\":[{\"@type\":\"SearchAction\",\"target\":{\"@type\":\"EntryPoint\",\"urlTemplate\":\"https:\/\/www.domainemaisonblanche.ch\/en\/?s={search_term_string}\"},\"query-input\":{\"@type\":\"PropertyValueSpecification\",\"valueRequired\":true,\"valueName\":\"search_term_string\"}}],\"inLanguage\":\"de\"},{\"@type\":\"Organization\",\"@id\":\"https:\/\/www.domainemaisonblanche.ch\/en\/#organization\",\"name\":\"Domaine de Maison Blanche\",\"url\":\"https:\/\/www.domainemaisonblanche.ch\/en\/\",\"logo\":{\"@type\":\"ImageObject\",\"inLanguage\":\"de\",\"@id\":\"https:\/\/www.domainemaisonblanche.ch\/en\/#\/schema\/logo\/image\/\",\"url\":\"https:\/\/www.domainemaisonblanche.ch\/wp-content\/uploads\/2019\/03\/logo-maison-blanche.png\",\"contentUrl\":\"https:\/\/www.domainemaisonblanche.ch\/wp-content\/uploads\/2019\/03\/logo-maison-blanche.png\",\"width\":144,\"height\":144,\"caption\":\"Domaine de Maison Blanche\"},\"image\":{\"@id\":\"https:\/\/www.domainemaisonblanche.ch\/en\/#\/schema\/logo\/image\/\"}}]}<\/script>\n<!-- \/ Yoast SEO plugin. -->","yoast_head_json":{"title":"AOC Mont-sur-Rolle Grand Cru \"Mondeuse noire & Pinot noir\"","description":"Passt zu Rindfleisch, Lamm, usw. und K\u00e4se.  Ausschenktemperatur: Zimmertemperatur. Genussreife: 7 bis 10 Jahren.   Karton zu 3 Flaschen 75 cl =\u00a0CHF 75.- (25.- pro Fl.)  Karton zu 1 Flaschen 140 cl =\u00a0CHF 52.- (52.- pro Fl.)","robots":{"index":"index","follow":"follow","max-snippet":"max-snippet:-1","max-image-preview":"max-image-preview:large","max-video-preview":"max-video-preview:-1"},"canonical":"http:\/\/www.domainemaisonblanche.ch\/de\/produit\/aoc-mont-rolle-grand-cru-mondeuse-noire-pinot-noir\/","og_locale":"de_DE","og_type":"article","og_title":"AOC Mont-sur-Rolle Grand Cru \"Mondeuse noire & Pinot noir\"","og_description":"Passt zu Rindfleisch, Lamm, usw. und K\u00e4se.  Ausschenktemperatur: Zimmertemperatur. Genussreife: 7 bis 10 Jahren.   Karton zu 3 Flaschen 75 cl =\u00a0CHF 75.- (25.- pro Fl.)  Karton zu 1 Flaschen 140 cl =\u00a0CHF 52.- (52.- pro Fl.)","og_url":"http:\/\/www.domainemaisonblanche.ch\/de\/produit\/aoc-mont-rolle-grand-cru-mondeuse-noire-pinot-noir\/","og_site_name":"Domaine de Maison Blanche","article_modified_time":"2026-03-25T16:19:52+00:00","og_image":[{"url":"https:\/\/www.domainemaisonblanche.ch\/wp-content\/uploads\/2018\/08\/mondeuse-maison-blanche-75cl.jpg","type":"","width":"","height":""}],"twitter_card":"summary_large_image","twitter_misc":{"Gesch\u00e4tzte Lesezeit":"1\u00a0Minute"},"schema":{"@context":"https:\/\/schema.org","@graph":[{"@type":"WebPage","@id":"http:\/\/www.domainemaisonblanche.ch\/de\/produit\/aoc-mont-rolle-grand-cru-mondeuse-noire-pinot-noir\/","url":"http:\/\/www.domainemaisonblanche.ch\/de\/produit\/aoc-mont-rolle-grand-cru-mondeuse-noire-pinot-noir\/","name":"AOC Mont-sur-Rolle Grand Cru \"Mondeuse noire & Pinot noir\"","isPartOf":{"@id":"https:\/\/www.domainemaisonblanche.ch\/en\/#website"},"primaryImageOfPage":{"@id":"http:\/\/www.domainemaisonblanche.ch\/de\/produit\/aoc-mont-rolle-grand-cru-mondeuse-noire-pinot-noir\/#primaryimage"},"image":{"@id":"http:\/\/www.domainemaisonblanche.ch\/de\/produit\/aoc-mont-rolle-grand-cru-mondeuse-noire-pinot-noir\/#primaryimage"},"thumbnailUrl":"https:\/\/www.domainemaisonblanche.ch\/wp-content\/uploads\/2018\/08\/mondeuse-maison-blanche-75cl.jpg","datePublished":"2018-08-08T12:00:40+00:00","dateModified":"2026-03-25T16:19:52+00:00","description":"Passt zu Rindfleisch, Lamm, usw. und K\u00e4se. Ausschenktemperatur: Zimmertemperatur. Genussreife: 7 bis 10 Jahren. Karton zu 3 Flaschen 75 cl =\u00a0CHF 75.- (25.- pro Fl.) Karton zu 1 Flaschen 140 cl =\u00a0CHF 52.- (52.- pro Fl.)","breadcrumb":{"@id":"http:\/\/www.domainemaisonblanche.ch\/de\/produit\/aoc-mont-rolle-grand-cru-mondeuse-noire-pinot-noir\/#breadcrumb"},"inLanguage":"de","potentialAction":[{"@type":"ReadAction","target":["http:\/\/www.domainemaisonblanche.ch\/de\/produit\/aoc-mont-rolle-grand-cru-mondeuse-noire-pinot-noir\/"]}]},{"@type":"ImageObject","inLanguage":"de","@id":"http:\/\/www.domainemaisonblanche.ch\/de\/produit\/aoc-mont-rolle-grand-cru-mondeuse-noire-pinot-noir\/#primaryimage","url":"https:\/\/www.domainemaisonblanche.ch\/wp-content\/uploads\/2018\/08\/mondeuse-maison-blanche-75cl.jpg","contentUrl":"https:\/\/www.domainemaisonblanche.ch\/wp-content\/uploads\/2018\/08\/mondeuse-maison-blanche-75cl.jpg","width":195,"height":650,"caption":"mondeuse-maison-blanche-75cl"},{"@type":"BreadcrumbList","@id":"http:\/\/www.domainemaisonblanche.ch\/de\/produit\/aoc-mont-rolle-grand-cru-mondeuse-noire-pinot-noir\/#breadcrumb","itemListElement":[{"@type":"ListItem","position":1,"name":"Accueil","item":"http:\/\/www.domainemaisonblanche.ch\/de\/"},{"@type":"ListItem","position":2,"name":"Gesch\u00e4ft","item":"http:\/\/www.domainemaisonblanche.ch\/de\/boutique\/"},{"@type":"ListItem","position":3,"name":"AOC Mont-sur-Rolle Grand Cru, &#8220;Mondeuse noire &#038; Pinot noir&#8221; 2022-2018"}]},{"@type":"WebSite","@id":"https:\/\/www.domainemaisonblanche.ch\/en\/#website","url":"https:\/\/www.domainemaisonblanche.ch\/en\/","name":"Domaine de Maison Blanche","description":"Le Chasselas dans tous ses \u00e9tats !","publisher":{"@id":"https:\/\/www.domainemaisonblanche.ch\/en\/#organization"},"potentialAction":[{"@type":"SearchAction","target":{"@type":"EntryPoint","urlTemplate":"https:\/\/www.domainemaisonblanche.ch\/en\/?s={search_term_string}"},"query-input":{"@type":"PropertyValueSpecification","valueRequired":true,"valueName":"search_term_string"}}],"inLanguage":"de"},{"@type":"Organization","@id":"https:\/\/www.domainemaisonblanche.ch\/en\/#organization","name":"Domaine de Maison Blanche","url":"https:\/\/www.domainemaisonblanche.ch\/en\/","logo":{"@type":"ImageObject","inLanguage":"de","@id":"https:\/\/www.domainemaisonblanche.ch\/en\/#\/schema\/logo\/image\/","url":"https:\/\/www.domainemaisonblanche.ch\/wp-content\/uploads\/2019\/03\/logo-maison-blanche.png","contentUrl":"https:\/\/www.domainemaisonblanche.ch\/wp-content\/uploads\/2019\/03\/logo-maison-blanche.png","width":144,"height":144,"caption":"Domaine de Maison Blanche"},"image":{"@id":"https:\/\/www.domainemaisonblanche.ch\/en\/#\/schema\/logo\/image\/"}}]}},"_links":{"self":[{"href":"https:\/\/www.domainemaisonblanche.ch\/de\/wp-json\/wp\/v2\/product\/870","targetHints":{"allow":["GET"]}}],"collection":[{"href":"https:\/\/www.domainemaisonblanche.ch\/de\/wp-json\/wp\/v2\/product"}],"about":[{"href":"https:\/\/www.domainemaisonblanche.ch\/de\/wp-json\/wp\/v2\/types\/product"}],"replies":[{"embeddable":true,"href":"https:\/\/www.domainemaisonblanche.ch\/de\/wp-json\/wp\/v2\/comments?post=870"}],"wp:featuredmedia":[{"embeddable":true,"href":"https:\/\/www.domainemaisonblanche.ch\/de\/wp-json\/wp\/v2\/media\/925"}],"wp:attachment":[{"href":"https:\/\/www.domainemaisonblanche.ch\/de\/wp-json\/wp\/v2\/media?parent=870"}],"wp:term":[{"taxonomy":"product_brand","embeddable":true,"href":"https:\/\/www.domainemaisonblanche.ch\/de\/wp-json\/wp\/v2\/product_brand?post=870"},{"taxonomy":"product_cat","embeddable":true,"href":"https:\/\/www.domainemaisonblanche.ch\/de\/wp-json\/wp\/v2\/product_cat?post=870"},{"taxonomy":"product_tag","embeddable":true,"href":"https:\/\/www.domainemaisonblanche.ch\/de\/wp-json\/wp\/v2\/product_tag?post=870"}],"curies":[{"name":"wp","href":"https:\/\/api.w.org\/{rel}","templated":true}]}}