{"id":2376,"date":"2018-06-17T13:49:11","date_gmt":"2018-06-17T11:49:11","guid":{"rendered":"https:\/\/www.domainemaisonblanche.ch\/politique-de-confidentialite\/"},"modified":"2026-03-25T18:32:49","modified_gmt":"2026-03-25T17:32:49","slug":"privacy-policy","status":"publish","type":"page","link":"https:\/\/www.domainemaisonblanche.ch\/en\/privacy-policy\/","title":{"rendered":"Privacy policy"},"content":{"rendered":"<p>[et_pb_section bb_built=&#8221;1&#8243;][et_pb_row][et_pb_column type=&#8221;4_4&#8243;][et_pb_text admin_label=&#8221;Titre&#8221; _builder_version=&#8221;3.19.6&#8243;]<\/p>\n<h1 style=\"text-align: center;\">Data Protection<\/h1>\n<p>&nbsp;<\/p>\n<p>&nbsp;<\/p>\n<p>[\/et_pb_text][et_pb_text _builder_version=&#8221;3.19.6&#8243;]<\/p>\n<blockquote>\n<p style=\"text-align: left;\"><em>The Maison Blanche Estate attaches great importance to privacy, and in particular to data protection. We treat information gathered with the greatest care, and follow the guidelines of Swiss legislation concerning the protection of personal information. This declaration about data protection could be modified by the Maison Blanche Estate at any time &#8211; we recommend you consult it regularly.<\/em><\/p>\n<\/blockquote>\n<p>&nbsp;<\/p>\n<h3>Collection of your personal details<\/h3>\n<p>&nbsp;<\/p>\n<p>The Maison Blanche Estate collects the personal details that you enter when creating an account, purchase a product on the web-site, navigate the site and look at products.<\/p>\n<p>The mandatory nature of any information is shown by an asterisk. In addition to information entered deliberately, certain data is collected automatically during your navigation of the web-site (See our page <a href=\"https:\/\/www.domainemaisonblanche.ch\/cookies\/\">This site uses cookies<\/a>&#8220;).<\/p>\n<p>&nbsp;<\/p>\n<h3>Use of personal data by the Maison Blanche Estate<\/h3>\n<p>&nbsp;<\/p>\n<p>Personal information is collected for the normal functioning of commercial operations, as well as for marketing strategies, and is treated in absolute confidence. Only information necessary for the processing of your orders is recorded by us.<\/p>\n<p>Your personal details will not be divulged to third parties, unless legal obligation requires it, or if fulfilling your order needs the assistance of one of our service providers (providers of payment services, transport, and credit rating).<\/p>\n<p>&nbsp;<\/p>\n<h3>Correcting your personal data<\/h3>\n<p>&nbsp;<\/p>\n<p>From your account, you can update your personal information at any time. If you have created an account and wish to close it, please address an e-mail to us at: \u00a0info@domainemaisonblanche.ch\u00a0or by letter to the following address: Domaine de Maison Blanche, Chemin de Maison Blanche 29, 1185 Mont-sur-Rolle. Thus, your personal data will be removed, unless there is any legal obligation to keep it.<\/p>\n<p>&nbsp;<\/p>\n<h3>Security of payments<\/h3>\n<p>&nbsp;<\/p>\n<p>The recording and transmission of your credit card details is always done in encrypted form. The use of SSL (Secure Socket Layer) encrypting technology guarantees the protection of your data against any exterior access.<\/p>\n<p>None of your credit card details are treated or recorded by the Maison Blanche Estate. Your data is directly treated via our secure electronic payment partner, PostFinance (Mastercard Visa PostFinance-Card E-finance Twint) and PayPal.<\/p>\n<p>&nbsp;<\/p>\n<h3>Use of cookies<\/h3>\n<p>&nbsp;<\/p>\n<p>This site uses Google Analytics, an analysis service for web-sites provided by Google Inc. Google Analytics uses cookies, which are text files put onto your computer, to help the web-site analyse the use of the site by its visitors. The data obtained by cookies concerning your use of the site (including your IP address) will be sent to and recorded by Google on servers situated in the USA. Google uses this information in order to evaluate your use of the site, to compile reports on the activity of the site for its editor, and to provide other services relating to the activity of the site and the use of the internet. Google is liable to communicate this data to third parties in the event of legal obligation or when these third parties use the data on behalf of Google, notably including editor of this web-site. Google will not record your IP address with the other data. You can deactivate the use of cookies by selecting the appropriate parameters of your web-browser. However, such a deactivation could prevent the use of certain functions on this site. By using this web-site, you express your consent to the use of your data by Google under the conditions and for the ends described above.<\/p>\n<p>See our page  &#8220;<a href=\"https:\/\/www.domainemaisonblanche.ch\/cookies\/\">This site uses cookies<\/a>&#8220;<\/p>\n<p>[\/et_pb_text][\/et_pb_column][\/et_pb_row][\/et_pb_section]<\/p>\n","protected":false},"excerpt":{"rendered":"<p><div class=\"et_pb_row et_pb_row_0 et_pb_row_empty\">\n\t\t\t\t\n\t\t\t\t\n\t\t\t\t\n\t\t\t\t\n\t\t\t\t\n\t\t\t<\/div> Data Protection &nbsp; &nbsp; The Maison Blanche Estate attaches great importance to privacy, and in particular to data protection. We treat information gathered with the greatest care, and follow the guidelines of Swiss legislation concerning the protection of personal information. This declaration about data protection could be modified by the Maison Blanche Estate at [&hellip;]<\/p>\n","protected":false},"author":3,"featured_media":0,"parent":0,"menu_order":0,"comment_status":"closed","ping_status":"closed","template":"","meta":{"_et_pb_use_builder":"on","_et_pb_old_content":"<h2>Qui sommes-nous\u00a0?<\/h2><p>L\u2019adresse de notre site Web est\u00a0: https:\/\/www.domainemaisonblanche.ch.<\/p><h2>Utilisation des donn\u00e9es personnelles collect\u00e9es<\/h2><h3>Commentaires<\/h3><p>Quand vous laissez un commentaire sur notre site web, les donn\u00e9es inscrites dans le formulaire de commentaire, mais aussi votre adresse IP et l\u2019agent utilisateur de votre navigateur sont collect\u00e9s pour nous aider \u00e0 la d\u00e9tection des commentaires ind\u00e9sirables.<\/p><p>Une cha\u00eene anonymis\u00e9e cr\u00e9\u00e9e \u00e0 partir de votre adresse de messagerie (\u00e9galement appel\u00e9e hash) peut \u00eatre envoy\u00e9e au service Gravatar pour v\u00e9rifier si vous utilisez ce dernier. Les clauses de confidentialit\u00e9 du service Gravatar sont disponibles ici\u00a0: https:\/\/automattic.com\/privacy\/. Apr\u00e8s validation de votre commentaire, votre photo de profil sera visible publiquement \u00e0 cot\u00e9 de votre commentaire.<\/p><h3>M\u00e9dias<\/h3><p>Si vous \u00eates un utilisateur ou une utilisatrice enregistr\u00e9\u00b7e et que vous t\u00e9l\u00e9versez des images sur le site web, nous vous conseillons d\u2019\u00e9viter de t\u00e9l\u00e9verser des images contenant des donn\u00e9es EXIF de coordonn\u00e9es GPS. Les visiteurs de votre site web peuvent t\u00e9l\u00e9charger et extraire des donn\u00e9es de localisation depuis ces images.<\/p><h3>Formulaires de contact<\/h3><h3>Cookies<\/h3><p>Si vous d\u00e9posez un commentaire sur notre site, il vous sera propos\u00e9 d\u2019enregistrer votre nom, adresse de messagerie et site web dans des cookies. C\u2019est uniquement pour votre confort afin de ne pas avoir \u00e0 saisir ces informations si vous d\u00e9posez un autre commentaire plus tard. Ces cookies expirent au bout d\u2019un an.<\/p><p>Si vous avez un compte et que vous vous connectez sur ce site, un cookie temporaire sera cr\u00e9\u00e9 afin de d\u00e9terminer si votre navigateur accepte les cookies. Il ne contient pas de donn\u00e9es personnelles et sera supprim\u00e9 automatiquement \u00e0 la fermeture de votre navigateur.<\/p><p>Lorsque vous vous connecterez, nous mettrons en place un certain nombre de cookies pour enregistrer vos informations de connexion et vos pr\u00e9f\u00e9rences d\u2019\u00e9cran. La dur\u00e9e de vie d\u2019un cookie de connexion est de deux jours, celle d\u2019un cookie d\u2019option d\u2019\u00e9cran est d\u2019un an. Si vous cochez \u00ab\u00a0Se souvenir de moi\u00a0\u00bb, votre cookie de connexion sera conserv\u00e9 pendant deux semaines. Si vous vous d\u00e9connectez de votre compte, le cookie de connexion sera effac\u00e9.<\/p><p>En modifiant ou en publiant un article, un cookie suppl\u00e9mentaire sera enregistr\u00e9 dans votre navigateur. Ce cookie ne comprend aucune donn\u00e9e personnelle. Il indique simplement l\u2019identifiant de l\u2019article que vous venez de modifier. Il expire au bout d\u2019un jour.<\/p><h3>Contenu embarqu\u00e9 depuis d\u2019autres sites<\/h3><p>Les articles de ce site peuvent inclure des contenus int\u00e9gr\u00e9s (par exemple des vid\u00e9os, images, articles\u2026). Le contenu int\u00e9gr\u00e9 depuis d\u2019autres sites se comporte de la m\u00eame mani\u00e8re que si le visiteur se rendait sur cet autre site.<\/p><p>Ces sites web pourraient collecter des donn\u00e9es sur vous, utiliser des cookies, embarquer des outils de suivis tiers, suivre vos interactions avec ces contenus embarqu\u00e9s si vous disposez d\u2019un compte connect\u00e9 sur leur site web.<\/p><h3>Statistiques et mesures d\u2019audience<\/h3><h2>Utilisation et transmission de vos donn\u00e9es personnelles<\/h2><h2>Dur\u00e9es de stockage de vos donn\u00e9es<\/h2><p>Si vous laissez un commentaire, le commentaire et ses m\u00e9tadonn\u00e9es sont conserv\u00e9s ind\u00e9finiment. Cela permet de reconna\u00eetre et approuver automatiquement les commentaires suivants au lieu de les laisser dans la file de mod\u00e9ration.<\/p><p>Pour les utilisateurs et utilisatrices qui s\u2019enregistrent sur notre site (si cela est possible), nous stockons \u00e9galement les donn\u00e9es personnelles indiqu\u00e9es dans leur profil. Tous les utilisateurs et utilisatrices peuvent voir, modifier ou supprimer leurs informations personnelles \u00e0 tout moment (\u00e0 l\u2019exception de leur nom d\u2019utilisateur\u00b7ice). Les gestionnaires du site peuvent aussi voir et modifier ces informations.<\/p><h2>Les droits que vous avez sur vos donn\u00e9es<\/h2><p>Si vous avez un compte ou si vous avez laiss\u00e9 des commentaires sur le site, vous pouvez demander \u00e0 recevoir un fichier contenant toutes les donn\u00e9es personnelles que nous poss\u00e9dons \u00e0 votre sujet, incluant celles que vous nous avez fournies. Vous pouvez \u00e9galement demander la suppression des donn\u00e9es personnelles vous concernant. Cela ne prend pas en compte les donn\u00e9es stock\u00e9es \u00e0 des fins administratives, l\u00e9gales ou pour des raisons de s\u00e9curit\u00e9.<\/p><h2>Transmission de vos donn\u00e9es personnelles<\/h2><p>Les commentaires des visiteurs peuvent \u00eatre v\u00e9rifi\u00e9s \u00e0 l\u2019aide d\u2019un service automatis\u00e9 de d\u00e9tection des commentaires ind\u00e9sirables.<\/p><h2>Informations de contact<\/h2><h2>Informations suppl\u00e9mentaires<\/h2><h3>Comment nous prot\u00e9geons vos donn\u00e9es<\/h3><h3>Proc\u00e9dures mises en \u0153uvre en cas de fuite de donn\u00e9es<\/h3><h3>Les services tiers qui nous transmettent des donn\u00e9es<\/h3><h3>Op\u00e9rations de marketing automatis\u00e9 et\/ou de profilage r\u00e9alis\u00e9es \u00e0 l\u2019aide des donn\u00e9es personnelles<\/h3><h3>Affichage des informations li\u00e9es aux secteurs soumis \u00e0 des r\u00e9gulations sp\u00e9cifiques<\/h3>","_et_gb_content_width":"","iawp_total_views":13,"footnotes":""},"class_list":["post-2376","page","type-page","status-publish","hentry"],"yoast_head":"<!-- This site is optimized with the Yoast SEO plugin v26.8 - https:\/\/yoast.com\/product\/yoast-seo-wordpress\/ -->\n<title>Privacy policy - Domaine de Maison Blanche<\/title>\n<meta name=\"robots\" content=\"noindex, nofollow\" \/>\n<meta property=\"og:locale\" content=\"en_US\" \/>\n<meta property=\"og:type\" content=\"article\" \/>\n<meta property=\"og:title\" content=\"Privacy policy - Domaine de Maison Blanche\" \/>\n<meta property=\"og:url\" content=\"https:\/\/www.domainemaisonblanche.ch\/en\/privacy-policy\/\" \/>\n<meta property=\"og:site_name\" content=\"Domaine de Maison Blanche\" \/>\n<meta property=\"article:modified_time\" content=\"2026-03-25T17:32:49+00:00\" \/>\n<meta name=\"twitter:card\" content=\"summary_large_image\" \/>\n<meta name=\"twitter:label1\" content=\"Est. reading time\" \/>\n\t<meta name=\"twitter:data1\" content=\"3 minutes\" \/>\n<script type=\"application\/ld+json\" class=\"yoast-schema-graph\">{\"@context\":\"https:\/\/schema.org\",\"@graph\":[{\"@type\":\"WebPage\",\"@id\":\"https:\/\/www.domainemaisonblanche.ch\/en\/privacy-policy\/\",\"url\":\"https:\/\/www.domainemaisonblanche.ch\/en\/privacy-policy\/\",\"name\":\"Privacy policy - Domaine de Maison Blanche\",\"isPartOf\":{\"@id\":\"https:\/\/www.domainemaisonblanche.ch\/en\/#website\"},\"datePublished\":\"2018-06-17T11:49:11+00:00\",\"dateModified\":\"2026-03-25T17:32:49+00:00\",\"breadcrumb\":{\"@id\":\"https:\/\/www.domainemaisonblanche.ch\/en\/privacy-policy\/#breadcrumb\"},\"inLanguage\":\"en-US\",\"potentialAction\":[{\"@type\":\"ReadAction\",\"target\":[\"https:\/\/www.domainemaisonblanche.ch\/en\/privacy-policy\/\"]}]},{\"@type\":\"BreadcrumbList\",\"@id\":\"https:\/\/www.domainemaisonblanche.ch\/en\/privacy-policy\/#breadcrumb\",\"itemListElement\":[{\"@type\":\"ListItem\",\"position\":1,\"name\":\"Accueil\",\"item\":\"https:\/\/www.domainemaisonblanche.ch\/en\/\"},{\"@type\":\"ListItem\",\"position\":2,\"name\":\"Privacy policy\"}]},{\"@type\":\"WebSite\",\"@id\":\"https:\/\/www.domainemaisonblanche.ch\/en\/#website\",\"url\":\"https:\/\/www.domainemaisonblanche.ch\/en\/\",\"name\":\"Domaine de Maison Blanche\",\"description\":\"Le Chasselas dans tous ses \u00e9tats !\",\"publisher\":{\"@id\":\"https:\/\/www.domainemaisonblanche.ch\/en\/#organization\"},\"potentialAction\":[{\"@type\":\"SearchAction\",\"target\":{\"@type\":\"EntryPoint\",\"urlTemplate\":\"https:\/\/www.domainemaisonblanche.ch\/en\/?s={search_term_string}\"},\"query-input\":{\"@type\":\"PropertyValueSpecification\",\"valueRequired\":true,\"valueName\":\"search_term_string\"}}],\"inLanguage\":\"en-US\"},{\"@type\":\"Organization\",\"@id\":\"https:\/\/www.domainemaisonblanche.ch\/en\/#organization\",\"name\":\"Domaine de Maison Blanche\",\"url\":\"https:\/\/www.domainemaisonblanche.ch\/en\/\",\"logo\":{\"@type\":\"ImageObject\",\"inLanguage\":\"en-US\",\"@id\":\"https:\/\/www.domainemaisonblanche.ch\/en\/#\/schema\/logo\/image\/\",\"url\":\"https:\/\/www.domainemaisonblanche.ch\/wp-content\/uploads\/2019\/03\/logo-maison-blanche.png\",\"contentUrl\":\"https:\/\/www.domainemaisonblanche.ch\/wp-content\/uploads\/2019\/03\/logo-maison-blanche.png\",\"width\":144,\"height\":144,\"caption\":\"Domaine de Maison Blanche\"},\"image\":{\"@id\":\"https:\/\/www.domainemaisonblanche.ch\/en\/#\/schema\/logo\/image\/\"}}]}<\/script>\n<!-- \/ Yoast SEO plugin. -->","yoast_head_json":{"title":"Privacy policy - Domaine de Maison Blanche","robots":{"index":"noindex","follow":"nofollow"},"og_locale":"en_US","og_type":"article","og_title":"Privacy policy - Domaine de Maison Blanche","og_url":"https:\/\/www.domainemaisonblanche.ch\/en\/privacy-policy\/","og_site_name":"Domaine de Maison Blanche","article_modified_time":"2026-03-25T17:32:49+00:00","twitter_card":"summary_large_image","twitter_misc":{"Est. reading time":"3 minutes"},"schema":{"@context":"https:\/\/schema.org","@graph":[{"@type":"WebPage","@id":"https:\/\/www.domainemaisonblanche.ch\/en\/privacy-policy\/","url":"https:\/\/www.domainemaisonblanche.ch\/en\/privacy-policy\/","name":"Privacy policy - Domaine de Maison Blanche","isPartOf":{"@id":"https:\/\/www.domainemaisonblanche.ch\/en\/#website"},"datePublished":"2018-06-17T11:49:11+00:00","dateModified":"2026-03-25T17:32:49+00:00","breadcrumb":{"@id":"https:\/\/www.domainemaisonblanche.ch\/en\/privacy-policy\/#breadcrumb"},"inLanguage":"en-US","potentialAction":[{"@type":"ReadAction","target":["https:\/\/www.domainemaisonblanche.ch\/en\/privacy-policy\/"]}]},{"@type":"BreadcrumbList","@id":"https:\/\/www.domainemaisonblanche.ch\/en\/privacy-policy\/#breadcrumb","itemListElement":[{"@type":"ListItem","position":1,"name":"Accueil","item":"https:\/\/www.domainemaisonblanche.ch\/en\/"},{"@type":"ListItem","position":2,"name":"Privacy policy"}]},{"@type":"WebSite","@id":"https:\/\/www.domainemaisonblanche.ch\/en\/#website","url":"https:\/\/www.domainemaisonblanche.ch\/en\/","name":"Domaine de Maison Blanche","description":"Le Chasselas dans tous ses \u00e9tats !","publisher":{"@id":"https:\/\/www.domainemaisonblanche.ch\/en\/#organization"},"potentialAction":[{"@type":"SearchAction","target":{"@type":"EntryPoint","urlTemplate":"https:\/\/www.domainemaisonblanche.ch\/en\/?s={search_term_string}"},"query-input":{"@type":"PropertyValueSpecification","valueRequired":true,"valueName":"search_term_string"}}],"inLanguage":"en-US"},{"@type":"Organization","@id":"https:\/\/www.domainemaisonblanche.ch\/en\/#organization","name":"Domaine de Maison Blanche","url":"https:\/\/www.domainemaisonblanche.ch\/en\/","logo":{"@type":"ImageObject","inLanguage":"en-US","@id":"https:\/\/www.domainemaisonblanche.ch\/en\/#\/schema\/logo\/image\/","url":"https:\/\/www.domainemaisonblanche.ch\/wp-content\/uploads\/2019\/03\/logo-maison-blanche.png","contentUrl":"https:\/\/www.domainemaisonblanche.ch\/wp-content\/uploads\/2019\/03\/logo-maison-blanche.png","width":144,"height":144,"caption":"Domaine de Maison Blanche"},"image":{"@id":"https:\/\/www.domainemaisonblanche.ch\/en\/#\/schema\/logo\/image\/"}}]}},"_links":{"self":[{"href":"https:\/\/www.domainemaisonblanche.ch\/en\/wp-json\/wp\/v2\/pages\/2376","targetHints":{"allow":["GET"]}}],"collection":[{"href":"https:\/\/www.domainemaisonblanche.ch\/en\/wp-json\/wp\/v2\/pages"}],"about":[{"href":"https:\/\/www.domainemaisonblanche.ch\/en\/wp-json\/wp\/v2\/types\/page"}],"author":[{"embeddable":true,"href":"https:\/\/www.domainemaisonblanche.ch\/en\/wp-json\/wp\/v2\/users\/3"}],"replies":[{"embeddable":true,"href":"https:\/\/www.domainemaisonblanche.ch\/en\/wp-json\/wp\/v2\/comments?post=2376"}],"version-history":[{"count":1,"href":"https:\/\/www.domainemaisonblanche.ch\/en\/wp-json\/wp\/v2\/pages\/2376\/revisions"}],"predecessor-version":[{"id":6001,"href":"https:\/\/www.domainemaisonblanche.ch\/en\/wp-json\/wp\/v2\/pages\/2376\/revisions\/6001"}],"wp:attachment":[{"href":"https:\/\/www.domainemaisonblanche.ch\/en\/wp-json\/wp\/v2\/media?parent=2376"}],"curies":[{"name":"wp","href":"https:\/\/api.w.org\/{rel}","templated":true}]}}