{"id":4356,"date":"2021-09-25T15:35:01","date_gmt":"2021-09-25T13:35:01","guid":{"rendered":"https:\/\/www.domainemaisonblanche.ch\/produit\/winatypic\/"},"modified":"2026-03-25T16:45:58","modified_gmt":"2026-03-25T15:45:58","slug":"winatypic","status":"publish","type":"product","link":"https:\/\/www.domainemaisonblanche.ch\/en\/produit\/winatypic\/","title":{"rendered":"Winatypic"},"content":{"rendered":"<h2>Winatypic<\/h2>\n<p>The companion for all parties!<\/p>\n","protected":false},"excerpt":{"rendered":"<p>The companion for all parties: Soft drink, light and pleasant, based on grape juice, apple juice and wine. No added sugar or flavorings. A creation of Antoine and 2 of his friends.<\/p>\n<ul>\n<li>12 bt.=\u00a0<strong>CHF 50.-<\/strong>\u00a0(4.17 \/bout.)<\/li>\n<\/ul>\n","protected":false},"featured_media":4318,"comment_status":"open","ping_status":"closed","template":"","meta":{"_et_pb_use_builder":"","_et_pb_old_content":"","_et_gb_content_width":"","iawp_total_views":9},"product_brand":[],"product_cat":[1403],"product_tag":[],"class_list":{"0":"post-4356","1":"product","2":"type-product","3":"status-publish","4":"has-post-thumbnail","6":"product_cat-sparkling-wines-bubbles","8":"first","9":"instock","10":"shipping-taxable","11":"purchasable","12":"product-type-simple"},"group_of_quantity":12,"min_quantity":12,"max_quantity":"","exclude_order_quantity_value_rules":"no","exclude_category_quantity_rules":"no","combine_variations":"no","yoast_head":"<!-- This site is optimized with the Yoast SEO plugin v26.8 - https:\/\/yoast.com\/product\/yoast-seo-wordpress\/ -->\n<title>Winatypic The companion for all parties! Domaine de Maison Blanche<\/title>\n<meta name=\"description\" content=\"The companion for all parties: Soft drink, light and pleasant, based on grape juice, apple juice and wine. No added sugar or flavorings.\" \/>\n<meta name=\"robots\" content=\"index, follow, max-snippet:-1, max-image-preview:large, max-video-preview:-1\" \/>\n<link rel=\"canonical\" href=\"https:\/\/www.domainemaisonblanche.ch\/en\/produit\/winatypic\/\" \/>\n<meta property=\"og:locale\" content=\"en_US\" \/>\n<meta property=\"og:type\" content=\"article\" \/>\n<meta property=\"og:title\" content=\"Winatypic Domaine de Maison Blanche\" \/>\n<meta property=\"og:description\" content=\"Le compagnon de toutes les f\u00eates : Boisson gazeuse, l\u00e9g\u00e8re et agr\u00e9able \u00e0 base de jus de raisin, jus de pommes et vin. Sans sucre ni ar\u00f4mes ajout\u00e9s.\" \/>\n<meta property=\"og:url\" content=\"https:\/\/www.domainemaisonblanche.ch\/en\/produit\/winatypic\/\" \/>\n<meta property=\"og:site_name\" content=\"Domaine de Maison Blanche\" \/>\n<meta property=\"article:modified_time\" content=\"2026-03-25T15:45:58+00:00\" \/>\n<meta property=\"og:image\" content=\"https:\/\/www.domainemaisonblanche.ch\/wp-content\/uploads\/2021\/09\/winatypic_maison-blanche-.jpg\" \/>\n\t<meta property=\"og:image:width\" content=\"195\" \/>\n\t<meta property=\"og:image:height\" content=\"650\" \/>\n\t<meta property=\"og:image:type\" content=\"image\/jpeg\" \/>\n<meta name=\"twitter:card\" content=\"summary_large_image\" \/>\n<meta name=\"twitter:title\" content=\"Winatypic Domaine de Maison Blanche\" \/>\n<meta name=\"twitter:description\" content=\"Le compagnon de toutes les f\u00eates : Boisson gazeuse, l\u00e9g\u00e8re et agr\u00e9able \u00e0 base de jus de raisin, jus de pommes et vin. Sans sucre ni ar\u00f4mes ajout\u00e9s.\" \/>\n<meta name=\"twitter:label1\" content=\"Est. reading time\" \/>\n\t<meta name=\"twitter:data1\" content=\"1 minute\" \/>\n<script type=\"application\/ld+json\" class=\"yoast-schema-graph\">{\"@context\":\"https:\/\/schema.org\",\"@graph\":[{\"@type\":\"WebPage\",\"@id\":\"https:\/\/www.domainemaisonblanche.ch\/en\/produit\/winatypic\/\",\"url\":\"https:\/\/www.domainemaisonblanche.ch\/en\/produit\/winatypic\/\",\"name\":\"Winatypic The companion for all parties! Domaine de Maison Blanche\",\"isPartOf\":{\"@id\":\"https:\/\/www.domainemaisonblanche.ch\/en\/#website\"},\"primaryImageOfPage\":{\"@id\":\"https:\/\/www.domainemaisonblanche.ch\/en\/produit\/winatypic\/#primaryimage\"},\"image\":{\"@id\":\"https:\/\/www.domainemaisonblanche.ch\/en\/produit\/winatypic\/#primaryimage\"},\"thumbnailUrl\":\"https:\/\/www.domainemaisonblanche.ch\/wp-content\/uploads\/2021\/09\/winatypic_maison-blanche-.jpg\",\"datePublished\":\"2021-09-25T13:35:01+00:00\",\"dateModified\":\"2026-03-25T15:45:58+00:00\",\"description\":\"The companion for all parties: Soft drink, light and pleasant, based on grape juice, apple juice and wine. No added sugar or flavorings.\",\"breadcrumb\":{\"@id\":\"https:\/\/www.domainemaisonblanche.ch\/en\/produit\/winatypic\/#breadcrumb\"},\"inLanguage\":\"en-US\",\"potentialAction\":[{\"@type\":\"ReadAction\",\"target\":[\"https:\/\/www.domainemaisonblanche.ch\/en\/produit\/winatypic\/\"]}]},{\"@type\":\"ImageObject\",\"inLanguage\":\"en-US\",\"@id\":\"https:\/\/www.domainemaisonblanche.ch\/en\/produit\/winatypic\/#primaryimage\",\"url\":\"https:\/\/www.domainemaisonblanche.ch\/wp-content\/uploads\/2021\/09\/winatypic_maison-blanche-.jpg\",\"contentUrl\":\"https:\/\/www.domainemaisonblanche.ch\/wp-content\/uploads\/2021\/09\/winatypic_maison-blanche-.jpg\",\"width\":195,\"height\":650,\"caption\":\"Winatypic Domaine de Maison Blanche\"},{\"@type\":\"BreadcrumbList\",\"@id\":\"https:\/\/www.domainemaisonblanche.ch\/en\/produit\/winatypic\/#breadcrumb\",\"itemListElement\":[{\"@type\":\"ListItem\",\"position\":1,\"name\":\"Accueil\",\"item\":\"https:\/\/www.domainemaisonblanche.ch\/en\/\"},{\"@type\":\"ListItem\",\"position\":2,\"name\":\"Shop\",\"item\":\"https:\/\/www.domainemaisonblanche.ch\/en\/boutique\/\"},{\"@type\":\"ListItem\",\"position\":3,\"name\":\"Winatypic\"}]},{\"@type\":\"WebSite\",\"@id\":\"https:\/\/www.domainemaisonblanche.ch\/en\/#website\",\"url\":\"https:\/\/www.domainemaisonblanche.ch\/en\/\",\"name\":\"Domaine de Maison Blanche\",\"description\":\"Le Chasselas dans tous ses \u00e9tats !\",\"publisher\":{\"@id\":\"https:\/\/www.domainemaisonblanche.ch\/en\/#organization\"},\"potentialAction\":[{\"@type\":\"SearchAction\",\"target\":{\"@type\":\"EntryPoint\",\"urlTemplate\":\"https:\/\/www.domainemaisonblanche.ch\/en\/?s={search_term_string}\"},\"query-input\":{\"@type\":\"PropertyValueSpecification\",\"valueRequired\":true,\"valueName\":\"search_term_string\"}}],\"inLanguage\":\"en-US\"},{\"@type\":\"Organization\",\"@id\":\"https:\/\/www.domainemaisonblanche.ch\/en\/#organization\",\"name\":\"Domaine de Maison Blanche\",\"url\":\"https:\/\/www.domainemaisonblanche.ch\/en\/\",\"logo\":{\"@type\":\"ImageObject\",\"inLanguage\":\"en-US\",\"@id\":\"https:\/\/www.domainemaisonblanche.ch\/en\/#\/schema\/logo\/image\/\",\"url\":\"https:\/\/www.domainemaisonblanche.ch\/wp-content\/uploads\/2019\/03\/logo-maison-blanche.png\",\"contentUrl\":\"https:\/\/www.domainemaisonblanche.ch\/wp-content\/uploads\/2019\/03\/logo-maison-blanche.png\",\"width\":144,\"height\":144,\"caption\":\"Domaine de Maison Blanche\"},\"image\":{\"@id\":\"https:\/\/www.domainemaisonblanche.ch\/en\/#\/schema\/logo\/image\/\"}}]}<\/script>\n<!-- \/ Yoast SEO plugin. -->","yoast_head_json":{"title":"Winatypic The companion for all parties! Domaine de Maison Blanche","description":"The companion for all parties: Soft drink, light and pleasant, based on grape juice, apple juice and wine. No added sugar or flavorings.","robots":{"index":"index","follow":"follow","max-snippet":"max-snippet:-1","max-image-preview":"max-image-preview:large","max-video-preview":"max-video-preview:-1"},"canonical":"https:\/\/www.domainemaisonblanche.ch\/en\/produit\/winatypic\/","og_locale":"en_US","og_type":"article","og_title":"Winatypic Domaine de Maison Blanche","og_description":"Le compagnon de toutes les f\u00eates : Boisson gazeuse, l\u00e9g\u00e8re et agr\u00e9able \u00e0 base de jus de raisin, jus de pommes et vin. Sans sucre ni ar\u00f4mes ajout\u00e9s.","og_url":"https:\/\/www.domainemaisonblanche.ch\/en\/produit\/winatypic\/","og_site_name":"Domaine de Maison Blanche","article_modified_time":"2026-03-25T15:45:58+00:00","og_image":[{"width":195,"height":650,"url":"https:\/\/www.domainemaisonblanche.ch\/wp-content\/uploads\/2021\/09\/winatypic_maison-blanche-.jpg","type":"image\/jpeg"}],"twitter_card":"summary_large_image","twitter_title":"Winatypic Domaine de Maison Blanche","twitter_description":"Le compagnon de toutes les f\u00eates : Boisson gazeuse, l\u00e9g\u00e8re et agr\u00e9able \u00e0 base de jus de raisin, jus de pommes et vin. Sans sucre ni ar\u00f4mes ajout\u00e9s.","twitter_misc":{"Est. reading time":"1 minute"},"schema":{"@context":"https:\/\/schema.org","@graph":[{"@type":"WebPage","@id":"https:\/\/www.domainemaisonblanche.ch\/en\/produit\/winatypic\/","url":"https:\/\/www.domainemaisonblanche.ch\/en\/produit\/winatypic\/","name":"Winatypic The companion for all parties! Domaine de Maison Blanche","isPartOf":{"@id":"https:\/\/www.domainemaisonblanche.ch\/en\/#website"},"primaryImageOfPage":{"@id":"https:\/\/www.domainemaisonblanche.ch\/en\/produit\/winatypic\/#primaryimage"},"image":{"@id":"https:\/\/www.domainemaisonblanche.ch\/en\/produit\/winatypic\/#primaryimage"},"thumbnailUrl":"https:\/\/www.domainemaisonblanche.ch\/wp-content\/uploads\/2021\/09\/winatypic_maison-blanche-.jpg","datePublished":"2021-09-25T13:35:01+00:00","dateModified":"2026-03-25T15:45:58+00:00","description":"The companion for all parties: Soft drink, light and pleasant, based on grape juice, apple juice and wine. No added sugar or flavorings.","breadcrumb":{"@id":"https:\/\/www.domainemaisonblanche.ch\/en\/produit\/winatypic\/#breadcrumb"},"inLanguage":"en-US","potentialAction":[{"@type":"ReadAction","target":["https:\/\/www.domainemaisonblanche.ch\/en\/produit\/winatypic\/"]}]},{"@type":"ImageObject","inLanguage":"en-US","@id":"https:\/\/www.domainemaisonblanche.ch\/en\/produit\/winatypic\/#primaryimage","url":"https:\/\/www.domainemaisonblanche.ch\/wp-content\/uploads\/2021\/09\/winatypic_maison-blanche-.jpg","contentUrl":"https:\/\/www.domainemaisonblanche.ch\/wp-content\/uploads\/2021\/09\/winatypic_maison-blanche-.jpg","width":195,"height":650,"caption":"Winatypic Domaine de Maison Blanche"},{"@type":"BreadcrumbList","@id":"https:\/\/www.domainemaisonblanche.ch\/en\/produit\/winatypic\/#breadcrumb","itemListElement":[{"@type":"ListItem","position":1,"name":"Accueil","item":"https:\/\/www.domainemaisonblanche.ch\/en\/"},{"@type":"ListItem","position":2,"name":"Shop","item":"https:\/\/www.domainemaisonblanche.ch\/en\/boutique\/"},{"@type":"ListItem","position":3,"name":"Winatypic"}]},{"@type":"WebSite","@id":"https:\/\/www.domainemaisonblanche.ch\/en\/#website","url":"https:\/\/www.domainemaisonblanche.ch\/en\/","name":"Domaine de Maison Blanche","description":"Le Chasselas dans tous ses \u00e9tats !","publisher":{"@id":"https:\/\/www.domainemaisonblanche.ch\/en\/#organization"},"potentialAction":[{"@type":"SearchAction","target":{"@type":"EntryPoint","urlTemplate":"https:\/\/www.domainemaisonblanche.ch\/en\/?s={search_term_string}"},"query-input":{"@type":"PropertyValueSpecification","valueRequired":true,"valueName":"search_term_string"}}],"inLanguage":"en-US"},{"@type":"Organization","@id":"https:\/\/www.domainemaisonblanche.ch\/en\/#organization","name":"Domaine de Maison Blanche","url":"https:\/\/www.domainemaisonblanche.ch\/en\/","logo":{"@type":"ImageObject","inLanguage":"en-US","@id":"https:\/\/www.domainemaisonblanche.ch\/en\/#\/schema\/logo\/image\/","url":"https:\/\/www.domainemaisonblanche.ch\/wp-content\/uploads\/2019\/03\/logo-maison-blanche.png","contentUrl":"https:\/\/www.domainemaisonblanche.ch\/wp-content\/uploads\/2019\/03\/logo-maison-blanche.png","width":144,"height":144,"caption":"Domaine de Maison Blanche"},"image":{"@id":"https:\/\/www.domainemaisonblanche.ch\/en\/#\/schema\/logo\/image\/"}}]}},"_links":{"self":[{"href":"https:\/\/www.domainemaisonblanche.ch\/en\/wp-json\/wp\/v2\/product\/4356","targetHints":{"allow":["GET"]}}],"collection":[{"href":"https:\/\/www.domainemaisonblanche.ch\/en\/wp-json\/wp\/v2\/product"}],"about":[{"href":"https:\/\/www.domainemaisonblanche.ch\/en\/wp-json\/wp\/v2\/types\/product"}],"replies":[{"embeddable":true,"href":"https:\/\/www.domainemaisonblanche.ch\/en\/wp-json\/wp\/v2\/comments?post=4356"}],"wp:featuredmedia":[{"embeddable":true,"href":"https:\/\/www.domainemaisonblanche.ch\/en\/wp-json\/wp\/v2\/media\/4318"}],"wp:attachment":[{"href":"https:\/\/www.domainemaisonblanche.ch\/en\/wp-json\/wp\/v2\/media?parent=4356"}],"wp:term":[{"taxonomy":"product_brand","embeddable":true,"href":"https:\/\/www.domainemaisonblanche.ch\/en\/wp-json\/wp\/v2\/product_brand?post=4356"},{"taxonomy":"product_cat","embeddable":true,"href":"https:\/\/www.domainemaisonblanche.ch\/en\/wp-json\/wp\/v2\/product_cat?post=4356"},{"taxonomy":"product_tag","embeddable":true,"href":"https:\/\/www.domainemaisonblanche.ch\/en\/wp-json\/wp\/v2\/product_tag?post=4356"}],"curies":[{"name":"wp","href":"https:\/\/api.w.org\/{rel}","templated":true}]}}