{"id":5971,"date":"2026-03-21T18:39:45","date_gmt":"2026-03-21T17:39:45","guid":{"rendered":"https:\/\/www.domainemaisonblanche.ch\/?post_type=product&#038;p=5971"},"modified":"2026-03-25T16:56:32","modified_gmt":"2026-03-25T15:56:32","slug":"clos-la-bulle","status":"publish","type":"product","link":"https:\/\/www.domainemaisonblanche.ch\/en\/produit\/clos-la-bulle\/","title":{"rendered":"Clos la Bulle"},"content":{"rendered":"<h2>Clos la Bulle, sparkling<\/h2>\n<p>The freshness and vitality of Savagnin meet the depth of Malbec to create a crisp, vibrant and refreshing sparkling wine, naturally enlivened by fine bubbles.<br \/>\nBest served well chilled (5 \u00b0C), at lunchtime, as an aperitif under a plane tree, with savoury dishes with Mediterranean flavours or even a lemon dessert.<br \/>\nFree-spirited bubbles, before they get any fixed ideas.<\/p>\n","protected":false},"excerpt":{"rendered":"<p>A non-alcoholic sparkling wine made from grapes grown without artificial additives.<br \/>\nNo additives, no artificial ingredients. 100% natural.<\/p>\n<ul>\n<li>9 bottles = <strong>CHF 99.-<\/strong> (11 per bottle)<\/li>\n<\/ul>\n","protected":false},"featured_media":5973,"comment_status":"open","ping_status":"closed","template":"","meta":{"_et_pb_use_builder":"","_et_pb_old_content":"","_et_gb_content_width":"","iawp_total_views":9},"product_brand":[],"product_cat":[1403],"product_tag":[],"class_list":{"0":"post-5971","1":"product","2":"type-product","3":"status-publish","4":"has-post-thumbnail","6":"product_cat-sparkling-wines-bubbles","8":"first","9":"instock","10":"shipping-taxable","11":"purchasable","12":"product-type-simple"},"group_of_quantity":9,"min_quantity":9,"max_quantity":"","exclude_order_quantity_value_rules":"no","exclude_category_quantity_rules":"no","combine_variations":"no","yoast_head":"<!-- This site is optimized with the Yoast SEO plugin v26.8 - https:\/\/yoast.com\/product\/yoast-seo-wordpress\/ -->\n<title>Clos la Bulle - Domaine de Maison Blanc<\/title>\n<meta name=\"description\" content=\"A sparkling wine that hasn\u2019t yet been fortified with alcohol, made from grapes grown without artificial additives. Zero additives, zero artificial ingredients. 100% natural.\" \/>\n<meta name=\"robots\" content=\"index, follow, max-snippet:-1, max-image-preview:large, max-video-preview:-1\" \/>\n<link rel=\"canonical\" href=\"http:\/\/www.domainemaisonblanche.ch\/en\/produit\/clos-la-bulle\/\" \/>\n<meta property=\"og:locale\" content=\"en_US\" \/>\n<meta property=\"og:type\" content=\"article\" \/>\n<meta property=\"og:title\" content=\"Winatypic Domaine de Maison Blanche\" \/>\n<meta property=\"og:description\" content=\"Le compagnon de toutes les f\u00eates : Boisson gazeuse, l\u00e9g\u00e8re et agr\u00e9able \u00e0 base de jus de raisin, jus de pommes et vin. Sans sucre ni ar\u00f4mes ajout\u00e9s.\" \/>\n<meta property=\"og:url\" content=\"http:\/\/www.domainemaisonblanche.ch\/en\/produit\/clos-la-bulle\/\" \/>\n<meta property=\"og:site_name\" content=\"Domaine de Maison Blanche\" \/>\n<meta property=\"article:modified_time\" content=\"2026-03-25T15:56:32+00:00\" \/>\n<meta property=\"og:image\" content=\"http:\/\/www.domainemaisonblanche.ch\/wp-content\/uploads\/2021\/09\/winatypic_maison-blanche-.jpg\" \/>\n\t<meta property=\"og:image:width\" content=\"195\" \/>\n\t<meta property=\"og:image:height\" content=\"650\" \/>\n\t<meta property=\"og:image:type\" content=\"image\/jpeg\" \/>\n<meta name=\"twitter:card\" content=\"summary_large_image\" \/>\n<meta name=\"twitter:title\" content=\"Winatypic Domaine de Maison Blanche\" \/>\n<meta name=\"twitter:description\" content=\"Le compagnon de toutes les f\u00eates : Boisson gazeuse, l\u00e9g\u00e8re et agr\u00e9able \u00e0 base de jus de raisin, jus de pommes et vin. Sans sucre ni ar\u00f4mes ajout\u00e9s.\" \/>\n<meta name=\"twitter:label1\" content=\"Est. reading time\" \/>\n\t<meta name=\"twitter:data1\" content=\"1 minute\" \/>\n<script type=\"application\/ld+json\" class=\"yoast-schema-graph\">{\"@context\":\"https:\/\/schema.org\",\"@graph\":[{\"@type\":\"WebPage\",\"@id\":\"http:\/\/www.domainemaisonblanche.ch\/en\/produit\/clos-la-bulle\/\",\"url\":\"http:\/\/www.domainemaisonblanche.ch\/en\/produit\/clos-la-bulle\/\",\"name\":\"Clos la Bulle - Domaine de Maison Blanc\",\"isPartOf\":{\"@id\":\"https:\/\/www.domainemaisonblanche.ch\/#website\"},\"primaryImageOfPage\":{\"@id\":\"http:\/\/www.domainemaisonblanche.ch\/en\/produit\/clos-la-bulle\/#primaryimage\"},\"image\":{\"@id\":\"http:\/\/www.domainemaisonblanche.ch\/en\/produit\/clos-la-bulle\/#primaryimage\"},\"thumbnailUrl\":\"https:\/\/www.domainemaisonblanche.ch\/wp-content\/uploads\/2026\/03\/clos-la-bulle-maison-blanche-75cl.jpg\",\"datePublished\":\"2026-03-21T17:39:45+00:00\",\"dateModified\":\"2026-03-25T15:56:32+00:00\",\"description\":\"A sparkling wine that hasn\u2019t yet been fortified with alcohol, made from grapes grown without artificial additives. Zero additives, zero artificial ingredients. 100% natural.\",\"breadcrumb\":{\"@id\":\"http:\/\/www.domainemaisonblanche.ch\/en\/produit\/clos-la-bulle\/#breadcrumb\"},\"inLanguage\":\"en-US\",\"potentialAction\":[{\"@type\":\"ReadAction\",\"target\":[\"http:\/\/www.domainemaisonblanche.ch\/en\/produit\/clos-la-bulle\/\"]}]},{\"@type\":\"ImageObject\",\"inLanguage\":\"en-US\",\"@id\":\"http:\/\/www.domainemaisonblanche.ch\/en\/produit\/clos-la-bulle\/#primaryimage\",\"url\":\"https:\/\/www.domainemaisonblanche.ch\/wp-content\/uploads\/2026\/03\/clos-la-bulle-maison-blanche-75cl.jpg\",\"contentUrl\":\"https:\/\/www.domainemaisonblanche.ch\/wp-content\/uploads\/2026\/03\/clos-la-bulle-maison-blanche-75cl.jpg\",\"width\":195,\"height\":650,\"caption\":\"Clos la Bulle\"},{\"@type\":\"BreadcrumbList\",\"@id\":\"http:\/\/www.domainemaisonblanche.ch\/en\/produit\/clos-la-bulle\/#breadcrumb\",\"itemListElement\":[{\"@type\":\"ListItem\",\"position\":1,\"name\":\"Accueil\",\"item\":\"https:\/\/www.domainemaisonblanche.ch\/en\/\"},{\"@type\":\"ListItem\",\"position\":2,\"name\":\"Shop\",\"item\":\"https:\/\/www.domainemaisonblanche.ch\/en\/boutique\/\"},{\"@type\":\"ListItem\",\"position\":3,\"name\":\"Clos la Bulle\"}]},{\"@type\":\"WebSite\",\"@id\":\"https:\/\/www.domainemaisonblanche.ch\/#website\",\"url\":\"https:\/\/www.domainemaisonblanche.ch\/\",\"name\":\"Domaine de Maison Blanche\",\"description\":\"Le Chasselas dans tous ses \u00e9tats !\",\"publisher\":{\"@id\":\"https:\/\/www.domainemaisonblanche.ch\/#organization\"},\"potentialAction\":[{\"@type\":\"SearchAction\",\"target\":{\"@type\":\"EntryPoint\",\"urlTemplate\":\"https:\/\/www.domainemaisonblanche.ch\/?s={search_term_string}\"},\"query-input\":{\"@type\":\"PropertyValueSpecification\",\"valueRequired\":true,\"valueName\":\"search_term_string\"}}],\"inLanguage\":\"en-US\"},{\"@type\":\"Organization\",\"@id\":\"https:\/\/www.domainemaisonblanche.ch\/#organization\",\"name\":\"Domaine de Maison Blanche\",\"url\":\"https:\/\/www.domainemaisonblanche.ch\/\",\"logo\":{\"@type\":\"ImageObject\",\"inLanguage\":\"en-US\",\"@id\":\"https:\/\/www.domainemaisonblanche.ch\/#\/schema\/logo\/image\/\",\"url\":\"https:\/\/www.domainemaisonblanche.ch\/wp-content\/uploads\/2019\/03\/logo-maison-blanche.png\",\"contentUrl\":\"https:\/\/www.domainemaisonblanche.ch\/wp-content\/uploads\/2019\/03\/logo-maison-blanche.png\",\"width\":144,\"height\":144,\"caption\":\"Domaine de Maison Blanche\"},\"image\":{\"@id\":\"https:\/\/www.domainemaisonblanche.ch\/#\/schema\/logo\/image\/\"}}]}<\/script>\n<!-- \/ Yoast SEO plugin. -->","yoast_head_json":{"title":"Clos la Bulle - Domaine de Maison Blanc","description":"A sparkling wine that hasn\u2019t yet been fortified with alcohol, made from grapes grown without artificial additives. Zero additives, zero artificial ingredients. 100% natural.","robots":{"index":"index","follow":"follow","max-snippet":"max-snippet:-1","max-image-preview":"max-image-preview:large","max-video-preview":"max-video-preview:-1"},"canonical":"http:\/\/www.domainemaisonblanche.ch\/en\/produit\/clos-la-bulle\/","og_locale":"en_US","og_type":"article","og_title":"Winatypic Domaine de Maison Blanche","og_description":"Le compagnon de toutes les f\u00eates : Boisson gazeuse, l\u00e9g\u00e8re et agr\u00e9able \u00e0 base de jus de raisin, jus de pommes et vin. Sans sucre ni ar\u00f4mes ajout\u00e9s.","og_url":"http:\/\/www.domainemaisonblanche.ch\/en\/produit\/clos-la-bulle\/","og_site_name":"Domaine de Maison Blanche","article_modified_time":"2026-03-25T15:56:32+00:00","og_image":[{"width":195,"height":650,"url":"http:\/\/www.domainemaisonblanche.ch\/wp-content\/uploads\/2021\/09\/winatypic_maison-blanche-.jpg","type":"image\/jpeg"}],"twitter_card":"summary_large_image","twitter_title":"Winatypic Domaine de Maison Blanche","twitter_description":"Le compagnon de toutes les f\u00eates : Boisson gazeuse, l\u00e9g\u00e8re et agr\u00e9able \u00e0 base de jus de raisin, jus de pommes et vin. Sans sucre ni ar\u00f4mes ajout\u00e9s.","twitter_misc":{"Est. reading time":"1 minute"},"schema":{"@context":"https:\/\/schema.org","@graph":[{"@type":"WebPage","@id":"http:\/\/www.domainemaisonblanche.ch\/en\/produit\/clos-la-bulle\/","url":"http:\/\/www.domainemaisonblanche.ch\/en\/produit\/clos-la-bulle\/","name":"Clos la Bulle - Domaine de Maison Blanc","isPartOf":{"@id":"https:\/\/www.domainemaisonblanche.ch\/#website"},"primaryImageOfPage":{"@id":"http:\/\/www.domainemaisonblanche.ch\/en\/produit\/clos-la-bulle\/#primaryimage"},"image":{"@id":"http:\/\/www.domainemaisonblanche.ch\/en\/produit\/clos-la-bulle\/#primaryimage"},"thumbnailUrl":"https:\/\/www.domainemaisonblanche.ch\/wp-content\/uploads\/2026\/03\/clos-la-bulle-maison-blanche-75cl.jpg","datePublished":"2026-03-21T17:39:45+00:00","dateModified":"2026-03-25T15:56:32+00:00","description":"A sparkling wine that hasn\u2019t yet been fortified with alcohol, made from grapes grown without artificial additives. Zero additives, zero artificial ingredients. 100% natural.","breadcrumb":{"@id":"http:\/\/www.domainemaisonblanche.ch\/en\/produit\/clos-la-bulle\/#breadcrumb"},"inLanguage":"en-US","potentialAction":[{"@type":"ReadAction","target":["http:\/\/www.domainemaisonblanche.ch\/en\/produit\/clos-la-bulle\/"]}]},{"@type":"ImageObject","inLanguage":"en-US","@id":"http:\/\/www.domainemaisonblanche.ch\/en\/produit\/clos-la-bulle\/#primaryimage","url":"https:\/\/www.domainemaisonblanche.ch\/wp-content\/uploads\/2026\/03\/clos-la-bulle-maison-blanche-75cl.jpg","contentUrl":"https:\/\/www.domainemaisonblanche.ch\/wp-content\/uploads\/2026\/03\/clos-la-bulle-maison-blanche-75cl.jpg","width":195,"height":650,"caption":"Clos la Bulle"},{"@type":"BreadcrumbList","@id":"http:\/\/www.domainemaisonblanche.ch\/en\/produit\/clos-la-bulle\/#breadcrumb","itemListElement":[{"@type":"ListItem","position":1,"name":"Accueil","item":"https:\/\/www.domainemaisonblanche.ch\/en\/"},{"@type":"ListItem","position":2,"name":"Shop","item":"https:\/\/www.domainemaisonblanche.ch\/en\/boutique\/"},{"@type":"ListItem","position":3,"name":"Clos la Bulle"}]},{"@type":"WebSite","@id":"https:\/\/www.domainemaisonblanche.ch\/#website","url":"https:\/\/www.domainemaisonblanche.ch\/","name":"Domaine de Maison Blanche","description":"Le Chasselas dans tous ses \u00e9tats !","publisher":{"@id":"https:\/\/www.domainemaisonblanche.ch\/#organization"},"potentialAction":[{"@type":"SearchAction","target":{"@type":"EntryPoint","urlTemplate":"https:\/\/www.domainemaisonblanche.ch\/?s={search_term_string}"},"query-input":{"@type":"PropertyValueSpecification","valueRequired":true,"valueName":"search_term_string"}}],"inLanguage":"en-US"},{"@type":"Organization","@id":"https:\/\/www.domainemaisonblanche.ch\/#organization","name":"Domaine de Maison Blanche","url":"https:\/\/www.domainemaisonblanche.ch\/","logo":{"@type":"ImageObject","inLanguage":"en-US","@id":"https:\/\/www.domainemaisonblanche.ch\/#\/schema\/logo\/image\/","url":"https:\/\/www.domainemaisonblanche.ch\/wp-content\/uploads\/2019\/03\/logo-maison-blanche.png","contentUrl":"https:\/\/www.domainemaisonblanche.ch\/wp-content\/uploads\/2019\/03\/logo-maison-blanche.png","width":144,"height":144,"caption":"Domaine de Maison Blanche"},"image":{"@id":"https:\/\/www.domainemaisonblanche.ch\/#\/schema\/logo\/image\/"}}]}},"_links":{"self":[{"href":"https:\/\/www.domainemaisonblanche.ch\/en\/wp-json\/wp\/v2\/product\/5971","targetHints":{"allow":["GET"]}}],"collection":[{"href":"https:\/\/www.domainemaisonblanche.ch\/en\/wp-json\/wp\/v2\/product"}],"about":[{"href":"https:\/\/www.domainemaisonblanche.ch\/en\/wp-json\/wp\/v2\/types\/product"}],"replies":[{"embeddable":true,"href":"https:\/\/www.domainemaisonblanche.ch\/en\/wp-json\/wp\/v2\/comments?post=5971"}],"wp:featuredmedia":[{"embeddable":true,"href":"https:\/\/www.domainemaisonblanche.ch\/en\/wp-json\/wp\/v2\/media\/5973"}],"wp:attachment":[{"href":"https:\/\/www.domainemaisonblanche.ch\/en\/wp-json\/wp\/v2\/media?parent=5971"}],"wp:term":[{"taxonomy":"product_brand","embeddable":true,"href":"https:\/\/www.domainemaisonblanche.ch\/en\/wp-json\/wp\/v2\/product_brand?post=5971"},{"taxonomy":"product_cat","embeddable":true,"href":"https:\/\/www.domainemaisonblanche.ch\/en\/wp-json\/wp\/v2\/product_cat?post=5971"},{"taxonomy":"product_tag","embeddable":true,"href":"https:\/\/www.domainemaisonblanche.ch\/en\/wp-json\/wp\/v2\/product_tag?post=5971"}],"curies":[{"name":"wp","href":"https:\/\/api.w.org\/{rel}","templated":true}]}}