{"id":776,"date":"2018-08-07T02:00:52","date_gmt":"2018-08-07T00:00:52","guid":{"rendered":"https:\/\/www.domainemaisonblanche.ch\/?post_type=product&#038;p=776"},"modified":"2026-03-25T17:05:23","modified_gmt":"2026-03-25T16:05:23","slug":"aoc-mont-rolle-grand-cru-clos-couvent","status":"publish","type":"product","link":"https:\/\/www.domainemaisonblanche.ch\/en\/produit\/aoc-mont-rolle-grand-cru-clos-couvent\/","title":{"rendered":"AOC Mont-sur-Rolle Grand Cru, Clos du Couvent 2015"},"content":{"rendered":"<h2>AOC Mont-sur-Rolle Grand Cru, Clos du Couvent, \u00e9lev\u00e9 sur lies, non filtr\u00e9<\/h2>\n<p>It is so called because the vineyard belonged to the monks of the Abbey of Romainm\u00f4tier, which depended on the Order of Cluny in Burgundy. They cleared the land and turned it into the vineyards as they still exist. It became the property of the old Geneva family Rilliet at the time of the Reformation and stayed in their possession to the present day. This Chasselas wine was selected from old vines in the Clos and matured on lees in wood barrels, to give it its particular rich flavour and aftertaste. The lees is also an excellent support to help the wine age well. This is the reason why we wait a few years before putting it onto the market. Also, in order to preserve its original flavours, it is not filtered. Which means that it will have be to decanted carefully before serving, as a pre-dinner drink or in gastronomy.<br \/>\nWonderfull with asparagus, fine starters, lake fish, cheese.<\/p>\n<p>Ideally serve at 12\u00b0C.<br \/>\nAgeing potential: many years !!!<\/p>\n","protected":false},"excerpt":{"rendered":"<div style=\"margin: 20px 0 5px; padding-bottom: 5px; line-height: 1;\"><a href=\"https:\/\/www.ipsuisse.ch\/fr\/consomateurs-2\/produits\/#toggle-id-9\" target=\"_blank\" rel=\"noopener\"><img decoding=\"async\" class=\"alignleft wp-image-5074 size-full\" title=\"Les produits IP-SUISSE\" src=\"https:\/\/www.domainemaisonblanche.ch\/wp-content\/uploads\/2018\/08\/ip-suisse-domaine-maison-blanche.png\" alt=\"IP SUISSE Domaine de Maison Blanche\" width=\"80\" height=\"80\" srcset=\"https:\/\/www.domainemaisonblanche.ch\/wp-content\/uploads\/2018\/08\/ip-suisse-domaine-maison-blanche.png 200w, https:\/\/www.domainemaisonblanche.ch\/wp-content\/uploads\/2018\/08\/ip-suisse-domaine-maison-blanche-150x150.png 150w, https:\/\/www.domainemaisonblanche.ch\/wp-content\/uploads\/2018\/08\/ip-suisse-domaine-maison-blanche-100x100.png 100w\" sizes=\"(max-width: 80px) 100vw, 80px\" \/><\/a><\/div>\n<p><strong>Wonderfull with asparagus, fine starters, lake fish, cheese.<\/strong><\/p>\n<p>Ideally serve at 12\u00b0C.<br \/>\nAgeing potential: many years !!!<\/p>\n<ul>\n<li>3 bt. 70 cl =\u00a0<strong>CHF 70.50<\/strong>\u00a0(23.50\/bt.)<\/li>\n<\/ul>\n","protected":false},"featured_media":779,"comment_status":"open","ping_status":"closed","template":"","meta":{"_et_pb_use_builder":"","_et_pb_old_content":"","_et_gb_content_width":"","iawp_total_views":37},"product_brand":[],"product_cat":[1402],"product_tag":[],"class_list":{"0":"post-776","1":"product","2":"type-product","3":"status-publish","4":"has-post-thumbnail","6":"product_cat-white-wines","8":"first","9":"instock","10":"shipping-taxable","11":"purchasable","12":"product-type-simple"},"group_of_quantity":3,"min_quantity":3,"max_quantity":"","exclude_order_quantity_value_rules":"no","exclude_category_quantity_rules":"no","combine_variations":"no","yoast_head":"<!-- This site is optimized with the Yoast SEO plugin v26.8 - https:\/\/yoast.com\/product\/yoast-seo-wordpress\/ -->\n<title>AOC Mont-sur-Rolle Grand Cru Clos du Couvent<\/title>\n<meta name=\"description\" content=\"It is so called because the vineyard belonged to the monks of the Abbey of Romainm\u00f4tier, which depended on the Order of Cluny in Burgundy. They cleared the land and turned it into the vineyards as they still exist.\" \/>\n<meta name=\"robots\" content=\"index, follow, max-snippet:-1, max-image-preview:large, max-video-preview:-1\" \/>\n<link rel=\"canonical\" href=\"https:\/\/www.domainemaisonblanche.ch\/en\/produit\/aoc-mont-rolle-grand-cru-clos-couvent\/\" \/>\n<meta property=\"og:locale\" content=\"en_US\" \/>\n<meta property=\"og:type\" content=\"article\" \/>\n<meta property=\"og:title\" content=\"AOC Mont-sur-Rolle Grand Cru Clos du Couvent\" \/>\n<meta property=\"og:description\" content=\"It is so called because the vineyard belonged to the monks of the Abbey of Romainm\u00f4tier, which depended on the Order of Cluny in Burgundy. They cleared the land and turned it into the vineyards as they still exist.\" \/>\n<meta property=\"og:url\" content=\"https:\/\/www.domainemaisonblanche.ch\/en\/produit\/aoc-mont-rolle-grand-cru-clos-couvent\/\" \/>\n<meta property=\"og:site_name\" content=\"Domaine de Maison Blanche\" \/>\n<meta property=\"article:modified_time\" content=\"2026-03-25T16:05:23+00:00\" \/>\n<meta property=\"og:image\" content=\"http:\/\/www.domainemaisonblanche.ch\/wp-content\/uploads\/2018\/08\/clos-du-couvent-maison-blanche-70cl.jpg\" \/>\n\t<meta property=\"og:image:width\" content=\"195\" \/>\n\t<meta property=\"og:image:height\" content=\"650\" \/>\n\t<meta property=\"og:image:type\" content=\"image\/jpeg\" \/>\n<meta name=\"twitter:card\" content=\"summary_large_image\" \/>\n<meta name=\"twitter:label1\" content=\"Est. reading time\" \/>\n\t<meta name=\"twitter:data1\" content=\"2 minutes\" \/>\n<script type=\"application\/ld+json\" class=\"yoast-schema-graph\">{\"@context\":\"https:\/\/schema.org\",\"@graph\":[{\"@type\":\"WebPage\",\"@id\":\"https:\/\/www.domainemaisonblanche.ch\/en\/produit\/aoc-mont-rolle-grand-cru-clos-couvent\/\",\"url\":\"https:\/\/www.domainemaisonblanche.ch\/en\/produit\/aoc-mont-rolle-grand-cru-clos-couvent\/\",\"name\":\"AOC Mont-sur-Rolle Grand Cru Clos du Couvent\",\"isPartOf\":{\"@id\":\"https:\/\/www.domainemaisonblanche.ch\/#website\"},\"primaryImageOfPage\":{\"@id\":\"https:\/\/www.domainemaisonblanche.ch\/en\/produit\/aoc-mont-rolle-grand-cru-clos-couvent\/#primaryimage\"},\"image\":{\"@id\":\"https:\/\/www.domainemaisonblanche.ch\/en\/produit\/aoc-mont-rolle-grand-cru-clos-couvent\/#primaryimage\"},\"thumbnailUrl\":\"https:\/\/www.domainemaisonblanche.ch\/wp-content\/uploads\/2018\/08\/clos-du-couvent-maison-blanche-70cl.jpg\",\"datePublished\":\"2018-08-07T00:00:52+00:00\",\"dateModified\":\"2026-03-25T16:05:23+00:00\",\"description\":\"It is so called because the vineyard belonged to the monks of the Abbey of Romainm\u00f4tier, which depended on the Order of Cluny in Burgundy. They cleared the land and turned it into the vineyards as they still exist.\",\"breadcrumb\":{\"@id\":\"https:\/\/www.domainemaisonblanche.ch\/en\/produit\/aoc-mont-rolle-grand-cru-clos-couvent\/#breadcrumb\"},\"inLanguage\":\"en-US\",\"potentialAction\":[{\"@type\":\"ReadAction\",\"target\":[\"https:\/\/www.domainemaisonblanche.ch\/en\/produit\/aoc-mont-rolle-grand-cru-clos-couvent\/\"]}]},{\"@type\":\"ImageObject\",\"inLanguage\":\"en-US\",\"@id\":\"https:\/\/www.domainemaisonblanche.ch\/en\/produit\/aoc-mont-rolle-grand-cru-clos-couvent\/#primaryimage\",\"url\":\"https:\/\/www.domainemaisonblanche.ch\/wp-content\/uploads\/2018\/08\/clos-du-couvent-maison-blanche-70cl.jpg\",\"contentUrl\":\"https:\/\/www.domainemaisonblanche.ch\/wp-content\/uploads\/2018\/08\/clos-du-couvent-maison-blanche-70cl.jpg\",\"width\":195,\"height\":650,\"caption\":\"clos-du-couvent-maison-blanche-70cl\"},{\"@type\":\"BreadcrumbList\",\"@id\":\"https:\/\/www.domainemaisonblanche.ch\/en\/produit\/aoc-mont-rolle-grand-cru-clos-couvent\/#breadcrumb\",\"itemListElement\":[{\"@type\":\"ListItem\",\"position\":1,\"name\":\"Accueil\",\"item\":\"https:\/\/www.domainemaisonblanche.ch\/en\/\"},{\"@type\":\"ListItem\",\"position\":2,\"name\":\"Shop\",\"item\":\"https:\/\/www.domainemaisonblanche.ch\/en\/boutique\/\"},{\"@type\":\"ListItem\",\"position\":3,\"name\":\"AOC Mont-sur-Rolle Grand Cru, Clos du Couvent 2015\"}]},{\"@type\":\"WebSite\",\"@id\":\"https:\/\/www.domainemaisonblanche.ch\/#website\",\"url\":\"https:\/\/www.domainemaisonblanche.ch\/\",\"name\":\"Domaine de Maison Blanche\",\"description\":\"Le Chasselas dans tous ses \u00e9tats !\",\"publisher\":{\"@id\":\"https:\/\/www.domainemaisonblanche.ch\/#organization\"},\"potentialAction\":[{\"@type\":\"SearchAction\",\"target\":{\"@type\":\"EntryPoint\",\"urlTemplate\":\"https:\/\/www.domainemaisonblanche.ch\/?s={search_term_string}\"},\"query-input\":{\"@type\":\"PropertyValueSpecification\",\"valueRequired\":true,\"valueName\":\"search_term_string\"}}],\"inLanguage\":\"en-US\"},{\"@type\":\"Organization\",\"@id\":\"https:\/\/www.domainemaisonblanche.ch\/#organization\",\"name\":\"Domaine de Maison Blanche\",\"url\":\"https:\/\/www.domainemaisonblanche.ch\/\",\"logo\":{\"@type\":\"ImageObject\",\"inLanguage\":\"en-US\",\"@id\":\"https:\/\/www.domainemaisonblanche.ch\/#\/schema\/logo\/image\/\",\"url\":\"https:\/\/www.domainemaisonblanche.ch\/wp-content\/uploads\/2019\/03\/logo-maison-blanche.png\",\"contentUrl\":\"https:\/\/www.domainemaisonblanche.ch\/wp-content\/uploads\/2019\/03\/logo-maison-blanche.png\",\"width\":144,\"height\":144,\"caption\":\"Domaine de Maison Blanche\"},\"image\":{\"@id\":\"https:\/\/www.domainemaisonblanche.ch\/#\/schema\/logo\/image\/\"}}]}<\/script>\n<!-- \/ Yoast SEO plugin. -->","yoast_head_json":{"title":"AOC Mont-sur-Rolle Grand Cru Clos du Couvent","description":"It is so called because the vineyard belonged to the monks of the Abbey of Romainm\u00f4tier, which depended on the Order of Cluny in Burgundy. They cleared the land and turned it into the vineyards as they still exist.","robots":{"index":"index","follow":"follow","max-snippet":"max-snippet:-1","max-image-preview":"max-image-preview:large","max-video-preview":"max-video-preview:-1"},"canonical":"https:\/\/www.domainemaisonblanche.ch\/en\/produit\/aoc-mont-rolle-grand-cru-clos-couvent\/","og_locale":"en_US","og_type":"article","og_title":"AOC Mont-sur-Rolle Grand Cru Clos du Couvent","og_description":"It is so called because the vineyard belonged to the monks of the Abbey of Romainm\u00f4tier, which depended on the Order of Cluny in Burgundy. They cleared the land and turned it into the vineyards as they still exist.","og_url":"https:\/\/www.domainemaisonblanche.ch\/en\/produit\/aoc-mont-rolle-grand-cru-clos-couvent\/","og_site_name":"Domaine de Maison Blanche","article_modified_time":"2026-03-25T16:05:23+00:00","og_image":[{"width":195,"height":650,"url":"http:\/\/www.domainemaisonblanche.ch\/wp-content\/uploads\/2018\/08\/clos-du-couvent-maison-blanche-70cl.jpg","type":"image\/jpeg"}],"twitter_card":"summary_large_image","twitter_misc":{"Est. reading time":"2 minutes"},"schema":{"@context":"https:\/\/schema.org","@graph":[{"@type":"WebPage","@id":"https:\/\/www.domainemaisonblanche.ch\/en\/produit\/aoc-mont-rolle-grand-cru-clos-couvent\/","url":"https:\/\/www.domainemaisonblanche.ch\/en\/produit\/aoc-mont-rolle-grand-cru-clos-couvent\/","name":"AOC Mont-sur-Rolle Grand Cru Clos du Couvent","isPartOf":{"@id":"https:\/\/www.domainemaisonblanche.ch\/#website"},"primaryImageOfPage":{"@id":"https:\/\/www.domainemaisonblanche.ch\/en\/produit\/aoc-mont-rolle-grand-cru-clos-couvent\/#primaryimage"},"image":{"@id":"https:\/\/www.domainemaisonblanche.ch\/en\/produit\/aoc-mont-rolle-grand-cru-clos-couvent\/#primaryimage"},"thumbnailUrl":"https:\/\/www.domainemaisonblanche.ch\/wp-content\/uploads\/2018\/08\/clos-du-couvent-maison-blanche-70cl.jpg","datePublished":"2018-08-07T00:00:52+00:00","dateModified":"2026-03-25T16:05:23+00:00","description":"It is so called because the vineyard belonged to the monks of the Abbey of Romainm\u00f4tier, which depended on the Order of Cluny in Burgundy. They cleared the land and turned it into the vineyards as they still exist.","breadcrumb":{"@id":"https:\/\/www.domainemaisonblanche.ch\/en\/produit\/aoc-mont-rolle-grand-cru-clos-couvent\/#breadcrumb"},"inLanguage":"en-US","potentialAction":[{"@type":"ReadAction","target":["https:\/\/www.domainemaisonblanche.ch\/en\/produit\/aoc-mont-rolle-grand-cru-clos-couvent\/"]}]},{"@type":"ImageObject","inLanguage":"en-US","@id":"https:\/\/www.domainemaisonblanche.ch\/en\/produit\/aoc-mont-rolle-grand-cru-clos-couvent\/#primaryimage","url":"https:\/\/www.domainemaisonblanche.ch\/wp-content\/uploads\/2018\/08\/clos-du-couvent-maison-blanche-70cl.jpg","contentUrl":"https:\/\/www.domainemaisonblanche.ch\/wp-content\/uploads\/2018\/08\/clos-du-couvent-maison-blanche-70cl.jpg","width":195,"height":650,"caption":"clos-du-couvent-maison-blanche-70cl"},{"@type":"BreadcrumbList","@id":"https:\/\/www.domainemaisonblanche.ch\/en\/produit\/aoc-mont-rolle-grand-cru-clos-couvent\/#breadcrumb","itemListElement":[{"@type":"ListItem","position":1,"name":"Accueil","item":"https:\/\/www.domainemaisonblanche.ch\/en\/"},{"@type":"ListItem","position":2,"name":"Shop","item":"https:\/\/www.domainemaisonblanche.ch\/en\/boutique\/"},{"@type":"ListItem","position":3,"name":"AOC Mont-sur-Rolle Grand Cru, Clos du Couvent 2015"}]},{"@type":"WebSite","@id":"https:\/\/www.domainemaisonblanche.ch\/#website","url":"https:\/\/www.domainemaisonblanche.ch\/","name":"Domaine de Maison Blanche","description":"Le Chasselas dans tous ses \u00e9tats !","publisher":{"@id":"https:\/\/www.domainemaisonblanche.ch\/#organization"},"potentialAction":[{"@type":"SearchAction","target":{"@type":"EntryPoint","urlTemplate":"https:\/\/www.domainemaisonblanche.ch\/?s={search_term_string}"},"query-input":{"@type":"PropertyValueSpecification","valueRequired":true,"valueName":"search_term_string"}}],"inLanguage":"en-US"},{"@type":"Organization","@id":"https:\/\/www.domainemaisonblanche.ch\/#organization","name":"Domaine de Maison Blanche","url":"https:\/\/www.domainemaisonblanche.ch\/","logo":{"@type":"ImageObject","inLanguage":"en-US","@id":"https:\/\/www.domainemaisonblanche.ch\/#\/schema\/logo\/image\/","url":"https:\/\/www.domainemaisonblanche.ch\/wp-content\/uploads\/2019\/03\/logo-maison-blanche.png","contentUrl":"https:\/\/www.domainemaisonblanche.ch\/wp-content\/uploads\/2019\/03\/logo-maison-blanche.png","width":144,"height":144,"caption":"Domaine de Maison Blanche"},"image":{"@id":"https:\/\/www.domainemaisonblanche.ch\/#\/schema\/logo\/image\/"}}]}},"_links":{"self":[{"href":"https:\/\/www.domainemaisonblanche.ch\/en\/wp-json\/wp\/v2\/product\/776","targetHints":{"allow":["GET"]}}],"collection":[{"href":"https:\/\/www.domainemaisonblanche.ch\/en\/wp-json\/wp\/v2\/product"}],"about":[{"href":"https:\/\/www.domainemaisonblanche.ch\/en\/wp-json\/wp\/v2\/types\/product"}],"replies":[{"embeddable":true,"href":"https:\/\/www.domainemaisonblanche.ch\/en\/wp-json\/wp\/v2\/comments?post=776"}],"wp:featuredmedia":[{"embeddable":true,"href":"https:\/\/www.domainemaisonblanche.ch\/en\/wp-json\/wp\/v2\/media\/779"}],"wp:attachment":[{"href":"https:\/\/www.domainemaisonblanche.ch\/en\/wp-json\/wp\/v2\/media?parent=776"}],"wp:term":[{"taxonomy":"product_brand","embeddable":true,"href":"https:\/\/www.domainemaisonblanche.ch\/en\/wp-json\/wp\/v2\/product_brand?post=776"},{"taxonomy":"product_cat","embeddable":true,"href":"https:\/\/www.domainemaisonblanche.ch\/en\/wp-json\/wp\/v2\/product_cat?post=776"},{"taxonomy":"product_tag","embeddable":true,"href":"https:\/\/www.domainemaisonblanche.ch\/en\/wp-json\/wp\/v2\/product_tag?post=776"}],"curies":[{"name":"wp","href":"https:\/\/api.w.org\/{rel}","templated":true}]}}