{"id":847,"date":"2018-08-08T08:00:53","date_gmt":"2018-08-08T06:00:53","guid":{"rendered":"https:\/\/www.domainemaisonblanche.ch\/produit\/aoc-mont-rolle-grand-cru-viognier-doux\/"},"modified":"2026-03-25T17:09:11","modified_gmt":"2026-03-25T16:09:11","slug":"aoc-mont-rolle-grand-cru-viognier-doux","status":"publish","type":"product","link":"https:\/\/www.domainemaisonblanche.ch\/en\/produit\/aoc-mont-rolle-grand-cru-viognier-doux\/","title":{"rendered":"AOC Mont-sur-Rolle Grand Cru, Viognier doux 2024"},"content":{"rendered":"<h2>AOC Mont-sur-Rolle Grand Cru, Viognier doux.<\/h2>\n<p>This sweet Viognier is obtained in the same way the famous German eiswein is obtained. That is the grapes are pressed frozen to extract the sugar. (The ice is retained as sugar thaws faster than water). So you get a sweet juice (must) of a very high sugar content, as well as a bouquet with the nose of peaches and apricots typical of the Viognier, but confected.<br \/>\nIts natural high acidity makes it ideal in gastronomy with foie gras, strong cheeses and desserts. Or why not, as a still witness of a special moment such as a romantic t\u00eate-\u00e0-t\u00eate&#8230;<\/p>\n<p>To be served at a temperature of 9\/10\u00b0C<br \/>\nIt will age for a very long time.<\/p>\n","protected":false},"excerpt":{"rendered":"<div style=\"margin: 20px 0 -15px; padding-bottom: 5px; line-height: 1;\"><a href=\"https:\/\/agriculture.ec.europa.eu\/farming\/organic-farming\/organic-logo_fr\" target=\"_blank\" rel=\"noopener\"><img decoding=\"async\" class=\"size-full wp-image-5077 alignleft\" src=\"https:\/\/www.domainemaisonblanche.ch\/wp-content\/uploads\/2018\/08\/label-bio-union-europeenne-domaine-maison-blanche.png\" alt=\"Logo biologique de l'UE Domaine de Maison Blanche\" width=\"80\" height=\"53\" \/><\/a><\/div>\n<p><strong>Its natural high acidity makes it ideal in gastronomy with foie gras, strong cheeses and desserts. Or why not, as a still witness of a special moment such as a romantic t\u00eate-\u00e0-t\u00eate&#8230;<\/strong><\/p>\n<p>To be served at a temperature of 9\/10\u00b0C<br \/>\nIt will age for a very long time.<\/p>\n<ul>\n<li>1 bt. 37.5 cl =\u00a0<strong>CHF 27.60<\/strong> (piece)<\/li>\n<\/ul>\n","protected":false},"featured_media":906,"comment_status":"open","ping_status":"closed","template":"","meta":{"_et_pb_use_builder":"","_et_pb_old_content":"","_et_gb_content_width":"","iawp_total_views":8},"product_brand":[],"product_cat":[1400],"product_tag":[],"class_list":{"0":"post-847","1":"product","2":"type-product","3":"status-publish","4":"has-post-thumbnail","6":"product_cat-sweet-oxidative","8":"first","9":"instock","10":"shipping-taxable","11":"purchasable","12":"product-type-simple"},"group_of_quantity":0,"min_quantity":0,"max_quantity":"","exclude_order_quantity_value_rules":"no","exclude_category_quantity_rules":"no","combine_variations":"no","yoast_head":"<!-- This site is optimized with the Yoast SEO plugin v26.8 - https:\/\/yoast.com\/product\/yoast-seo-wordpress\/ -->\n<title>Mont-sur-Rolle Grand Cru Viognier doux<\/title>\n<meta name=\"description\" content=\"This sweet Viognier is obtained in the same way the famous German eiswein is obtained. That is the grapes are pressed frozen to extract the sugar. (The ice is retained as sugar thaws faster than water).\" \/>\n<meta name=\"robots\" content=\"index, follow, max-snippet:-1, max-image-preview:large, max-video-preview:-1\" \/>\n<link rel=\"canonical\" href=\"https:\/\/www.domainemaisonblanche.ch\/en\/produit\/aoc-mont-rolle-grand-cru-viognier-doux\/\" \/>\n<meta property=\"og:locale\" content=\"en_US\" \/>\n<meta property=\"og:type\" content=\"article\" \/>\n<meta property=\"og:title\" content=\"Mont-sur-Rolle Grand Cru Viognier doux\" \/>\n<meta property=\"og:description\" content=\"This sweet Viognier is obtained in the same way the famous German eiswein is obtained. That is the grapes are pressed frozen to extract the sugar. (The ice is retained as sugar thaws faster than water).\" \/>\n<meta property=\"og:url\" content=\"https:\/\/www.domainemaisonblanche.ch\/en\/produit\/aoc-mont-rolle-grand-cru-viognier-doux\/\" \/>\n<meta property=\"og:site_name\" content=\"Domaine de Maison Blanche\" \/>\n<meta property=\"article:modified_time\" content=\"2026-03-25T16:09:11+00:00\" \/>\n<meta property=\"og:image\" content=\"http:\/\/www.domainemaisonblanche.ch\/wp-content\/uploads\/2018\/08\/viognier-doux-maison-blanche-75cl.jpg\" \/>\n\t<meta property=\"og:image:width\" content=\"195\" \/>\n\t<meta property=\"og:image:height\" content=\"650\" \/>\n\t<meta property=\"og:image:type\" content=\"image\/jpeg\" \/>\n<meta name=\"twitter:card\" content=\"summary_large_image\" \/>\n<meta name=\"twitter:label1\" content=\"Est. reading time\" \/>\n\t<meta name=\"twitter:data1\" content=\"1 minute\" \/>\n<script type=\"application\/ld+json\" class=\"yoast-schema-graph\">{\"@context\":\"https:\/\/schema.org\",\"@graph\":[{\"@type\":\"WebPage\",\"@id\":\"https:\/\/www.domainemaisonblanche.ch\/en\/produit\/aoc-mont-rolle-grand-cru-viognier-doux\/\",\"url\":\"https:\/\/www.domainemaisonblanche.ch\/en\/produit\/aoc-mont-rolle-grand-cru-viognier-doux\/\",\"name\":\"Mont-sur-Rolle Grand Cru Viognier doux\",\"isPartOf\":{\"@id\":\"https:\/\/www.domainemaisonblanche.ch\/#website\"},\"primaryImageOfPage\":{\"@id\":\"https:\/\/www.domainemaisonblanche.ch\/en\/produit\/aoc-mont-rolle-grand-cru-viognier-doux\/#primaryimage\"},\"image\":{\"@id\":\"https:\/\/www.domainemaisonblanche.ch\/en\/produit\/aoc-mont-rolle-grand-cru-viognier-doux\/#primaryimage\"},\"thumbnailUrl\":\"https:\/\/www.domainemaisonblanche.ch\/wp-content\/uploads\/2018\/08\/viognier-doux-maison-blanche-75cl.jpg\",\"datePublished\":\"2018-08-08T06:00:53+00:00\",\"dateModified\":\"2026-03-25T16:09:11+00:00\",\"description\":\"This sweet Viognier is obtained in the same way the famous German eiswein is obtained. That is the grapes are pressed frozen to extract the sugar. (The ice is retained as sugar thaws faster than water).\",\"breadcrumb\":{\"@id\":\"https:\/\/www.domainemaisonblanche.ch\/en\/produit\/aoc-mont-rolle-grand-cru-viognier-doux\/#breadcrumb\"},\"inLanguage\":\"en-US\",\"potentialAction\":[{\"@type\":\"ReadAction\",\"target\":[\"https:\/\/www.domainemaisonblanche.ch\/en\/produit\/aoc-mont-rolle-grand-cru-viognier-doux\/\"]}]},{\"@type\":\"ImageObject\",\"inLanguage\":\"en-US\",\"@id\":\"https:\/\/www.domainemaisonblanche.ch\/en\/produit\/aoc-mont-rolle-grand-cru-viognier-doux\/#primaryimage\",\"url\":\"https:\/\/www.domainemaisonblanche.ch\/wp-content\/uploads\/2018\/08\/viognier-doux-maison-blanche-75cl.jpg\",\"contentUrl\":\"https:\/\/www.domainemaisonblanche.ch\/wp-content\/uploads\/2018\/08\/viognier-doux-maison-blanche-75cl.jpg\",\"width\":195,\"height\":650,\"caption\":\"viognier-doux-maison-blanche-75cl\"},{\"@type\":\"BreadcrumbList\",\"@id\":\"https:\/\/www.domainemaisonblanche.ch\/en\/produit\/aoc-mont-rolle-grand-cru-viognier-doux\/#breadcrumb\",\"itemListElement\":[{\"@type\":\"ListItem\",\"position\":1,\"name\":\"Accueil\",\"item\":\"https:\/\/www.domainemaisonblanche.ch\/en\/\"},{\"@type\":\"ListItem\",\"position\":2,\"name\":\"Shop\",\"item\":\"https:\/\/www.domainemaisonblanche.ch\/en\/boutique\/\"},{\"@type\":\"ListItem\",\"position\":3,\"name\":\"AOC Mont-sur-Rolle Grand Cru, Viognier doux 2024\"}]},{\"@type\":\"WebSite\",\"@id\":\"https:\/\/www.domainemaisonblanche.ch\/#website\",\"url\":\"https:\/\/www.domainemaisonblanche.ch\/\",\"name\":\"Domaine de Maison Blanche\",\"description\":\"Le Chasselas dans tous ses \u00e9tats !\",\"publisher\":{\"@id\":\"https:\/\/www.domainemaisonblanche.ch\/#organization\"},\"potentialAction\":[{\"@type\":\"SearchAction\",\"target\":{\"@type\":\"EntryPoint\",\"urlTemplate\":\"https:\/\/www.domainemaisonblanche.ch\/?s={search_term_string}\"},\"query-input\":{\"@type\":\"PropertyValueSpecification\",\"valueRequired\":true,\"valueName\":\"search_term_string\"}}],\"inLanguage\":\"en-US\"},{\"@type\":\"Organization\",\"@id\":\"https:\/\/www.domainemaisonblanche.ch\/#organization\",\"name\":\"Domaine de Maison Blanche\",\"url\":\"https:\/\/www.domainemaisonblanche.ch\/\",\"logo\":{\"@type\":\"ImageObject\",\"inLanguage\":\"en-US\",\"@id\":\"https:\/\/www.domainemaisonblanche.ch\/#\/schema\/logo\/image\/\",\"url\":\"https:\/\/www.domainemaisonblanche.ch\/wp-content\/uploads\/2019\/03\/logo-maison-blanche.png\",\"contentUrl\":\"https:\/\/www.domainemaisonblanche.ch\/wp-content\/uploads\/2019\/03\/logo-maison-blanche.png\",\"width\":144,\"height\":144,\"caption\":\"Domaine de Maison Blanche\"},\"image\":{\"@id\":\"https:\/\/www.domainemaisonblanche.ch\/#\/schema\/logo\/image\/\"}}]}<\/script>\n<!-- \/ Yoast SEO plugin. -->","yoast_head_json":{"title":"Mont-sur-Rolle Grand Cru Viognier doux","description":"This sweet Viognier is obtained in the same way the famous German eiswein is obtained. That is the grapes are pressed frozen to extract the sugar. (The ice is retained as sugar thaws faster than water).","robots":{"index":"index","follow":"follow","max-snippet":"max-snippet:-1","max-image-preview":"max-image-preview:large","max-video-preview":"max-video-preview:-1"},"canonical":"https:\/\/www.domainemaisonblanche.ch\/en\/produit\/aoc-mont-rolle-grand-cru-viognier-doux\/","og_locale":"en_US","og_type":"article","og_title":"Mont-sur-Rolle Grand Cru Viognier doux","og_description":"This sweet Viognier is obtained in the same way the famous German eiswein is obtained. That is the grapes are pressed frozen to extract the sugar. (The ice is retained as sugar thaws faster than water).","og_url":"https:\/\/www.domainemaisonblanche.ch\/en\/produit\/aoc-mont-rolle-grand-cru-viognier-doux\/","og_site_name":"Domaine de Maison Blanche","article_modified_time":"2026-03-25T16:09:11+00:00","og_image":[{"width":195,"height":650,"url":"http:\/\/www.domainemaisonblanche.ch\/wp-content\/uploads\/2018\/08\/viognier-doux-maison-blanche-75cl.jpg","type":"image\/jpeg"}],"twitter_card":"summary_large_image","twitter_misc":{"Est. reading time":"1 minute"},"schema":{"@context":"https:\/\/schema.org","@graph":[{"@type":"WebPage","@id":"https:\/\/www.domainemaisonblanche.ch\/en\/produit\/aoc-mont-rolle-grand-cru-viognier-doux\/","url":"https:\/\/www.domainemaisonblanche.ch\/en\/produit\/aoc-mont-rolle-grand-cru-viognier-doux\/","name":"Mont-sur-Rolle Grand Cru Viognier doux","isPartOf":{"@id":"https:\/\/www.domainemaisonblanche.ch\/#website"},"primaryImageOfPage":{"@id":"https:\/\/www.domainemaisonblanche.ch\/en\/produit\/aoc-mont-rolle-grand-cru-viognier-doux\/#primaryimage"},"image":{"@id":"https:\/\/www.domainemaisonblanche.ch\/en\/produit\/aoc-mont-rolle-grand-cru-viognier-doux\/#primaryimage"},"thumbnailUrl":"https:\/\/www.domainemaisonblanche.ch\/wp-content\/uploads\/2018\/08\/viognier-doux-maison-blanche-75cl.jpg","datePublished":"2018-08-08T06:00:53+00:00","dateModified":"2026-03-25T16:09:11+00:00","description":"This sweet Viognier is obtained in the same way the famous German eiswein is obtained. That is the grapes are pressed frozen to extract the sugar. (The ice is retained as sugar thaws faster than water).","breadcrumb":{"@id":"https:\/\/www.domainemaisonblanche.ch\/en\/produit\/aoc-mont-rolle-grand-cru-viognier-doux\/#breadcrumb"},"inLanguage":"en-US","potentialAction":[{"@type":"ReadAction","target":["https:\/\/www.domainemaisonblanche.ch\/en\/produit\/aoc-mont-rolle-grand-cru-viognier-doux\/"]}]},{"@type":"ImageObject","inLanguage":"en-US","@id":"https:\/\/www.domainemaisonblanche.ch\/en\/produit\/aoc-mont-rolle-grand-cru-viognier-doux\/#primaryimage","url":"https:\/\/www.domainemaisonblanche.ch\/wp-content\/uploads\/2018\/08\/viognier-doux-maison-blanche-75cl.jpg","contentUrl":"https:\/\/www.domainemaisonblanche.ch\/wp-content\/uploads\/2018\/08\/viognier-doux-maison-blanche-75cl.jpg","width":195,"height":650,"caption":"viognier-doux-maison-blanche-75cl"},{"@type":"BreadcrumbList","@id":"https:\/\/www.domainemaisonblanche.ch\/en\/produit\/aoc-mont-rolle-grand-cru-viognier-doux\/#breadcrumb","itemListElement":[{"@type":"ListItem","position":1,"name":"Accueil","item":"https:\/\/www.domainemaisonblanche.ch\/en\/"},{"@type":"ListItem","position":2,"name":"Shop","item":"https:\/\/www.domainemaisonblanche.ch\/en\/boutique\/"},{"@type":"ListItem","position":3,"name":"AOC Mont-sur-Rolle Grand Cru, Viognier doux 2024"}]},{"@type":"WebSite","@id":"https:\/\/www.domainemaisonblanche.ch\/#website","url":"https:\/\/www.domainemaisonblanche.ch\/","name":"Domaine de Maison Blanche","description":"Le Chasselas dans tous ses \u00e9tats !","publisher":{"@id":"https:\/\/www.domainemaisonblanche.ch\/#organization"},"potentialAction":[{"@type":"SearchAction","target":{"@type":"EntryPoint","urlTemplate":"https:\/\/www.domainemaisonblanche.ch\/?s={search_term_string}"},"query-input":{"@type":"PropertyValueSpecification","valueRequired":true,"valueName":"search_term_string"}}],"inLanguage":"en-US"},{"@type":"Organization","@id":"https:\/\/www.domainemaisonblanche.ch\/#organization","name":"Domaine de Maison Blanche","url":"https:\/\/www.domainemaisonblanche.ch\/","logo":{"@type":"ImageObject","inLanguage":"en-US","@id":"https:\/\/www.domainemaisonblanche.ch\/#\/schema\/logo\/image\/","url":"https:\/\/www.domainemaisonblanche.ch\/wp-content\/uploads\/2019\/03\/logo-maison-blanche.png","contentUrl":"https:\/\/www.domainemaisonblanche.ch\/wp-content\/uploads\/2019\/03\/logo-maison-blanche.png","width":144,"height":144,"caption":"Domaine de Maison Blanche"},"image":{"@id":"https:\/\/www.domainemaisonblanche.ch\/#\/schema\/logo\/image\/"}}]}},"_links":{"self":[{"href":"https:\/\/www.domainemaisonblanche.ch\/en\/wp-json\/wp\/v2\/product\/847","targetHints":{"allow":["GET"]}}],"collection":[{"href":"https:\/\/www.domainemaisonblanche.ch\/en\/wp-json\/wp\/v2\/product"}],"about":[{"href":"https:\/\/www.domainemaisonblanche.ch\/en\/wp-json\/wp\/v2\/types\/product"}],"replies":[{"embeddable":true,"href":"https:\/\/www.domainemaisonblanche.ch\/en\/wp-json\/wp\/v2\/comments?post=847"}],"wp:featuredmedia":[{"embeddable":true,"href":"https:\/\/www.domainemaisonblanche.ch\/en\/wp-json\/wp\/v2\/media\/906"}],"wp:attachment":[{"href":"https:\/\/www.domainemaisonblanche.ch\/en\/wp-json\/wp\/v2\/media?parent=847"}],"wp:term":[{"taxonomy":"product_brand","embeddable":true,"href":"https:\/\/www.domainemaisonblanche.ch\/en\/wp-json\/wp\/v2\/product_brand?post=847"},{"taxonomy":"product_cat","embeddable":true,"href":"https:\/\/www.domainemaisonblanche.ch\/en\/wp-json\/wp\/v2\/product_cat?post=847"},{"taxonomy":"product_tag","embeddable":true,"href":"https:\/\/www.domainemaisonblanche.ch\/en\/wp-json\/wp\/v2\/product_tag?post=847"}],"curies":[{"name":"wp","href":"https:\/\/api.w.org\/{rel}","templated":true}]}}